{"id":6457,"date":"2025-11-17T17:53:46","date_gmt":"2025-11-17T17:53:46","guid":{"rendered":"https:\/\/sakoplan.pl\/?post_type=product&#038;p=6457"},"modified":"2025-11-17T17:55:56","modified_gmt":"2025-11-17T17:55:56","slug":"pasek-zapieciowy-15x3","status":"publish","type":"product","link":"https:\/\/sakoplan.pl\/de\/produkt\/pasek-zapieciowy-15x3\/","title":{"rendered":"Pasek zapi\u0119ciowy 15&#215;3"},"content":{"rendered":"<p>Pasek do mocowania plandek zapi\u0119ciowy o wymiarach 15&#215;3 mm charakteryzuje si\u0119 dobr\u0105 odporno\u015bci\u0105 na warunki atmosferyczne.<\/p>","protected":false},"excerpt":{"rendered":"<p>Pasek do mocowania plandek zapi\u0119ciowy o wymiarach 15&#215;3 mm charakteryzuje si\u0119 dobr\u0105 odporno\u015bci\u0105 na warunki atmosferyczne.<\/p>","protected":false},"featured_media":6458,"template":"","meta":{"_acf_changed":false},"product_cat":[593],"product_tag":[],"class_list":{"0":"post-6457","1":"product","2":"type-product","3":"status-publish","4":"has-post-thumbnail","6":"product_cat-pasy","8":"first","9":"instock","10":"taxable","11":"shipping-taxable","12":"purchasable","13":"product-type-variable","swatches":"rey-swatches","show_selected":""},"acf":[],"_links":{"self":[{"href":"https:\/\/sakoplan.pl\/de\/wp-json\/wp\/v2\/product\/6457","targetHints":{"allow":["GET"]}}],"collection":[{"href":"https:\/\/sakoplan.pl\/de\/wp-json\/wp\/v2\/product"}],"about":[{"href":"https:\/\/sakoplan.pl\/de\/wp-json\/wp\/v2\/types\/product"}],"version-history":[{"count":0,"href":"https:\/\/sakoplan.pl\/de\/wp-json\/wp\/v2\/product\/6457\/revisions"}],"wp:featuredmedia":[{"embeddable":true,"href":"https:\/\/sakoplan.pl\/de\/wp-json\/wp\/v2\/media\/6458"}],"wp:attachment":[{"href":"https:\/\/sakoplan.pl\/de\/wp-json\/wp\/v2\/media?parent=6457"}],"wp:term":[{"taxonomy":"product_cat","embeddable":true,"href":"https:\/\/sakoplan.pl\/de\/wp-json\/wp\/v2\/product_cat?post=6457"},{"taxonomy":"product_tag","embeddable":true,"href":"https:\/\/sakoplan.pl\/de\/wp-json\/wp\/v2\/product_tag?post=6457"}],"curies":[{"name":"wp","href":"https:\/\/api.w.org\/{rel}","templated":true}]}}