{"id":6427,"date":"2025-11-17T17:34:56","date_gmt":"2025-11-17T17:34:56","guid":{"rendered":"https:\/\/sakoplan.pl\/?post_type=product&#038;p=6427"},"modified":"2025-11-17T17:34:56","modified_gmt":"2025-11-17T17:34:56","slug":"pas-z-hakiem-drucianym-cynkowanym","status":"publish","type":"product","link":"https:\/\/sakoplan.pl\/de\/produkt\/pas-z-hakiem-drucianym-cynkowanym\/","title":{"rendered":"Pas z hakiem drucianym cynkowanym"},"content":{"rendered":"<p>Pas z hakiem drucianym, wykonany ze stali ocynkowanej, kt\u00f3ra gwarantuje nierdzewno\u015b\u0107.<\/p>\n<p>D\u0142ugo\u015b\u0107 65 cm.<\/p>","protected":false},"excerpt":{"rendered":"<p>Pas z hakiem drucianym, wykonany ze stali ocynkowanej, kt\u00f3ra gwarantuje nierdzewno\u015b\u0107. D\u0142ugo\u015b\u0107 65 cm.<\/p>","protected":false},"featured_media":6428,"template":"","meta":{"_acf_changed":false},"product_cat":[593],"product_tag":[],"class_list":{"0":"post-6427","1":"product","2":"type-product","3":"status-publish","4":"has-post-thumbnail","6":"product_cat-pasy","8":"first","9":"outofstock","10":"taxable","11":"shipping-taxable","12":"purchasable","13":"product-type-simple","swatches":"rey-swatches","show_selected":""},"acf":[],"_links":{"self":[{"href":"https:\/\/sakoplan.pl\/de\/wp-json\/wp\/v2\/product\/6427","targetHints":{"allow":["GET"]}}],"collection":[{"href":"https:\/\/sakoplan.pl\/de\/wp-json\/wp\/v2\/product"}],"about":[{"href":"https:\/\/sakoplan.pl\/de\/wp-json\/wp\/v2\/types\/product"}],"version-history":[{"count":0,"href":"https:\/\/sakoplan.pl\/de\/wp-json\/wp\/v2\/product\/6427\/revisions"}],"wp:featuredmedia":[{"embeddable":true,"href":"https:\/\/sakoplan.pl\/de\/wp-json\/wp\/v2\/media\/6428"}],"wp:attachment":[{"href":"https:\/\/sakoplan.pl\/de\/wp-json\/wp\/v2\/media?parent=6427"}],"wp:term":[{"taxonomy":"product_cat","embeddable":true,"href":"https:\/\/sakoplan.pl\/de\/wp-json\/wp\/v2\/product_cat?post=6427"},{"taxonomy":"product_tag","embeddable":true,"href":"https:\/\/sakoplan.pl\/de\/wp-json\/wp\/v2\/product_tag?post=6427"}],"curies":[{"name":"wp","href":"https:\/\/api.w.org\/{rel}","templated":true}]}}