{"id":6408,"date":"2025-11-17T17:23:49","date_gmt":"2025-11-17T17:23:49","guid":{"rendered":"https:\/\/sakoplan.pl\/?post_type=product&#038;p=6408"},"modified":"2025-11-17T17:25:23","modified_gmt":"2025-11-17T17:25:23","slug":"hak-plaski-cynkowany-20x15","status":"publish","type":"product","link":"https:\/\/sakoplan.pl\/de\/produkt\/hak-plaski-cynkowany-20x15\/","title":{"rendered":"Hak p\u0142aski cynkowany 20&#215;1,5"},"content":{"rendered":"<p>Hak do pasa p\u0142aski, cynkowany. O wymiarach: 20&#215;1,5\u00a0mm.<\/p>\n<p>&nbsp;<\/p>\n<p><strong>Kompatybilne akcesoria monta\u017cowe:<\/strong><\/p>\n<p>Hak p\u0142aski\u00a0( w wariantach\u00a013&#215;3,\u00a015&#215;2,5,\u00a020&#215;1,5) \u2013nale\u017cy do niego dopasowa\u0107\u00a0\u00a0ekspandor o \u015brednicy 6 mm\u00a0lub\u00a0ekspandor 8 mm\u00a0wraz z odpowiednio dobranym zaciskiem tulejk\u0105 (o\u00a0\u015brednicy 6 mm\u00a0lub o\u00a0\u015brednicy 8 mm). Aby trwale przytwierdzi\u0107 hak do materia\u0142u niezb\u0119dne b\u0119d\u0105 tak\u017ce\u00a0podk\u0142adki plastikowe 20\u00a0oraz\u00a0nity aluminiowe.<\/p>","protected":false},"excerpt":{"rendered":"<p>Hak do pasa p\u0142aski, cynkowany. O wymiarach: 20&#215;1,5\u00a0mm. &nbsp; Kompatybilne akcesoria monta\u017cowe: Hak p\u0142aski\u00a0( w wariantach\u00a013&#215;3,\u00a015&#215;2,5,\u00a020&#215;1,5) \u2013nale\u017cy do niego dopasowa\u0107\u00a0\u00a0ekspandor o \u015brednicy 6 mm\u00a0lub\u00a0ekspandor 8 mm\u00a0wraz z odpowiednio dobranym zaciskiem tulejk\u0105 (o\u00a0\u015brednicy 6 mm\u00a0lub o\u00a0\u015brednicy 8 mm). Aby trwale przytwierdzi\u0107 hak do materia\u0142u niezb\u0119dne b\u0119d\u0105 tak\u017ce\u00a0podk\u0142adki plastikowe 20\u00a0oraz\u00a0nity aluminiowe.<\/p>","protected":false},"featured_media":6400,"template":"","meta":{"_acf_changed":false},"product_cat":[592],"product_tag":[],"class_list":{"0":"post-6408","1":"product","2":"type-product","3":"status-publish","4":"has-post-thumbnail","6":"product_cat-haki","8":"first","9":"instock","10":"taxable","11":"shipping-taxable","12":"purchasable","13":"product-type-variable","swatches":"rey-swatches","show_selected":""},"acf":[],"_links":{"self":[{"href":"https:\/\/sakoplan.pl\/de\/wp-json\/wp\/v2\/product\/6408","targetHints":{"allow":["GET"]}}],"collection":[{"href":"https:\/\/sakoplan.pl\/de\/wp-json\/wp\/v2\/product"}],"about":[{"href":"https:\/\/sakoplan.pl\/de\/wp-json\/wp\/v2\/types\/product"}],"version-history":[{"count":0,"href":"https:\/\/sakoplan.pl\/de\/wp-json\/wp\/v2\/product\/6408\/revisions"}],"wp:featuredmedia":[{"embeddable":true,"href":"https:\/\/sakoplan.pl\/de\/wp-json\/wp\/v2\/media\/6400"}],"wp:attachment":[{"href":"https:\/\/sakoplan.pl\/de\/wp-json\/wp\/v2\/media?parent=6408"}],"wp:term":[{"taxonomy":"product_cat","embeddable":true,"href":"https:\/\/sakoplan.pl\/de\/wp-json\/wp\/v2\/product_cat?post=6408"},{"taxonomy":"product_tag","embeddable":true,"href":"https:\/\/sakoplan.pl\/de\/wp-json\/wp\/v2\/product_tag?post=6408"}],"curies":[{"name":"wp","href":"https:\/\/api.w.org\/{rel}","templated":true}]}}