{"id":6384,"date":"2025-11-17T17:06:59","date_gmt":"2025-11-17T17:06:59","guid":{"rendered":"https:\/\/sakoplan.pl\/?post_type=product&#038;p=6384"},"modified":"2025-11-17T17:08:22","modified_gmt":"2025-11-17T17:08:22","slug":"prowadnica-17x34","status":"publish","type":"product","link":"https:\/\/sakoplan.pl\/de\/produkt\/prowadnica-17x34\/","title":{"rendered":"Prowadnica 17&#215;34"},"content":{"rendered":"<p>Prowadnica stalowa ocynkowana do mocowania pas\u00f3w plandekowych.<\/p>\n<p>&nbsp;<\/p>\n<p>Wymiary:<\/p>\n<p>Wysoko\u015b\u0107 (h): 17 mm<\/p>\n<p>Szeroko\u015b\u0107 : 25 mm<\/p>\n<p>Odleg\u0142o\u015b\u0107 mi\u0119dzy otworami (a): 34 mm<\/p>\n<p>&nbsp;<\/p>\n<div id=\"kompatybilne\">\n<p><strong>Kompatybilne akcesoria monta\u017cowe:<\/strong><\/p>\n<p>Prowadnica 17&#215;34\u00a0&#8211; pasuj\u0105 do niej\u00a0oczka 27&#215;8\u00a0i\u00a0pasek celny 15&#215;3. Do zapinania pasuje\u00a0pasek z zapink\u0105 27&#215;8. Aby trwale przytwierdzi\u0107 prowadnic\u0119 do materia\u0142u niezb\u0119dna b\u0119dzie r\u00f3wnie\u017c\u00a0podk\u0142adka 34\u00a0i\u00a0nity aluminiowe.<\/p>\n<\/div>","protected":false},"excerpt":{"rendered":"<p>Prowadnica stalowa ocynkowana do mocowania pas\u00f3w plandekowych. &nbsp; Wymiary: Wysoko\u015b\u0107 (h): 17 mm Szeroko\u015b\u0107 : 25 mm Odleg\u0142o\u015b\u0107 mi\u0119dzy otworami (a): 34 mm &nbsp; Kompatybilne akcesoria monta\u017cowe: Prowadnica 17&#215;34\u00a0&#8211; pasuj\u0105 do niej\u00a0oczka 27&#215;8\u00a0i\u00a0pasek celny 15&#215;3. Do zapinania pasuje\u00a0pasek z zapink\u0105 27&#215;8. Aby trwale przytwierdzi\u0107 prowadnic\u0119 do materia\u0142u niezb\u0119dna b\u0119dzie r\u00f3wnie\u017c\u00a0podk\u0142adka 34\u00a0i\u00a0nity aluminiowe.<\/p>","protected":false},"featured_media":6366,"template":"","meta":{"_acf_changed":false},"product_cat":[589],"product_tag":[],"class_list":{"0":"post-6384","1":"product","2":"type-product","3":"status-publish","4":"has-post-thumbnail","6":"product_cat-chwytki-i-prowadnice","8":"first","9":"instock","10":"taxable","11":"shipping-taxable","12":"purchasable","13":"product-type-variable","swatches":"rey-swatches","show_selected":""},"acf":[],"_links":{"self":[{"href":"https:\/\/sakoplan.pl\/de\/wp-json\/wp\/v2\/product\/6384","targetHints":{"allow":["GET"]}}],"collection":[{"href":"https:\/\/sakoplan.pl\/de\/wp-json\/wp\/v2\/product"}],"about":[{"href":"https:\/\/sakoplan.pl\/de\/wp-json\/wp\/v2\/types\/product"}],"version-history":[{"count":0,"href":"https:\/\/sakoplan.pl\/de\/wp-json\/wp\/v2\/product\/6384\/revisions"}],"wp:featuredmedia":[{"embeddable":true,"href":"https:\/\/sakoplan.pl\/de\/wp-json\/wp\/v2\/media\/6366"}],"wp:attachment":[{"href":"https:\/\/sakoplan.pl\/de\/wp-json\/wp\/v2\/media?parent=6384"}],"wp:term":[{"taxonomy":"product_cat","embeddable":true,"href":"https:\/\/sakoplan.pl\/de\/wp-json\/wp\/v2\/product_cat?post=6384"},{"taxonomy":"product_tag","embeddable":true,"href":"https:\/\/sakoplan.pl\/de\/wp-json\/wp\/v2\/product_tag?post=6384"}],"curies":[{"name":"wp","href":"https:\/\/api.w.org\/{rel}","templated":true}]}}