{"id":6329,"date":"2025-11-17T16:26:34","date_gmt":"2025-11-17T16:26:34","guid":{"rendered":"https:\/\/sakoplan.pl\/?post_type=product&#038;p=6329"},"modified":"2025-11-17T16:28:41","modified_gmt":"2025-11-17T16:28:41","slug":"chwytka-francuska","status":"publish","type":"product","link":"https:\/\/sakoplan.pl\/de\/produkt\/chwytka-francuska\/","title":{"rendered":"Chwytka francuska"},"content":{"rendered":"<p>Chwytka francuska charakteryzuje si\u0119 asymetrycznym kszta\u0142tem, kt\u00f3ry jest przydatny w nietypowych mocowaniach. Wykonana ze stali ocynkowanej.<\/p>\n<p>&nbsp;<\/p>\n<p>Wysoko\u015b\u0107 ca\u0142kowita:<\/p>\n<p>30 mm<\/p>\n<p>&nbsp;<\/p>\n<div id=\"kompatybilne\">\n<p><strong>Kompatybilne akcesoria monta\u017cowe:<\/strong><\/p>\n<p>Chwytka francuska\u00a0\u2013 nale\u017cy do niej dobra\u0107\u00a0oczka 38&#215;8,\u00a0oczka 40&#215;10\u00a0lub\u00a0oczka 42&#215;22. Mo\u017cna dobra\u0107 do niej r\u00f3wnie\u017c\u00a0pasek celny 15&#215;3\u00a0i\u00a0link\u0119 celn\u0105 6\u00a0lub\u00a0link\u0119 celn\u0105 8. Aby trwale przytwierdzi\u0107 chwytk\u0119 do materia\u0142u niezb\u0119dna b\u0119dzie r\u00f3wnie\u017c\u00a0podk\u0142adka 51\u00a0i\u00a0nity aluminiowe.<\/p>\n<\/div>","protected":false},"excerpt":{"rendered":"<p>Chwytka francuska charakteryzuje si\u0119 asymetrycznym kszta\u0142tem, kt\u00f3ry jest przydatny w nietypowych mocowaniach. Wykonana ze stali ocynkowanej. &nbsp; Wysoko\u015b\u0107 ca\u0142kowita: 30 mm &nbsp; Kompatybilne akcesoria monta\u017cowe: Chwytka francuska\u00a0\u2013 nale\u017cy do niej dobra\u0107\u00a0oczka 38&#215;8,\u00a0oczka 40&#215;10\u00a0lub\u00a0oczka 42&#215;22. Mo\u017cna dobra\u0107 do niej r\u00f3wnie\u017c\u00a0pasek celny 15&#215;3\u00a0i\u00a0link\u0119 celn\u0105 6\u00a0lub\u00a0link\u0119 celn\u0105 8. Aby trwale przytwierdzi\u0107 chwytk\u0119 do materia\u0142u niezb\u0119dna b\u0119dzie r\u00f3wnie\u017c\u00a0podk\u0142adka 51\u00a0i\u00a0nity [&hellip;]<\/p>\n","protected":false},"featured_media":6332,"template":"","meta":{"_acf_changed":false},"product_cat":[589],"product_tag":[],"class_list":{"0":"post-6329","1":"product","2":"type-product","3":"status-publish","4":"has-post-thumbnail","6":"product_cat-chwytki-i-prowadnice","8":"first","9":"instock","10":"taxable","11":"shipping-taxable","12":"purchasable","13":"product-type-variable","swatches":"rey-swatches","show_selected":""},"acf":[],"_links":{"self":[{"href":"https:\/\/sakoplan.pl\/de\/wp-json\/wp\/v2\/product\/6329","targetHints":{"allow":["GET"]}}],"collection":[{"href":"https:\/\/sakoplan.pl\/de\/wp-json\/wp\/v2\/product"}],"about":[{"href":"https:\/\/sakoplan.pl\/de\/wp-json\/wp\/v2\/types\/product"}],"version-history":[{"count":0,"href":"https:\/\/sakoplan.pl\/de\/wp-json\/wp\/v2\/product\/6329\/revisions"}],"wp:featuredmedia":[{"embeddable":true,"href":"https:\/\/sakoplan.pl\/de\/wp-json\/wp\/v2\/media\/6332"}],"wp:attachment":[{"href":"https:\/\/sakoplan.pl\/de\/wp-json\/wp\/v2\/media?parent=6329"}],"wp:term":[{"taxonomy":"product_cat","embeddable":true,"href":"https:\/\/sakoplan.pl\/de\/wp-json\/wp\/v2\/product_cat?post=6329"},{"taxonomy":"product_tag","embeddable":true,"href":"https:\/\/sakoplan.pl\/de\/wp-json\/wp\/v2\/product_tag?post=6329"}],"curies":[{"name":"wp","href":"https:\/\/api.w.org\/{rel}","templated":true}]}}