{"id":6311,"date":"2025-11-17T16:12:51","date_gmt":"2025-11-17T16:12:51","guid":{"rendered":"https:\/\/sakoplan.pl\/?post_type=product&#038;p=6311"},"modified":"2025-11-17T16:16:14","modified_gmt":"2025-11-17T16:16:14","slug":"chwytka-h25-na-kwadracie","status":"publish","type":"product","link":"https:\/\/sakoplan.pl\/de\/produkt\/chwytka-h25-na-kwadracie\/","title":{"rendered":"Chwytka h25 na kwadracie"},"content":{"rendered":"<p>Chwytka o podstawie w kszta\u0142cie kwadratu do mocowania konstrukcji plandekowych. Ocynkowana powierzchnia ma dobr\u0105 odporno\u015b\u0107 na rdzewienie.<\/p>\n<p>&nbsp;<\/p>\n<p>Wysoko\u015b\u0107 ca\u0142kowita:<\/p>\n<p>31 mm, wewn. 25 mm<\/p>\n<p>&nbsp;<\/p>\n<p>Zastosowanie:<\/p>\n<p>mocowanie pas\u00f3w plandekowych<\/p>\n<p>&nbsp;<\/p>\n<div id=\"kompatybilne\">\n<p><strong>Kompatybilne akcesoria monta\u017cowe:<\/strong><\/p>\n<p>Chwytka H25 na kwadracie\u00a0&#8211; odpowiednie do niej b\u0119d\u0105\u00a0oczka 38&#215;8,\u00a0oczka 40&#215;10,\u00a0oczka 42&#215;22\u00a0lub\u00a0oczka 40. Mo\u017cna dobra\u0107 do niej r\u00f3wnie\u017c\u00a0pasek celny 15&#215;3\u00a0i\u00a0link\u0119 celn\u0105 6\u00a0lub\u00a0link\u0119 celn\u0105 8. Aby trwale przytwierdzi\u0107 prowadnic\u0119 do materia\u0142u niezb\u0119dna b\u0119dzie r\u00f3wnie\u017c\u00a0podk\u0142adka 34\u00a0i\u00a0nity aluminiowe.<\/p>\n<\/div>","protected":false},"excerpt":{"rendered":"<p>Chwytka o podstawie w kszta\u0142cie kwadratu do mocowania konstrukcji plandekowych. Ocynkowana powierzchnia ma dobr\u0105 odporno\u015b\u0107 na rdzewienie. &nbsp; Wysoko\u015b\u0107 ca\u0142kowita: 31 mm, wewn. 25 mm &nbsp; Zastosowanie: mocowanie pas\u00f3w plandekowych &nbsp; Kompatybilne akcesoria monta\u017cowe: Chwytka H25 na kwadracie\u00a0&#8211; odpowiednie do niej b\u0119d\u0105\u00a0oczka 38&#215;8,\u00a0oczka 40&#215;10,\u00a0oczka 42&#215;22\u00a0lub\u00a0oczka 40. Mo\u017cna dobra\u0107 do niej r\u00f3wnie\u017c\u00a0pasek celny 15&#215;3\u00a0i\u00a0link\u0119 celn\u0105 6\u00a0lub\u00a0link\u0119 [&hellip;]<\/p>\n","protected":false},"featured_media":6314,"template":"","meta":{"_acf_changed":false},"product_cat":[589],"product_tag":[],"class_list":{"0":"post-6311","1":"product","2":"type-product","3":"status-publish","4":"has-post-thumbnail","6":"product_cat-chwytki-i-prowadnice","8":"first","9":"instock","10":"taxable","11":"shipping-taxable","12":"purchasable","13":"product-type-variable","swatches":"rey-swatches","show_selected":""},"acf":[],"_links":{"self":[{"href":"https:\/\/sakoplan.pl\/de\/wp-json\/wp\/v2\/product\/6311","targetHints":{"allow":["GET"]}}],"collection":[{"href":"https:\/\/sakoplan.pl\/de\/wp-json\/wp\/v2\/product"}],"about":[{"href":"https:\/\/sakoplan.pl\/de\/wp-json\/wp\/v2\/types\/product"}],"version-history":[{"count":0,"href":"https:\/\/sakoplan.pl\/de\/wp-json\/wp\/v2\/product\/6311\/revisions"}],"wp:featuredmedia":[{"embeddable":true,"href":"https:\/\/sakoplan.pl\/de\/wp-json\/wp\/v2\/media\/6314"}],"wp:attachment":[{"href":"https:\/\/sakoplan.pl\/de\/wp-json\/wp\/v2\/media?parent=6311"}],"wp:term":[{"taxonomy":"product_cat","embeddable":true,"href":"https:\/\/sakoplan.pl\/de\/wp-json\/wp\/v2\/product_cat?post=6311"},{"taxonomy":"product_tag","embeddable":true,"href":"https:\/\/sakoplan.pl\/de\/wp-json\/wp\/v2\/product_tag?post=6311"}],"curies":[{"name":"wp","href":"https:\/\/api.w.org\/{rel}","templated":true}]}}