{"id":6299,"date":"2025-11-17T16:03:11","date_gmt":"2025-11-17T16:03:11","guid":{"rendered":"https:\/\/sakoplan.pl\/?post_type=product&#038;p=6299"},"modified":"2025-11-17T16:05:57","modified_gmt":"2025-11-17T16:05:57","slug":"chwytka-naburtowa-h38","status":"publish","type":"product","link":"https:\/\/sakoplan.pl\/de\/produkt\/chwytka-naburtowa-h38\/","title":{"rendered":"Chwytka naburtowa h38"},"content":{"rendered":"<p>Chwytka naburtowa o podstawie w kszta\u0142cie prostok\u0105ta, wykonana z ocynkowanej stali charakteryzuje si\u0119 du\u017c\u0105 odporno\u015bci\u0105 na dzia\u0142anie czynnik\u00f3w zewn\u0119trznych. S\u0142u\u017cy do mocowania plandek naczepowych za pomoc\u0105 pas\u00f3w i linek celnych.<\/p>\n<p>&nbsp;<\/p>\n<p>Wysoko\u015b\u0107 wewn\u0119trzna oczka:<\/p>\n<p>38 mm<\/p>\n<p>&nbsp;<\/p>\n<p>Zastosowanie:<\/p>\n<p>mocowanie pas\u00f3w plandekowych<\/p>\n<p>&nbsp;<\/p>\n<div id=\"kompatybilne\">\n<p><strong>Kompatybilne akcesoria monta\u017cowe:<\/strong><\/p>\n<p>Chwytka naburtowa H38\u00a0&#8211; odpowiednie do niej b\u0119d\u0105\u00a0oczka 38&#215;8,\u00a0oczka 40&#215;10,\u00a0oczka 42&#215;22\u00a0lub\u00a0oczka 40. Mo\u017cna dobra\u0107 do niej r\u00f3wnie\u017c\u00a0pasek celny 15&#215;3\u00a0i\u00a0link\u0119 celn\u0105 6\u00a0lub\u00a0link\u0119 celn\u0105 8. Aby trwale przytwierdzi\u0107 chwytk\u0119 do materia\u0142u niezb\u0119dna b\u0119dzie r\u00f3wnie\u017c\u00a0podk\u0142adka 51\u00a0i\u00a0nity aluminiowe.<\/p>\n<\/div>","protected":false},"excerpt":{"rendered":"<p>Chwytka naburtowa o podstawie w kszta\u0142cie prostok\u0105ta, wykonana z ocynkowanej stali charakteryzuje si\u0119 du\u017c\u0105 odporno\u015bci\u0105 na dzia\u0142anie czynnik\u00f3w zewn\u0119trznych. S\u0142u\u017cy do mocowania plandek naczepowych za pomoc\u0105 pas\u00f3w i linek celnych. &nbsp; Wysoko\u015b\u0107 wewn\u0119trzna oczka: 38 mm &nbsp; Zastosowanie: mocowanie pas\u00f3w plandekowych &nbsp; Kompatybilne akcesoria monta\u017cowe: Chwytka naburtowa H38\u00a0&#8211; odpowiednie do niej b\u0119d\u0105\u00a0oczka 38&#215;8,\u00a0oczka 40&#215;10,\u00a0oczka 42&#215;22\u00a0lub\u00a0oczka [&hellip;]<\/p>\n","protected":false},"featured_media":6291,"template":"","meta":{"_acf_changed":false},"product_cat":[589],"product_tag":[],"class_list":{"0":"post-6299","1":"product","2":"type-product","3":"status-publish","4":"has-post-thumbnail","6":"product_cat-chwytki-i-prowadnice","8":"first","9":"instock","10":"taxable","11":"shipping-taxable","12":"purchasable","13":"product-type-variable","swatches":"rey-swatches","show_selected":""},"acf":[],"_links":{"self":[{"href":"https:\/\/sakoplan.pl\/de\/wp-json\/wp\/v2\/product\/6299","targetHints":{"allow":["GET"]}}],"collection":[{"href":"https:\/\/sakoplan.pl\/de\/wp-json\/wp\/v2\/product"}],"about":[{"href":"https:\/\/sakoplan.pl\/de\/wp-json\/wp\/v2\/types\/product"}],"version-history":[{"count":0,"href":"https:\/\/sakoplan.pl\/de\/wp-json\/wp\/v2\/product\/6299\/revisions"}],"wp:featuredmedia":[{"embeddable":true,"href":"https:\/\/sakoplan.pl\/de\/wp-json\/wp\/v2\/media\/6291"}],"wp:attachment":[{"href":"https:\/\/sakoplan.pl\/de\/wp-json\/wp\/v2\/media?parent=6299"}],"wp:term":[{"taxonomy":"product_cat","embeddable":true,"href":"https:\/\/sakoplan.pl\/de\/wp-json\/wp\/v2\/product_cat?post=6299"},{"taxonomy":"product_tag","embeddable":true,"href":"https:\/\/sakoplan.pl\/de\/wp-json\/wp\/v2\/product_tag?post=6299"}],"curies":[{"name":"wp","href":"https:\/\/api.w.org\/{rel}","templated":true}]}}