{"id":6290,"date":"2025-11-17T15:54:35","date_gmt":"2025-11-17T15:54:35","guid":{"rendered":"https:\/\/sakoplan.pl\/?post_type=product&#038;p=6290"},"modified":"2025-11-17T16:06:54","modified_gmt":"2025-11-17T16:06:54","slug":"chwytka-naburtowa-h25","status":"publish","type":"product","link":"https:\/\/sakoplan.pl\/de\/produkt\/chwytka-naburtowa-h25\/","title":{"rendered":"Chwytka naburtowa h25"},"content":{"rendered":"<p>Chwytka naburtowa o podstawie w kszta\u0142cie prostok\u0105ta, wykonana z ocynkowanej stali.<\/p>\n<p>&nbsp;<\/p>\n<p>Wysoko\u015b\u0107 wewn\u0119trzna oczka: 25 mm<\/p>\n<p>rozstaw otwor\u00f3w : 51 mm<\/p>\n<p>&nbsp;<\/p>\n<div id=\"kompatybilne\">\n<p><strong>Kompatybilne akcesoria monta\u017cowe:<\/strong><\/p>\n<p>Chwytka naburtowa H25\u00a0\u2013 odpowiednie do niej b\u0119d\u0105\u00a0oczka 38&#215;8,\u00a0oczka 40&#215;10,\u00a0oczka 42&#215;22\u00a0lub\u00a0oczka 40. Nale\u017cy r\u00f3wnie\u017c dobra\u0107 do niej\u00a0pasek celny 15&#215;3. Aby trwale przytwierdzi\u0107 chwytk\u0119 do materia\u0142u niezb\u0119dna b\u0119dzie r\u00f3wnie\u017c\u00a0podk\u0142adka 51\u00a0i\u00a0nity aluminiowe.<\/p>\n<\/div>","protected":false},"excerpt":{"rendered":"<p>Chwytka naburtowa o podstawie w kszta\u0142cie prostok\u0105ta, wykonana z ocynkowanej stali. &nbsp; Wysoko\u015b\u0107 wewn\u0119trzna oczka: 25 mm rozstaw otwor\u00f3w : 51 mm &nbsp; Kompatybilne akcesoria monta\u017cowe: Chwytka naburtowa H25\u00a0\u2013 odpowiednie do niej b\u0119d\u0105\u00a0oczka 38&#215;8,\u00a0oczka 40&#215;10,\u00a0oczka 42&#215;22\u00a0lub\u00a0oczka 40. Nale\u017cy r\u00f3wnie\u017c dobra\u0107 do niej\u00a0pasek celny 15&#215;3. Aby trwale przytwierdzi\u0107 chwytk\u0119 do materia\u0142u niezb\u0119dna b\u0119dzie r\u00f3wnie\u017c\u00a0podk\u0142adka 51\u00a0i\u00a0nity aluminiowe.<\/p>","protected":false},"featured_media":6291,"template":"","meta":{"_acf_changed":false},"product_cat":[589],"product_tag":[],"class_list":{"0":"post-6290","1":"product","2":"type-product","3":"status-publish","4":"has-post-thumbnail","6":"product_cat-chwytki-i-prowadnice","8":"first","9":"instock","10":"taxable","11":"shipping-taxable","12":"purchasable","13":"product-type-variable","swatches":"rey-swatches","show_selected":""},"acf":[],"_links":{"self":[{"href":"https:\/\/sakoplan.pl\/de\/wp-json\/wp\/v2\/product\/6290","targetHints":{"allow":["GET"]}}],"collection":[{"href":"https:\/\/sakoplan.pl\/de\/wp-json\/wp\/v2\/product"}],"about":[{"href":"https:\/\/sakoplan.pl\/de\/wp-json\/wp\/v2\/types\/product"}],"version-history":[{"count":0,"href":"https:\/\/sakoplan.pl\/de\/wp-json\/wp\/v2\/product\/6290\/revisions"}],"wp:featuredmedia":[{"embeddable":true,"href":"https:\/\/sakoplan.pl\/de\/wp-json\/wp\/v2\/media\/6291"}],"wp:attachment":[{"href":"https:\/\/sakoplan.pl\/de\/wp-json\/wp\/v2\/media?parent=6290"}],"wp:term":[{"taxonomy":"product_cat","embeddable":true,"href":"https:\/\/sakoplan.pl\/de\/wp-json\/wp\/v2\/product_cat?post=6290"},{"taxonomy":"product_tag","embeddable":true,"href":"https:\/\/sakoplan.pl\/de\/wp-json\/wp\/v2\/product_tag?post=6290"}],"curies":[{"name":"wp","href":"https:\/\/api.w.org\/{rel}","templated":true}]}}