{"id":6270,"date":"2025-11-17T15:40:52","date_gmt":"2025-11-17T15:40:52","guid":{"rendered":"https:\/\/sakoplan.pl\/?post_type=product&#038;p=6270"},"modified":"2025-11-17T15:42:45","modified_gmt":"2025-11-17T15:42:45","slug":"linka-celna-o8","status":"publish","type":"product","link":"https:\/\/sakoplan.pl\/de\/produkt\/linka-celna-o8\/","title":{"rendered":"Linka celna \u00f88"},"content":{"rendered":"<p>Linka celna stalowa o \u015brednicy 8 mm. Sprzedawana na metry bie\u017c\u0105ce lub w nawoju 250 m.<\/p>","protected":false},"excerpt":{"rendered":"<p>Linka celna stalowa o \u015brednicy 8 mm. Sprzedawana na metry bie\u017c\u0105ce lub w nawoju 250 m.<\/p>","protected":false},"featured_media":6266,"template":"","meta":{"_acf_changed":false},"product_cat":[590],"product_tag":[],"class_list":{"0":"post-6270","1":"product","2":"type-product","3":"status-publish","4":"has-post-thumbnail","6":"product_cat-linki","8":"first","9":"instock","10":"taxable","11":"shipping-taxable","12":"purchasable","13":"product-type-variable","swatches":"rey-swatches","show_selected":""},"acf":[],"_links":{"self":[{"href":"https:\/\/sakoplan.pl\/de\/wp-json\/wp\/v2\/product\/6270","targetHints":{"allow":["GET"]}}],"collection":[{"href":"https:\/\/sakoplan.pl\/de\/wp-json\/wp\/v2\/product"}],"about":[{"href":"https:\/\/sakoplan.pl\/de\/wp-json\/wp\/v2\/types\/product"}],"version-history":[{"count":0,"href":"https:\/\/sakoplan.pl\/de\/wp-json\/wp\/v2\/product\/6270\/revisions"}],"wp:featuredmedia":[{"embeddable":true,"href":"https:\/\/sakoplan.pl\/de\/wp-json\/wp\/v2\/media\/6266"}],"wp:attachment":[{"href":"https:\/\/sakoplan.pl\/de\/wp-json\/wp\/v2\/media?parent=6270"}],"wp:term":[{"taxonomy":"product_cat","embeddable":true,"href":"https:\/\/sakoplan.pl\/de\/wp-json\/wp\/v2\/product_cat?post=6270"},{"taxonomy":"product_tag","embeddable":true,"href":"https:\/\/sakoplan.pl\/de\/wp-json\/wp\/v2\/product_tag?post=6270"}],"curies":[{"name":"wp","href":"https:\/\/api.w.org\/{rel}","templated":true}]}}