{"id":6247,"date":"2025-11-17T15:30:11","date_gmt":"2025-11-17T15:30:11","guid":{"rendered":"https:\/\/sakoplan.pl\/?post_type=product&#038;p=6247"},"modified":"2025-11-17T15:33:54","modified_gmt":"2025-11-17T15:33:54","slug":"wycinak-podwojny-do-prowadnic","status":"publish","type":"product","link":"https:\/\/sakoplan.pl\/de\/produkt\/wycinak-podwojny-do-prowadnic\/","title":{"rendered":"P\u0142yta PVC"},"content":{"rendered":"<p><strong>Wysokiej jako\u015bci p\u0142yta PVC<\/strong>\u00a0do zakuwania oczek.\u00a0<strong>Zapobiega spr\u0119\u017cynowaniu<\/strong>\u00a0i\u00a0<strong>wyt\u0142umia odg\u0142osy uderzania<\/strong>.<\/p>\n<p>nasze p\u0142yty PVC chroni\u0105 wycinaki przed zniszczeniem, co przyczynia si\u0119 do ich d\u0142u\u017cszej \u017cywotno\u015bci.<\/p>\n<p>&nbsp;<\/p>\n<p>Wymiary p\u0142yty PVC:<\/p>\n<p>420 mm x 280 mm x 28 mm<\/p>\n<p>&nbsp;<\/p>\n<p>W naszym sklepie internetowym znajdziesz\u00a0<strong>wysokiej jako\u015bci p\u0142yty PVC do zakuwania oczek<\/strong>, kt\u00f3re s\u0105 idealnym rozwi\u0105zaniem dla os\u00f3b zajmuj\u0105cych si\u0119 wycinaniem otwor\u00f3w w r\u00f3\u017cnego rodzaju materia\u0142ach. Nasze p\u0142yty PVC\u00a0<strong>zapobiegaj\u0105 spr\u0119\u017cynowaniu i t\u0142umi\u0105 odg\u0142osy uderzania<\/strong>, co zapewnia wygodne i bezpieczne u\u017cytkowanie wycinak\u00f3w.<\/p>\n<p>Dodatkowo, nasze p\u0142yty PVC\u00a0<strong>chroni\u0105 wycinaki przed zniszczeniem<\/strong>, co przyczynia si\u0119 do ich d\u0142u\u017cszej \u017cywotno\u015bci. Dzi\u0119ki temu, \u017ce s\u0105 wykonane z materia\u0142u o wysokiej jako\u015bci, zapewniaj\u0105 trwa\u0142o\u015b\u0107 i niezawodno\u015b\u0107 w codziennym u\u017cytkowaniu.<\/p>\n<p>Zapraszamy do zapoznania si\u0119 z nasz\u0105 ofert\u0105 i wybierania najlepszych rozwi\u0105za\u0144 dla swojego biznesu lub prywatnych potrzeb.<\/p>","protected":false},"excerpt":{"rendered":"<p>Wysokiej jako\u015bci p\u0142yta PVC\u00a0do zakuwania oczek.\u00a0Zapobiega spr\u0119\u017cynowaniu\u00a0i\u00a0wyt\u0142umia odg\u0142osy uderzania. nasze p\u0142yty PVC chroni\u0105 wycinaki przed zniszczeniem, co przyczynia si\u0119 do ich d\u0142u\u017cszej \u017cywotno\u015bci. &nbsp; Wymiary p\u0142yty PVC: 420 mm x 280 mm x 28 mm &nbsp; W naszym sklepie internetowym znajdziesz\u00a0wysokiej jako\u015bci p\u0142yty PVC do zakuwania oczek, kt\u00f3re s\u0105 idealnym rozwi\u0105zaniem dla os\u00f3b zajmuj\u0105cych si\u0119 [&hellip;]<\/p>\n","protected":false},"featured_media":6251,"template":"","meta":{"_acf_changed":false},"product_cat":[588],"product_tag":[],"class_list":{"0":"post-6247","1":"product","2":"type-product","3":"status-publish","4":"has-post-thumbnail","6":"product_cat-zakuwaki-i-wycinaki","8":"first","9":"instock","10":"taxable","11":"shipping-taxable","12":"purchasable","13":"product-type-simple","swatches":"rey-swatches","show_selected":""},"acf":[],"_links":{"self":[{"href":"https:\/\/sakoplan.pl\/de\/wp-json\/wp\/v2\/product\/6247","targetHints":{"allow":["GET"]}}],"collection":[{"href":"https:\/\/sakoplan.pl\/de\/wp-json\/wp\/v2\/product"}],"about":[{"href":"https:\/\/sakoplan.pl\/de\/wp-json\/wp\/v2\/types\/product"}],"version-history":[{"count":0,"href":"https:\/\/sakoplan.pl\/de\/wp-json\/wp\/v2\/product\/6247\/revisions"}],"wp:featuredmedia":[{"embeddable":true,"href":"https:\/\/sakoplan.pl\/de\/wp-json\/wp\/v2\/media\/6251"}],"wp:attachment":[{"href":"https:\/\/sakoplan.pl\/de\/wp-json\/wp\/v2\/media?parent=6247"}],"wp:term":[{"taxonomy":"product_cat","embeddable":true,"href":"https:\/\/sakoplan.pl\/de\/wp-json\/wp\/v2\/product_cat?post=6247"},{"taxonomy":"product_tag","embeddable":true,"href":"https:\/\/sakoplan.pl\/de\/wp-json\/wp\/v2\/product_tag?post=6247"}],"curies":[{"name":"wp","href":"https:\/\/api.w.org\/{rel}","templated":true}]}}