{"id":6195,"date":"2025-11-17T14:38:23","date_gmt":"2025-11-17T14:38:23","guid":{"rendered":"https:\/\/sakoplan.pl\/?post_type=product&#038;p=6195"},"modified":"2025-11-17T14:42:19","modified_gmt":"2025-11-17T14:42:19","slug":"zakuwak-do-nitow-aluminiowych","status":"publish","type":"product","link":"https:\/\/sakoplan.pl\/de\/produkt\/zakuwak-do-nitow-aluminiowych\/","title":{"rendered":"Zakuwak do nit\u00f3w kapslowych"},"content":{"rendered":"<p>R\u0119czny zakuwak do nit\u00f3w kapslowych\u00a0wykonany ze stali ocynkowej.<\/p>\n<p>&nbsp;<\/p>\n<p>Zastosowanie:<\/p>\n<p>zakuwanie nit\u00f3w kapslowych<\/p>\n<p>&nbsp;<\/p>\n<p>Dane techniczne:<\/p>\n<p>materia\u0142: stal ocynkowana<br \/>\n\u015brednica robocza nita: 10 mm<\/p>\n<p>&nbsp;<\/p>\n<p>Do zakucia wymagane s\u0105 r\u00f3wnie\u017c:<\/p>\n<p>nity kapslowe &#8211; nity pasuj\u0105ce do zakuwaka<br \/>\np\u0142yta do zakuwania &#8211; zapewnia odpowiednie pod\u0142o\u017ce<br \/>\nm\u0142otek &#8211; chroni narz\u0119dzia przed zu\u017cyciem<\/p>","protected":false},"excerpt":{"rendered":"<p>R\u0119czny zakuwak do nit\u00f3w kapslowych\u00a0wykonany ze stali ocynkowej. &nbsp; Zastosowanie: zakuwanie nit\u00f3w kapslowych &nbsp; Dane techniczne: materia\u0142: stal ocynkowana \u015brednica robocza nita: 10 mm &nbsp; Do zakucia wymagane s\u0105 r\u00f3wnie\u017c: nity kapslowe &#8211; nity pasuj\u0105ce do zakuwaka p\u0142yta do zakuwania &#8211; zapewnia odpowiednie pod\u0142o\u017ce m\u0142otek &#8211; chroni narz\u0119dzia przed zu\u017cyciem<\/p>","protected":false},"featured_media":6199,"template":"","meta":{"_acf_changed":false},"product_cat":[588],"product_tag":[],"class_list":{"0":"post-6195","1":"product","2":"type-product","3":"status-publish","4":"has-post-thumbnail","6":"product_cat-zakuwaki-i-wycinaki","8":"first","9":"instock","10":"taxable","11":"shipping-taxable","12":"purchasable","13":"product-type-simple","swatches":"rey-swatches","show_selected":""},"acf":[],"_links":{"self":[{"href":"https:\/\/sakoplan.pl\/de\/wp-json\/wp\/v2\/product\/6195","targetHints":{"allow":["GET"]}}],"collection":[{"href":"https:\/\/sakoplan.pl\/de\/wp-json\/wp\/v2\/product"}],"about":[{"href":"https:\/\/sakoplan.pl\/de\/wp-json\/wp\/v2\/types\/product"}],"version-history":[{"count":0,"href":"https:\/\/sakoplan.pl\/de\/wp-json\/wp\/v2\/product\/6195\/revisions"}],"wp:featuredmedia":[{"embeddable":true,"href":"https:\/\/sakoplan.pl\/de\/wp-json\/wp\/v2\/media\/6199"}],"wp:attachment":[{"href":"https:\/\/sakoplan.pl\/de\/wp-json\/wp\/v2\/media?parent=6195"}],"wp:term":[{"taxonomy":"product_cat","embeddable":true,"href":"https:\/\/sakoplan.pl\/de\/wp-json\/wp\/v2\/product_cat?post=6195"},{"taxonomy":"product_tag","embeddable":true,"href":"https:\/\/sakoplan.pl\/de\/wp-json\/wp\/v2\/product_tag?post=6195"}],"curies":[{"name":"wp","href":"https:\/\/api.w.org\/{rel}","templated":true}]}}