{"id":6157,"date":"2025-11-17T13:32:48","date_gmt":"2025-11-17T13:32:48","guid":{"rendered":"https:\/\/sakoplan.pl\/?post_type=product&#038;p=6157"},"modified":"2025-11-17T13:35:18","modified_gmt":"2025-11-17T13:35:18","slug":"oczka-prostokatne-ocynkowane-27x8","status":"publish","type":"product","link":"https:\/\/sakoplan.pl\/de\/produkt\/oczka-prostokatne-ocynkowane-27x8\/","title":{"rendered":"Oczka prostok\u0105tne ocynkowane 27&#215;8"},"content":{"rendered":"<p>Oczko plandekowe jest zakuwane w specjalnie przymocowanym otworze na brzegu plandeki za pomoc\u0105 zakuwaka. W naszej ofercie posiadamy oczka okr\u0105g\u0142e, owalne oraz prostok\u0105tne o r\u00f3\u017cnych wymiarach. Nasze oczka charakteryzuje wysoka odporno\u015b\u0107 na czynniki atmosferyczne.<\/p>\n<p>&nbsp;<\/p>\n<p>Oczko sk\u0142ada si\u0119 z 2 element\u00f3w zak\u0142adanych z obu stron tkaniny w dopasowanym otworze. Zapewnia trwa\u0142e, mocne i nieroz\u0142\u0105czne zabezpieczenie otworu plandece. Oczka w komplecie z podk\u0142adkami.<\/p>\n<p>&nbsp;<\/p>\n<p>Do zakucia oczka wymagane s\u0105 narz\u0119dzia:<\/p>\n<p>wycinak &#8211; do wykonania otworu w materiale<br \/>\nzakuwak &#8211; do zakucia oczka<br \/>\np\u0142yta do zakuwania &#8211; zapewnia odpowiednie pod\u0142o\u017ce<br \/>\nm\u0142otek &#8211; chroni narz\u0119dzia przed zu\u017cyciem<\/p>\n<p>Zastosowanie:<\/p>\n<p>plandeki<\/p>\n<p>Dane techniczne:<br \/>\nMateria\u0142: stal ocynkowana<br \/>\nWymiary: d &#8211; 27 mm, D &#8211; 35 mm, h &#8211; 10,4 mm, b &#8211; 8 mm<\/p>","protected":false},"excerpt":{"rendered":"<p>Oczko plandekowe jest zakuwane w specjalnie przymocowanym otworze na brzegu plandeki za pomoc\u0105 zakuwaka. W naszej ofercie posiadamy oczka okr\u0105g\u0142e, owalne oraz prostok\u0105tne o r\u00f3\u017cnych wymiarach. Nasze oczka charakteryzuje wysoka odporno\u015b\u0107 na czynniki atmosferyczne. &nbsp; Oczko sk\u0142ada si\u0119 z 2 element\u00f3w zak\u0142adanych z obu stron tkaniny w dopasowanym otworze. Zapewnia trwa\u0142e, mocne i nieroz\u0142\u0105czne zabezpieczenie [&hellip;]<\/p>\n","protected":false},"featured_media":6161,"template":"","meta":{"_acf_changed":false},"product_cat":[587],"product_tag":[],"class_list":{"0":"post-6157","1":"product","2":"type-product","3":"status-publish","4":"has-post-thumbnail","6":"product_cat-oczka","8":"first","9":"instock","10":"taxable","11":"shipping-taxable","12":"purchasable","13":"product-type-variable","swatches":"rey-swatches","show_selected":""},"acf":[],"_links":{"self":[{"href":"https:\/\/sakoplan.pl\/de\/wp-json\/wp\/v2\/product\/6157","targetHints":{"allow":["GET"]}}],"collection":[{"href":"https:\/\/sakoplan.pl\/de\/wp-json\/wp\/v2\/product"}],"about":[{"href":"https:\/\/sakoplan.pl\/de\/wp-json\/wp\/v2\/types\/product"}],"version-history":[{"count":0,"href":"https:\/\/sakoplan.pl\/de\/wp-json\/wp\/v2\/product\/6157\/revisions"}],"wp:featuredmedia":[{"embeddable":true,"href":"https:\/\/sakoplan.pl\/de\/wp-json\/wp\/v2\/media\/6161"}],"wp:attachment":[{"href":"https:\/\/sakoplan.pl\/de\/wp-json\/wp\/v2\/media?parent=6157"}],"wp:term":[{"taxonomy":"product_cat","embeddable":true,"href":"https:\/\/sakoplan.pl\/de\/wp-json\/wp\/v2\/product_cat?post=6157"},{"taxonomy":"product_tag","embeddable":true,"href":"https:\/\/sakoplan.pl\/de\/wp-json\/wp\/v2\/product_tag?post=6157"}],"curies":[{"name":"wp","href":"https:\/\/api.w.org\/{rel}","templated":true}]}}