{"id":6153,"date":"2025-11-17T13:30:28","date_gmt":"2025-11-17T13:30:28","guid":{"rendered":"https:\/\/sakoplan.pl\/?post_type=product&#038;p=6153"},"modified":"2025-11-17T13:32:06","modified_gmt":"2025-11-17T13:32:06","slug":"oczka-okragle-ocynkowane-o40","status":"publish","type":"product","link":"https:\/\/sakoplan.pl\/de\/produkt\/oczka-okragle-ocynkowane-o40\/","title":{"rendered":"Oczka okr\u0105g\u0142e ocynkowane \u00f840"},"content":{"rendered":"<p>Oczka plandekowe to jeden z najpopularniejszych sposob\u00f3w na szybkie i \u0142atwe montowanie baner\u00f3w reklamowych, plandek namiotowych i innych tkanin.<\/p>\n<p>&nbsp;<\/p>\n<p>Oczko sk\u0142ada si\u0119 z 2 element\u00f3w zak\u0142adanych z obu stron tkaniny w dopasowanym otworze. Zapewnia trwa\u0142e, mocne i nieroz\u0142\u0105czne zabezpieczenie otworu w tkaninie, banerze lub plandece. Umo\u017cliwia mocowane banneru za pomoc\u0105 liny, gumy, opaski zaciskowej, haka itd. Oczka w komplecie z podk\u0142adkami.<\/p>\n<p>&nbsp;<\/p>\n<p>Do zakucia oczka wymagane s\u0105 narz\u0119dzia:<\/p>\n<p>wycinak &#8211; do wykonania otworu w materiale<br \/>\nzakuwak &#8211; do zakucia oczka<br \/>\np\u0142yta do zakuwania &#8211; zapewnia odpowiednie pod\u0142o\u017ce<br \/>\nm\u0142otek &#8211; chroni narz\u0119dzia przed zu\u017cyciem<\/p>\n<p>Nadaj\u0105 si\u0119 do zakuwania przy pomocy zaciskarek r\u0119cznych lub automatycznych.<\/p>\n<p>Zastosowanie:<\/p>\n<p>plandeki<br \/>\nbanery reklamowe<br \/>\nnamioty i zadaszenia<\/p>\n<p>Dane techniczne:<br \/>\n\u015arednica: \u00f8 &#8211; 40mm<br \/>\nMateria\u0142: stal ocynkowana<br \/>\nWymiary: d &#8211; 40 mm, D &#8211; 62 mm, h &#8211; 12,5 mm<\/p>","protected":false},"excerpt":{"rendered":"<p>Oczka plandekowe to jeden z najpopularniejszych sposob\u00f3w na szybkie i \u0142atwe montowanie baner\u00f3w reklamowych, plandek namiotowych i innych tkanin. &nbsp; Oczko sk\u0142ada si\u0119 z 2 element\u00f3w zak\u0142adanych z obu stron tkaniny w dopasowanym otworze. Zapewnia trwa\u0142e, mocne i nieroz\u0142\u0105czne zabezpieczenie otworu w tkaninie, banerze lub plandece. Umo\u017cliwia mocowane banneru za pomoc\u0105 liny, gumy, opaski zaciskowej, [&hellip;]<\/p>\n","protected":false},"featured_media":6128,"template":"","meta":{"_acf_changed":false},"product_cat":[587],"product_tag":[],"class_list":{"0":"post-6153","1":"product","2":"type-product","3":"status-publish","4":"has-post-thumbnail","6":"product_cat-oczka","8":"first","9":"instock","10":"taxable","11":"shipping-taxable","12":"purchasable","13":"product-type-variable","swatches":"rey-swatches","show_selected":""},"acf":[],"_links":{"self":[{"href":"https:\/\/sakoplan.pl\/de\/wp-json\/wp\/v2\/product\/6153","targetHints":{"allow":["GET"]}}],"collection":[{"href":"https:\/\/sakoplan.pl\/de\/wp-json\/wp\/v2\/product"}],"about":[{"href":"https:\/\/sakoplan.pl\/de\/wp-json\/wp\/v2\/types\/product"}],"version-history":[{"count":0,"href":"https:\/\/sakoplan.pl\/de\/wp-json\/wp\/v2\/product\/6153\/revisions"}],"wp:featuredmedia":[{"embeddable":true,"href":"https:\/\/sakoplan.pl\/de\/wp-json\/wp\/v2\/media\/6128"}],"wp:attachment":[{"href":"https:\/\/sakoplan.pl\/de\/wp-json\/wp\/v2\/media?parent=6153"}],"wp:term":[{"taxonomy":"product_cat","embeddable":true,"href":"https:\/\/sakoplan.pl\/de\/wp-json\/wp\/v2\/product_cat?post=6153"},{"taxonomy":"product_tag","embeddable":true,"href":"https:\/\/sakoplan.pl\/de\/wp-json\/wp\/v2\/product_tag?post=6153"}],"curies":[{"name":"wp","href":"https:\/\/api.w.org\/{rel}","templated":true}]}}