{"id":6118,"date":"2025-11-17T12:23:23","date_gmt":"2025-11-17T12:23:23","guid":{"rendered":"https:\/\/sakoplan.pl\/?post_type=product&#038;p=6118"},"modified":"2025-11-17T12:26:03","modified_gmt":"2025-11-17T12:26:03","slug":"b6149-920-g-m2-typ-ii-membrana-biogazowa-trudnopalny","status":"publish","type":"product","link":"https:\/\/sakoplan.pl\/de\/produkt\/b6149-920-g-m2-typ-ii-membrana-biogazowa-trudnopalny\/","title":{"rendered":"B6149 &#8211; 920 g\/m2 &#8211; typ II, membrana biogazowa &#8211; trudnopalny"},"content":{"rendered":"<p>Materia\u0142 PCV &#8211;\u00a0<strong>B6149<\/strong>\u00a0(<strong>typ II<\/strong>,\u00a0<strong>920g\/m\u00b2<\/strong>) to dwustronnie powlekana tkanina PCV, kt\u00f3ra mo\u017ce by\u0107 bezpo\u015brednio zgrzewana. Jest ona wyj\u0105tkowo wytrzyma\u0142a na rozci\u0105ganie i zosta\u0142a specjalnie zaprojektowana, aby sprosta\u0107 rygorystycznym wymaganiom biogazowni, zgodnie z przepisami\u00a0<strong>TRAS 120<\/strong>.<\/p>\n<p>&nbsp;<\/p>\n<p>Materia\u0142 PCV &#8211;\u00a0<strong>B6149<\/strong>, wyprodukowany przez renomowan\u0105 firm\u0119\u00a0<strong>SIOEN<\/strong>, jest idealny do zastosowania w membranach fermentator\u00f3w, zbiornikach gazu oraz zadaszeniach zbiornik\u00f3w na gnojowic\u0119 i wsz\u0119dzie tam, gdzie wyst\u0119puje agresywne \u015brodowisko.<\/p>\n<h3>Bariera gazowa lub zewn\u0119trzna pow\u0142oka<\/h3>\n<p>Jej trwa\u0142e elektrodyssypacyjne wyko\u0144czenie powierzchni sprawia, \u017ce nadaje si\u0119 zar\u00f3wno do zastosowa\u0144 wewn\u0105trz (jako bariera gazowa) jak i na zewn\u0105trz (jako pow\u0142oka strukturalna). Dzi\u0119ki tym zaletom, B6149 to idealny wyb\u00f3r dla firm, kt\u00f3re poszukuj\u0105 profesjonalnych i niezawodnych rozwi\u0105za\u0144 membranowych.<\/p>\n<h3>Trudnopalno\u015b\u0107 &#8211;\u00a0B-s2,d0<\/h3>\n<p>Membrana B6149 posiada w\u0142a\u015bciwo\u015bci zmniejszaj\u0105ce palno\u015b\u0107 oraz doskonale sprawdza si\u0119 jako efektywna bariera przeciws\u0142oneczna.<\/p>\n<h3>Przepuszczalno\u015b\u0107 gazu<\/h3>\n<p>Membrana ta charakteryzuje si\u0119 niezwykle nisk\u0105 przepuszczalno\u015bci\u0105 metanu.\u00a0Materia\u0142 B6067 zapewnia r\u00f3wnie\u017c doskona\u0142ymi w\u0142\u0105sciwo\u015bciami przepuszczalno\u015b\u0107 gazu, wynosz\u0105c\u0105\u00a0<strong>&lt; 400 cm\u00b3\/m\u00b2.bar.d<\/strong>. To sprawia, \u017ce jest on idealnym wyborem do zastosowa\u0144, gdzie wymagany jest kontrolowany przep\u0142yw gaz\u00f3w.<\/p>\n<p>Membrana jest dodatkowo wzbogacona o sk\u0142adniki chroni\u0105ce przed procesami trawienia bakteryjnego, degradacj\u0105 chemiczn\u0105, termiczn\u0105 oraz promieniowaniem UV. To wszystko gwarantuje jej d\u0142ugotrwa\u0142\u0105 wydajno\u015b\u0107.<\/p>\n<p>Nie wahaj si\u0119 wybra\u0107 materia\u0142u\u00a0<strong>B6149<\/strong>, je\u015bli potrzebujesz wyj\u0105tkowej wytrzyma\u0142o\u015bci,\u00a0<strong>atestu<\/strong>\u00a0<strong>trudnopalno\u015bci<\/strong>, odporno\u015bci na hydroliz\u0119 oraz doskona\u0142ych w\u0142a\u015bciwo\u015bci antybakteryjnych i UV-stabilizacji. Ten produkt firmy\u00a0<strong>SIOEN<\/strong>\u00a0spe\u0142ni Twoje najwy\u017csze oczekiwania!<\/p>\n<p>&nbsp;<\/p>\n<p>Gramatura: 950 g\/m2<br \/>\nOchrona UV: \u2714<br \/>\nAtest higieniczny: PZH<\/p>","protected":false},"excerpt":{"rendered":"<p>Materia\u0142 PCV &#8211;\u00a0B6149\u00a0(typ II,\u00a0920g\/m\u00b2) to dwustronnie powlekana tkanina PCV, kt\u00f3ra mo\u017ce by\u0107 bezpo\u015brednio zgrzewana. Jest ona wyj\u0105tkowo wytrzyma\u0142a na rozci\u0105ganie i zosta\u0142a specjalnie zaprojektowana, aby sprosta\u0107 rygorystycznym wymaganiom biogazowni, zgodnie z przepisami\u00a0TRAS 120. &nbsp; Materia\u0142 PCV &#8211;\u00a0B6149, wyprodukowany przez renomowan\u0105 firm\u0119\u00a0SIOEN, jest idealny do zastosowania w membranach fermentator\u00f3w, zbiornikach gazu oraz zadaszeniach zbiornik\u00f3w na gnojowic\u0119 [&hellip;]<\/p>\n","protected":false},"featured_media":6121,"template":"","meta":{"_acf_changed":false},"product_cat":[690],"product_tag":[],"class_list":{"0":"post-6118","1":"product","2":"type-product","3":"status-publish","4":"has-post-thumbnail","6":"product_cat-typ-ii","8":"first","9":"outofstock","10":"taxable","11":"shipping-taxable","12":"product-type-simple","swatches":"rey-swatches","show_selected":""},"acf":[],"_links":{"self":[{"href":"https:\/\/sakoplan.pl\/de\/wp-json\/wp\/v2\/product\/6118","targetHints":{"allow":["GET"]}}],"collection":[{"href":"https:\/\/sakoplan.pl\/de\/wp-json\/wp\/v2\/product"}],"about":[{"href":"https:\/\/sakoplan.pl\/de\/wp-json\/wp\/v2\/types\/product"}],"version-history":[{"count":0,"href":"https:\/\/sakoplan.pl\/de\/wp-json\/wp\/v2\/product\/6118\/revisions"}],"wp:featuredmedia":[{"embeddable":true,"href":"https:\/\/sakoplan.pl\/de\/wp-json\/wp\/v2\/media\/6121"}],"wp:attachment":[{"href":"https:\/\/sakoplan.pl\/de\/wp-json\/wp\/v2\/media?parent=6118"}],"wp:term":[{"taxonomy":"product_cat","embeddable":true,"href":"https:\/\/sakoplan.pl\/de\/wp-json\/wp\/v2\/product_cat?post=6118"},{"taxonomy":"product_tag","embeddable":true,"href":"https:\/\/sakoplan.pl\/de\/wp-json\/wp\/v2\/product_tag?post=6118"}],"curies":[{"name":"wp","href":"https:\/\/api.w.org\/{rel}","templated":true}]}}