{"id":6097,"date":"2025-11-17T12:10:05","date_gmt":"2025-11-17T12:10:05","guid":{"rendered":"https:\/\/sakoplan.pl\/?post_type=product&#038;p=6097"},"modified":"2025-11-17T12:13:25","modified_gmt":"2025-11-17T12:13:25","slug":"material-z-faktura-kostki-g2759","status":"publish","type":"product","link":"https:\/\/sakoplan.pl\/de\/produkt\/material-z-faktura-kostki-g2759\/","title":{"rendered":"Materia\u0142 z faktur\u0105 kostki G2759"},"content":{"rendered":"<div class=\"row\">\n<div class=\"col-sm-9\"><strong>PROSIMY O KONTAKT Z OBS\u0141UG\u0104 SKLEPU BY Z\u0141O\u017bY\u0106 ZAM\u00d3WIENIE.<\/strong>\u00a0Materia\u0142 z faktur\u0105 kostki, powleczony jednostronnie antypo\u015blizgowo. Materia\u0142 nie zawiera ftalan\u00f3w.<\/div>\n<\/div>\n<div><\/div>\n<div><\/div>\n<div>\n<p>Dane techniczne:<\/p>\n<p>Gramatura: 600 g\/m2<br \/>\nSzeroko\u015b\u0107: 218 cm<br \/>\nNaw\u00f3j: 65 mb<\/p>\n<\/div>","protected":false},"excerpt":{"rendered":"<p>PROSIMY O KONTAKT Z OBS\u0141UG\u0104 SKLEPU BY Z\u0141O\u017bY\u0106 ZAM\u00d3WIENIE.\u00a0Materia\u0142 z faktur\u0105 kostki, powleczony jednostronnie antypo\u015blizgowo. Materia\u0142 nie zawiera ftalan\u00f3w. Dane techniczne: Gramatura: 600 g\/m2 Szeroko\u015b\u0107: 218 cm Naw\u00f3j: 65 mb<\/p>","protected":false},"featured_media":6086,"template":"","meta":{"_acf_changed":false},"product_cat":[663],"product_tag":[],"class_list":{"0":"post-6097","1":"product","2":"type-product","3":"status-publish","4":"has-post-thumbnail","6":"product_cat-do-wyrobu-materacy","8":"first","9":"instock","10":"taxable","11":"shipping-taxable","12":"purchasable","13":"product-type-variable","swatches":"rey-swatches","show_selected":""},"acf":[],"_links":{"self":[{"href":"https:\/\/sakoplan.pl\/de\/wp-json\/wp\/v2\/product\/6097","targetHints":{"allow":["GET"]}}],"collection":[{"href":"https:\/\/sakoplan.pl\/de\/wp-json\/wp\/v2\/product"}],"about":[{"href":"https:\/\/sakoplan.pl\/de\/wp-json\/wp\/v2\/types\/product"}],"version-history":[{"count":0,"href":"https:\/\/sakoplan.pl\/de\/wp-json\/wp\/v2\/product\/6097\/revisions"}],"wp:featuredmedia":[{"embeddable":true,"href":"https:\/\/sakoplan.pl\/de\/wp-json\/wp\/v2\/media\/6086"}],"wp:attachment":[{"href":"https:\/\/sakoplan.pl\/de\/wp-json\/wp\/v2\/media?parent=6097"}],"wp:term":[{"taxonomy":"product_cat","embeddable":true,"href":"https:\/\/sakoplan.pl\/de\/wp-json\/wp\/v2\/product_cat?post=6097"},{"taxonomy":"product_tag","embeddable":true,"href":"https:\/\/sakoplan.pl\/de\/wp-json\/wp\/v2\/product_tag?post=6097"}],"curies":[{"name":"wp","href":"https:\/\/api.w.org\/{rel}","templated":true}]}}