{"id":6091,"date":"2025-11-17T12:07:32","date_gmt":"2025-11-17T12:07:32","guid":{"rendered":"https:\/\/sakoplan.pl\/?post_type=product&#038;p=6091"},"modified":"2025-11-17T12:09:43","modified_gmt":"2025-11-17T12:09:43","slug":"material-imitujacy-sztuczna-skore-g7650","status":"publish","type":"product","link":"https:\/\/sakoplan.pl\/de\/produkt\/material-imitujacy-sztuczna-skore-g7650\/","title":{"rendered":"Materia\u0142 imituj\u0105cy sztuczn\u0105 sk\u00f3r\u0119 G7650"},"content":{"rendered":"<div class=\"row\">\n<div class=\"col-sm-9\">\n<div class=\"row\">\n<div class=\"col-sm-9\"><strong>PROSIMY O KONTAKT Z OBS\u0141UG\u0104 SKLEPU BY Z\u0141O\u017bY\u0106 ZAM\u00d3WIENIE.<\/strong> Elastyczna tkanina powleczona jednostronnie PVC, z charakterystycznym t\u0142oczeniem imituj\u0105cym sk\u00f3r\u0119, przez to cz\u0119sto nazywana sztuczn\u0105 sk\u00f3r\u0105. Materia\u0142 w standardzie pozbawiony zwi\u0105zk\u00f3w ftalan\u00f3w. Materia\u0142 niepalny (atest M2). <strong style=\"color: #484f56; font-size: 1.125rem;\">MATERIA\u0141 PLANDEKOWY SPRZEDAWANY JEST W ROLKACH LUB METRACH BIE\u017b\u0104CYCH.<\/strong><\/div>\n<\/div>\n<\/div>\n<\/div>\n<div><\/div>\n<div><\/div>\n<div>\n<p>Dane techniczne:<\/p>\n<p>Gramatura: 600 g\/m2<br \/>\nSzeroko\u015b\u0107: 218 cm<br \/>\nNaw\u00f3j: 65 mb<\/p>\n<\/div>","protected":false},"excerpt":{"rendered":"<p>PROSIMY O KONTAKT Z OBS\u0141UG\u0104 SKLEPU BY Z\u0141O\u017bY\u0106 ZAM\u00d3WIENIE. Elastyczna tkanina powleczona jednostronnie PVC, z charakterystycznym t\u0142oczeniem imituj\u0105cym sk\u00f3r\u0119, przez to cz\u0119sto nazywana sztuczn\u0105 sk\u00f3r\u0105. Materia\u0142 w standardzie pozbawiony zwi\u0105zk\u00f3w ftalan\u00f3w. Materia\u0142 niepalny (atest M2). MATERIA\u0141 PLANDEKOWY SPRZEDAWANY JEST W ROLKACH LUB METRACH BIE\u017b\u0104CYCH. Dane techniczne: Gramatura: 600 g\/m2 Szeroko\u015b\u0107: 218 cm Naw\u00f3j: 65 mb<\/p>","protected":false},"featured_media":6094,"template":"","meta":{"_acf_changed":false},"product_cat":[663],"product_tag":[],"class_list":{"0":"post-6091","1":"product","2":"type-product","3":"status-publish","4":"has-post-thumbnail","6":"product_cat-do-wyrobu-materacy","8":"first","9":"outofstock","10":"taxable","11":"shipping-taxable","12":"purchasable","13":"product-type-variable","swatches":"rey-swatches","show_selected":""},"acf":[],"_links":{"self":[{"href":"https:\/\/sakoplan.pl\/de\/wp-json\/wp\/v2\/product\/6091","targetHints":{"allow":["GET"]}}],"collection":[{"href":"https:\/\/sakoplan.pl\/de\/wp-json\/wp\/v2\/product"}],"about":[{"href":"https:\/\/sakoplan.pl\/de\/wp-json\/wp\/v2\/types\/product"}],"version-history":[{"count":0,"href":"https:\/\/sakoplan.pl\/de\/wp-json\/wp\/v2\/product\/6091\/revisions"}],"wp:featuredmedia":[{"embeddable":true,"href":"https:\/\/sakoplan.pl\/de\/wp-json\/wp\/v2\/media\/6094"}],"wp:attachment":[{"href":"https:\/\/sakoplan.pl\/de\/wp-json\/wp\/v2\/media?parent=6091"}],"wp:term":[{"taxonomy":"product_cat","embeddable":true,"href":"https:\/\/sakoplan.pl\/de\/wp-json\/wp\/v2\/product_cat?post=6091"},{"taxonomy":"product_tag","embeddable":true,"href":"https:\/\/sakoplan.pl\/de\/wp-json\/wp\/v2\/product_tag?post=6091"}],"curies":[{"name":"wp","href":"https:\/\/api.w.org\/{rel}","templated":true}]}}