{"id":6083,"date":"2025-11-17T12:04:51","date_gmt":"2025-11-17T12:04:51","guid":{"rendered":"https:\/\/sakoplan.pl\/?post_type=product&#038;p=6083"},"modified":"2025-11-17T12:17:01","modified_gmt":"2025-11-17T12:17:01","slug":"material-z-faktura-kostki-g2700","status":"publish","type":"product","link":"https:\/\/sakoplan.pl\/de\/produkt\/material-z-faktura-kostki-g2700\/","title":{"rendered":"Materia\u0142 z faktur\u0105 kostki G2700"},"content":{"rendered":"<div class=\"row\">\n<div class=\"col-sm-9\">Specjalistyczna tkanina powlekana obustronnie z charakterystycznym t\u0142oczeniem &#8220;kostki&#8221; na g\u00f3rnej stronie, u\u017cywany w celach wysoko antypo\u015blizgowych. Strona spodnia matowa. Materia\u0142 jest w wersji niepalnej (atest M2) oraz bez zwi\u0105zk\u00f3w ftalan\u00f3w. <strong style=\"color: #484f56; font-size: 1.125rem;\">MATERIA\u0141 PLANDEKOWY SPRZEDAWANY JEST W ROLKACH LUB METRACH BIE\u017b\u0104CYCH.<\/strong><\/div>\n<\/div>\n<div><\/div>\n<div><\/div>\n<div>\n<p>Dane techniczne:<\/p>\n<p>Gramatura: 700 g\/m2<br \/>\nSzeroko\u015b\u0107: 218 cm<br \/>\nNaw\u00f3j: 65 mb<\/p>\n<\/div>","protected":false},"excerpt":{"rendered":"<p>Specjalistyczna tkanina powlekana obustronnie z charakterystycznym t\u0142oczeniem &#8220;kostki&#8221; na g\u00f3rnej stronie, u\u017cywany w celach wysoko antypo\u015blizgowych. Strona spodnia matowa. Materia\u0142 jest w wersji niepalnej (atest M2) oraz bez zwi\u0105zk\u00f3w ftalan\u00f3w. MATERIA\u0141 PLANDEKOWY SPRZEDAWANY JEST W ROLKACH LUB METRACH BIE\u017b\u0104CYCH. Dane techniczne: Gramatura: 700 g\/m2 Szeroko\u015b\u0107: 218 cm Naw\u00f3j: 65 mb<\/p>","protected":false},"featured_media":6086,"template":"","meta":{"_acf_changed":false},"product_cat":[663],"product_tag":[],"class_list":{"0":"post-6083","1":"product","2":"type-product","3":"status-publish","4":"has-post-thumbnail","6":"product_cat-do-wyrobu-materacy","8":"first","9":"instock","10":"taxable","11":"shipping-taxable","12":"purchasable","13":"product-type-variable","swatches":"rey-swatches","show_selected":""},"acf":[],"_links":{"self":[{"href":"https:\/\/sakoplan.pl\/de\/wp-json\/wp\/v2\/product\/6083","targetHints":{"allow":["GET"]}}],"collection":[{"href":"https:\/\/sakoplan.pl\/de\/wp-json\/wp\/v2\/product"}],"about":[{"href":"https:\/\/sakoplan.pl\/de\/wp-json\/wp\/v2\/types\/product"}],"version-history":[{"count":0,"href":"https:\/\/sakoplan.pl\/de\/wp-json\/wp\/v2\/product\/6083\/revisions"}],"wp:featuredmedia":[{"embeddable":true,"href":"https:\/\/sakoplan.pl\/de\/wp-json\/wp\/v2\/media\/6086"}],"wp:attachment":[{"href":"https:\/\/sakoplan.pl\/de\/wp-json\/wp\/v2\/media?parent=6083"}],"wp:term":[{"taxonomy":"product_cat","embeddable":true,"href":"https:\/\/sakoplan.pl\/de\/wp-json\/wp\/v2\/product_cat?post=6083"},{"taxonomy":"product_tag","embeddable":true,"href":"https:\/\/sakoplan.pl\/de\/wp-json\/wp\/v2\/product_tag?post=6083"}],"curies":[{"name":"wp","href":"https:\/\/api.w.org\/{rel}","templated":true}]}}