{"id":6075,"date":"2025-11-17T12:00:05","date_gmt":"2025-11-17T12:00:05","guid":{"rendered":"https:\/\/sakoplan.pl\/?post_type=product&#038;p=6075"},"modified":"2025-11-17T12:02:45","modified_gmt":"2025-11-17T12:02:45","slug":"material-na-maty-tatami-g7655-szer-125-cm","status":"publish","type":"product","link":"https:\/\/sakoplan.pl\/de\/produkt\/material-na-maty-tatami-g7655-szer-125-cm\/","title":{"rendered":"Materia\u0142 na maty TATAMI G7655 szer. 125 cm"},"content":{"rendered":"<div class=\"col-sm-9\"><strong>PROSIMY O KONTAKT Z OBS\u0141UG\u0104 SKLEPU BY Z\u0141O\u017bY\u0106 ZAM\u00d3WIENIE.<\/strong>\u00a0Specjalistyczna tkanina powlekana jednostronnie z charakterystycznym t\u0142oczeniem imituj\u0105cym trzcin\u0119 ry\u017cow\u0105 &#8220;tatami&#8221; na g\u00f3rnej stronie, u\u017cywana do produkcji mat do judo. PVC twarde niespienione. Materia\u0142 w standardzie pozbawiony zwi\u0105zk\u00f3w ftalan\u00f3w.<\/div>\n<div class=\"col-sm-9\">W podstawowej ofercie dost\u0119pny kolor oliwkowy. Inne kolory na zam\u00f3wienie &#8211; min. 1000 mb.<\/div>\n<div><\/div>\n<div><\/div>\n<div>\n<p>Dane techniczne:<\/p>\n<p>Gramatura: 720 g\/m2<br \/>\nSzeroko\u015b\u0107: 125 cm<br \/>\nNaw\u00f3j: 65 mb<\/p>\n<\/div>","protected":false},"excerpt":{"rendered":"<p>PROSIMY O KONTAKT Z OBS\u0141UG\u0104 SKLEPU BY Z\u0141O\u017bY\u0106 ZAM\u00d3WIENIE.\u00a0Specjalistyczna tkanina powlekana jednostronnie z charakterystycznym t\u0142oczeniem imituj\u0105cym trzcin\u0119 ry\u017cow\u0105 &#8220;tatami&#8221; na g\u00f3rnej stronie, u\u017cywana do produkcji mat do judo. PVC twarde niespienione. Materia\u0142 w standardzie pozbawiony zwi\u0105zk\u00f3w ftalan\u00f3w. W podstawowej ofercie dost\u0119pny kolor oliwkowy. Inne kolory na zam\u00f3wienie &#8211; min. 1000 mb. Dane techniczne: Gramatura: 720 [&hellip;]<\/p>\n","protected":false},"featured_media":6078,"template":"","meta":{"_acf_changed":false},"product_cat":[663],"product_tag":[],"class_list":{"0":"post-6075","1":"product","2":"type-product","3":"status-publish","4":"has-post-thumbnail","6":"product_cat-do-wyrobu-materacy","8":"first","9":"outofstock","10":"taxable","11":"shipping-taxable","12":"purchasable","13":"product-type-variable","swatches":"rey-swatches","show_selected":""},"acf":[],"_links":{"self":[{"href":"https:\/\/sakoplan.pl\/de\/wp-json\/wp\/v2\/product\/6075","targetHints":{"allow":["GET"]}}],"collection":[{"href":"https:\/\/sakoplan.pl\/de\/wp-json\/wp\/v2\/product"}],"about":[{"href":"https:\/\/sakoplan.pl\/de\/wp-json\/wp\/v2\/types\/product"}],"version-history":[{"count":0,"href":"https:\/\/sakoplan.pl\/de\/wp-json\/wp\/v2\/product\/6075\/revisions"}],"wp:featuredmedia":[{"embeddable":true,"href":"https:\/\/sakoplan.pl\/de\/wp-json\/wp\/v2\/media\/6078"}],"wp:attachment":[{"href":"https:\/\/sakoplan.pl\/de\/wp-json\/wp\/v2\/media?parent=6075"}],"wp:term":[{"taxonomy":"product_cat","embeddable":true,"href":"https:\/\/sakoplan.pl\/de\/wp-json\/wp\/v2\/product_cat?post=6075"},{"taxonomy":"product_tag","embeddable":true,"href":"https:\/\/sakoplan.pl\/de\/wp-json\/wp\/v2\/product_tag?post=6075"}],"curies":[{"name":"wp","href":"https:\/\/api.w.org\/{rel}","templated":true}]}}