{"id":6013,"date":"2025-11-17T11:16:55","date_gmt":"2025-11-17T11:16:55","guid":{"rendered":"https:\/\/sakoplan.pl\/?post_type=product&#038;p=6013"},"modified":"2025-11-17T11:20:25","modified_gmt":"2025-11-17T11:20:25","slug":"siatka-pvc-w3030-siatka-do-plandek-do-transportu-drobiu","status":"publish","type":"product","link":"https:\/\/sakoplan.pl\/de\/produkt\/siatka-pvc-w3030-siatka-do-plandek-do-transportu-drobiu\/","title":{"rendered":"Siatka PVC &#8211; W3030, siatka do plandek do transportu drobiu"},"content":{"rendered":"<p>Siatka poliestrowa powlekane PVC stosowana w naczepach do transportu drobiu. Wykonuje si\u0119 z nich \u015bciany boczne plandek z otworami siatkowymi zapewniaj\u0105cymi odpowiedni\u0105 ilo\u015b\u0107 powietrza przewo\u017conym zwierz\u0119tom.<\/p>\n<p>&nbsp;<\/p>\n<p><strong>UWAGA:\u00a0Siatka spe\u0142nia wymogi rozporz\u0105dzenia dotycz\u0105cego warunk\u00f3w i sposob\u00f3w transportu zwierz\u0105t!<\/strong><\/p>\n<p>Gramatura:\u00a0<strong>420 g\/m2<\/strong><\/p>\n<p>Szeroko\u015b\u0107:\u00a0<strong>300 cm<\/strong><\/p>\n<p>Naw\u00f3j:\u00a0<strong>50 mb<\/strong><\/p>\n<p>Wielko\u015b\u0107 oczka:\u00a0<strong>15 mm x 15 mm<\/strong><\/p>\n<p><strong>Atest PZH<\/strong><\/p>","protected":false},"excerpt":{"rendered":"<p>Siatka poliestrowa powlekane PVC stosowana w naczepach do transportu drobiu. Wykonuje si\u0119 z nich \u015bciany boczne plandek z otworami siatkowymi zapewniaj\u0105cymi odpowiedni\u0105 ilo\u015b\u0107 powietrza przewo\u017conym zwierz\u0119tom. &nbsp; UWAGA:\u00a0Siatka spe\u0142nia wymogi rozporz\u0105dzenia dotycz\u0105cego warunk\u00f3w i sposob\u00f3w transportu zwierz\u0105t! Gramatura:\u00a0420 g\/m2 Szeroko\u015b\u0107:\u00a0300 cm Naw\u00f3j:\u00a050 mb Wielko\u015b\u0107 oczka:\u00a015 mm x 15 mm Atest PZH<\/p>","protected":false},"featured_media":6021,"template":"","meta":{"_acf_changed":false},"product_cat":[657],"product_tag":[],"class_list":{"0":"post-6013","1":"product","2":"type-product","3":"status-publish","4":"has-post-thumbnail","6":"product_cat-siatki-mesh","7":"pa_kolor-7999-ral-9005","9":"first","10":"outofstock","11":"taxable","12":"shipping-taxable","13":"purchasable","14":"product-type-variable","swatches":"rey-swatches","show_selected":""},"acf":[],"_links":{"self":[{"href":"https:\/\/sakoplan.pl\/de\/wp-json\/wp\/v2\/product\/6013","targetHints":{"allow":["GET"]}}],"collection":[{"href":"https:\/\/sakoplan.pl\/de\/wp-json\/wp\/v2\/product"}],"about":[{"href":"https:\/\/sakoplan.pl\/de\/wp-json\/wp\/v2\/types\/product"}],"version-history":[{"count":0,"href":"https:\/\/sakoplan.pl\/de\/wp-json\/wp\/v2\/product\/6013\/revisions"}],"wp:featuredmedia":[{"embeddable":true,"href":"https:\/\/sakoplan.pl\/de\/wp-json\/wp\/v2\/media\/6021"}],"wp:attachment":[{"href":"https:\/\/sakoplan.pl\/de\/wp-json\/wp\/v2\/media?parent=6013"}],"wp:term":[{"taxonomy":"product_cat","embeddable":true,"href":"https:\/\/sakoplan.pl\/de\/wp-json\/wp\/v2\/product_cat?post=6013"},{"taxonomy":"product_tag","embeddable":true,"href":"https:\/\/sakoplan.pl\/de\/wp-json\/wp\/v2\/product_tag?post=6013"}],"curies":[{"name":"wp","href":"https:\/\/api.w.org\/{rel}","templated":true}]}}