{"id":5991,"date":"2025-11-17T11:07:01","date_gmt":"2025-11-17T11:07:01","guid":{"rendered":"https:\/\/sakoplan.pl\/?post_type=product&#038;p=5991"},"modified":"2025-11-17T11:13:16","modified_gmt":"2025-11-17T11:13:16","slug":"siatka-pvc-stm370-370-g-m2-szer-210-cm","status":"publish","type":"product","link":"https:\/\/sakoplan.pl\/de\/produkt\/siatka-pvc-stm370-370-g-m2-szer-210-cm\/","title":{"rendered":"Siatka PVC \u2013 STM370, 370 g\/m2, szer. 210 cm"},"content":{"rendered":"<p>Mocna siatka o wysokiej wytrzyma\u0142o\u015bci na bazie w\u0142\u00f3kna poliestrowego o gramaturze 370g\/m2. W odr\u00f3\u017cnieniu od siatki STM400FR posiada wi\u0119ksze \u201eoczka\u201d \u2013 2 mm x 2 mm. Wyst\u0119puje w kolorach : niebieskim \u2013 RAL 5005 oraz czarnym \u2013 RAL 9005. Mo\u017cliwo\u015b\u0107 zakupu w pe\u0142nych rolkach \u2013 50 mb lub w ilo\u015bciach detalicznych &#8211; na mb. Uwaga: produkt nie posiada atestu trudnopalno\u015bci.<\/p>\n<p>&nbsp;<\/p>\n<p>Gramatura: 370 g\/m2<\/p>\n<p>szeroko\u015b\u0107: 210 cm<\/p>\n<p>naw\u00f3j: 50 mb<\/p>\n<p>Wielko\u015b\u0107 oczka:\u00a02 mm x\u00a02 mm<\/p>","protected":false},"excerpt":{"rendered":"<p>Mocna siatka o wysokiej wytrzyma\u0142o\u015bci na bazie w\u0142\u00f3kna poliestrowego o gramaturze 370g\/m2. W odr\u00f3\u017cnieniu od siatki STM400FR posiada wi\u0119ksze \u201eoczka\u201d \u2013 2 mm x 2 mm. Wyst\u0119puje w kolorach : niebieskim \u2013 RAL 5005 oraz czarnym \u2013 RAL 9005. Mo\u017cliwo\u015b\u0107 zakupu w pe\u0142nych rolkach \u2013 50 mb lub w ilo\u015bciach detalicznych &#8211; na mb. Uwaga: [&hellip;]<\/p>\n","protected":false},"featured_media":6004,"template":"","meta":{"_acf_changed":false},"product_cat":[657],"product_tag":[],"class_list":{"0":"post-5991","1":"product","2":"type-product","3":"status-publish","4":"has-post-thumbnail","6":"product_cat-siatki-mesh","7":"pa_kolor-ral-5005","8":"pa_kolor-ral-9016","9":"pa_kolor-sioen-7999-ral-9005","11":"first","12":"instock","13":"taxable","14":"shipping-taxable","15":"purchasable","16":"product-type-variable","swatches":"rey-swatches","show_selected":""},"acf":[],"_links":{"self":[{"href":"https:\/\/sakoplan.pl\/de\/wp-json\/wp\/v2\/product\/5991","targetHints":{"allow":["GET"]}}],"collection":[{"href":"https:\/\/sakoplan.pl\/de\/wp-json\/wp\/v2\/product"}],"about":[{"href":"https:\/\/sakoplan.pl\/de\/wp-json\/wp\/v2\/types\/product"}],"version-history":[{"count":0,"href":"https:\/\/sakoplan.pl\/de\/wp-json\/wp\/v2\/product\/5991\/revisions"}],"wp:featuredmedia":[{"embeddable":true,"href":"https:\/\/sakoplan.pl\/de\/wp-json\/wp\/v2\/media\/6004"}],"wp:attachment":[{"href":"https:\/\/sakoplan.pl\/de\/wp-json\/wp\/v2\/media?parent=5991"}],"wp:term":[{"taxonomy":"product_cat","embeddable":true,"href":"https:\/\/sakoplan.pl\/de\/wp-json\/wp\/v2\/product_cat?post=5991"},{"taxonomy":"product_tag","embeddable":true,"href":"https:\/\/sakoplan.pl\/de\/wp-json\/wp\/v2\/product_tag?post=5991"}],"curies":[{"name":"wp","href":"https:\/\/api.w.org\/{rel}","templated":true}]}}