{"id":5862,"date":"2025-11-17T08:47:43","date_gmt":"2025-11-17T08:47:43","guid":{"rendered":"https:\/\/sakoplan.pl\/?post_type=product&#038;p=5862"},"modified":"2025-11-17T08:47:43","modified_gmt":"2025-11-17T08:47:43","slug":"sloiki-plastikowe-spozywcze-fi-6x11cm-1-szt","status":"publish","type":"product","link":"https:\/\/sakoplan.pl\/de\/produkt\/sloiki-plastikowe-spozywcze-fi-6x11cm-1-szt\/","title":{"rendered":"S\u0142oiki plastikowe spo\u017cywcze Fi 6&#215;11(cm) 1 szt."},"content":{"rendered":"<p>S\u0142oiki plastikowe spo\u017cywcze Fi 6&#215;11(cm) 300 ml 1 sztuka.<\/p>\n<p>&nbsp;<\/p>\n<p>Wymiary:<\/p>\n<p>&#8211; Szeroko\u015b\u0107 z gwintem: 6(cm)<\/p>\n<p>&#8211; Wysoko\u015b\u0107: 11(cm)<\/p>\n<p>&#8211; Pojemno\u015b\u0107: 300 ml<\/p>\n<p>W paczce znajduje si\u0119 1 sztuka<\/p>","protected":false},"excerpt":{"rendered":"<p>S\u0142oiki plastikowe spo\u017cywcze Fi 6&#215;11(cm) 300 ml 1 sztuka. &nbsp; Wymiary: &#8211; Szeroko\u015b\u0107 z gwintem: 6(cm) &#8211; Wysoko\u015b\u0107: 11(cm) &#8211; Pojemno\u015b\u0107: 300 ml W paczce znajduje si\u0119 1 sztuka<\/p>","protected":false},"featured_media":5866,"template":"","meta":{"_acf_changed":false},"product_cat":[611],"product_tag":[],"class_list":{"0":"post-5862","1":"product","2":"type-product","3":"status-publish","4":"has-post-thumbnail","6":"product_cat-pojemniki-pcv","8":"first","9":"instock","10":"taxable","11":"shipping-taxable","12":"purchasable","13":"product-type-simple","swatches":"rey-swatches","show_selected":""},"acf":[],"_links":{"self":[{"href":"https:\/\/sakoplan.pl\/de\/wp-json\/wp\/v2\/product\/5862","targetHints":{"allow":["GET"]}}],"collection":[{"href":"https:\/\/sakoplan.pl\/de\/wp-json\/wp\/v2\/product"}],"about":[{"href":"https:\/\/sakoplan.pl\/de\/wp-json\/wp\/v2\/types\/product"}],"version-history":[{"count":0,"href":"https:\/\/sakoplan.pl\/de\/wp-json\/wp\/v2\/product\/5862\/revisions"}],"wp:featuredmedia":[{"embeddable":true,"href":"https:\/\/sakoplan.pl\/de\/wp-json\/wp\/v2\/media\/5866"}],"wp:attachment":[{"href":"https:\/\/sakoplan.pl\/de\/wp-json\/wp\/v2\/media?parent=5862"}],"wp:term":[{"taxonomy":"product_cat","embeddable":true,"href":"https:\/\/sakoplan.pl\/de\/wp-json\/wp\/v2\/product_cat?post=5862"},{"taxonomy":"product_tag","embeddable":true,"href":"https:\/\/sakoplan.pl\/de\/wp-json\/wp\/v2\/product_tag?post=5862"}],"curies":[{"name":"wp","href":"https:\/\/api.w.org\/{rel}","templated":true}]}}