{"id":5854,"date":"2025-11-17T08:31:39","date_gmt":"2025-11-17T08:31:39","guid":{"rendered":"https:\/\/sakoplan.pl\/?post_type=product&#038;p=5854"},"modified":"2025-11-25T11:27:14","modified_gmt":"2025-11-25T11:27:14","slug":"soczewka-skupiajaca-opal","status":"publish","type":"product","link":"https:\/\/sakoplan.pl\/de\/produkt\/soczewka-skupiajaca-opal\/","title":{"rendered":"Soczewka skupiaj\u0105ca OPAL"},"content":{"rendered":"<p>Soczewka skupiaj\u0105ca OPAL ma za zadanie rozprasza\u0107 \u015bwiat\u0142o, co pozwala na uzyskanie efektu zamglenia. \u015awietnie sprawdzi si\u0119 jako element dekoracyjny do nowoczesnych wn\u0119trz.<\/p>","protected":false},"excerpt":{"rendered":"<p>Soczewka skupiaj\u0105ca OPAL ma za zadanie rozprasza\u0107 \u015bwiat\u0142o, co pozwala na uzyskanie efektu zamglenia. \u015awietnie sprawdzi si\u0119 jako element dekoracyjny do nowoczesnych wn\u0119trz.<\/p>","protected":false},"featured_media":5855,"template":"","meta":{"_acf_changed":false},"product_cat":[610],"product_tag":[],"class_list":{"0":"post-5854","1":"product","2":"type-product","3":"status-publish","4":"has-post-thumbnail","6":"product_cat-akcesoria-led","8":"first","9":"instock","10":"taxable","11":"shipping-taxable","12":"purchasable","13":"product-type-simple","swatches":"rey-swatches","show_selected":""},"acf":[],"_links":{"self":[{"href":"https:\/\/sakoplan.pl\/de\/wp-json\/wp\/v2\/product\/5854","targetHints":{"allow":["GET"]}}],"collection":[{"href":"https:\/\/sakoplan.pl\/de\/wp-json\/wp\/v2\/product"}],"about":[{"href":"https:\/\/sakoplan.pl\/de\/wp-json\/wp\/v2\/types\/product"}],"version-history":[{"count":0,"href":"https:\/\/sakoplan.pl\/de\/wp-json\/wp\/v2\/product\/5854\/revisions"}],"wp:featuredmedia":[{"embeddable":true,"href":"https:\/\/sakoplan.pl\/de\/wp-json\/wp\/v2\/media\/5855"}],"wp:attachment":[{"href":"https:\/\/sakoplan.pl\/de\/wp-json\/wp\/v2\/media?parent=5854"}],"wp:term":[{"taxonomy":"product_cat","embeddable":true,"href":"https:\/\/sakoplan.pl\/de\/wp-json\/wp\/v2\/product_cat?post=5854"},{"taxonomy":"product_tag","embeddable":true,"href":"https:\/\/sakoplan.pl\/de\/wp-json\/wp\/v2\/product_tag?post=5854"}],"curies":[{"name":"wp","href":"https:\/\/api.w.org\/{rel}","templated":true}]}}