{"id":5842,"date":"2025-11-17T08:11:23","date_gmt":"2025-11-17T08:11:23","guid":{"rendered":"https:\/\/sakoplan.pl\/?post_type=product&#038;p=5842"},"modified":"2025-11-25T11:16:32","modified_gmt":"2025-11-25T11:16:32","slug":"tasma-led-5050-biala","status":"publish","type":"product","link":"https:\/\/sakoplan.pl\/de\/produkt\/tasma-led-5050-biala\/","title":{"rendered":"Ta\u015bma LED 5050 BIA\u0141A"},"content":{"rendered":"<p>Ta\u015bma LED 5050 bia\u0142a d\u0142ugo\u015b\u0107 ca\u0142o\u015bci 5 metr\u00f3w.<\/p>\n<p>&nbsp;<\/p>\n<p>Napi\u0119cie: 12 VDC<\/p>\n<p>TYP: SMD 5050<\/p>\n<p>Wodoodporno\u015b\u0107: Crystal resin IP65<\/p>\n<p>Ilo\u015b\u0107 LED\u00f3w: 60 szt.\/m.<\/p>","protected":false},"excerpt":{"rendered":"<p>Ta\u015bma LED 5050 bia\u0142a d\u0142ugo\u015b\u0107 ca\u0142o\u015bci 5 metr\u00f3w. &nbsp; Napi\u0119cie: 12 VDC TYP: SMD 5050 Wodoodporno\u015b\u0107: Crystal resin IP65 Ilo\u015b\u0107 LED\u00f3w: 60 szt.\/m.<\/p>","protected":false},"featured_media":5845,"template":"","meta":{"_acf_changed":false},"product_cat":[610],"product_tag":[],"class_list":{"0":"post-5842","1":"product","2":"type-product","3":"status-publish","4":"has-post-thumbnail","6":"product_cat-akcesoria-led","8":"first","9":"outofstock","10":"taxable","11":"shipping-taxable","12":"purchasable","13":"product-type-simple","swatches":"rey-swatches","show_selected":""},"acf":[],"_links":{"self":[{"href":"https:\/\/sakoplan.pl\/de\/wp-json\/wp\/v2\/product\/5842","targetHints":{"allow":["GET"]}}],"collection":[{"href":"https:\/\/sakoplan.pl\/de\/wp-json\/wp\/v2\/product"}],"about":[{"href":"https:\/\/sakoplan.pl\/de\/wp-json\/wp\/v2\/types\/product"}],"version-history":[{"count":0,"href":"https:\/\/sakoplan.pl\/de\/wp-json\/wp\/v2\/product\/5842\/revisions"}],"wp:featuredmedia":[{"embeddable":true,"href":"https:\/\/sakoplan.pl\/de\/wp-json\/wp\/v2\/media\/5845"}],"wp:attachment":[{"href":"https:\/\/sakoplan.pl\/de\/wp-json\/wp\/v2\/media?parent=5842"}],"wp:term":[{"taxonomy":"product_cat","embeddable":true,"href":"https:\/\/sakoplan.pl\/de\/wp-json\/wp\/v2\/product_cat?post=5842"},{"taxonomy":"product_tag","embeddable":true,"href":"https:\/\/sakoplan.pl\/de\/wp-json\/wp\/v2\/product_tag?post=5842"}],"curies":[{"name":"wp","href":"https:\/\/api.w.org\/{rel}","templated":true}]}}