{"id":5814,"date":"2025-11-16T16:25:14","date_gmt":"2025-11-16T16:25:14","guid":{"rendered":"https:\/\/sakoplan.pl\/?post_type=product&#038;p=5814"},"modified":"2025-11-16T16:25:14","modified_gmt":"2025-11-16T16:25:14","slug":"dysza-szczelinowa-20-mm-wygieta-15-wlot-o32-mm-107-123-triac-s-st-at","status":"publish","type":"product","link":"https:\/\/sakoplan.pl\/de\/produkt\/dysza-szczelinowa-20-mm-wygieta-15-wlot-o32-mm-107-123-triac-s-st-at\/","title":{"rendered":"Dysza szczelinowa 20 mm, wygi\u0119ta 15\u00b0, (wlot \u00d832 mm) \u2013 107.123 Triac S\/ST\/AT"},"content":{"rendered":"<p>Dysza szczelinowa 20 mm, wygi\u0119ta 15\u00b0. Pasuje do wszystkich zgrzewarek posiadaj\u0105cych wylot wlot \u00d832 mm. Np. zgrzewarki r\u0119czne: Triac S, Triac ST, Triac AT. Standardowe wyposa\u017cenie ka\u017cdej firmy zajmuj\u0105cej si\u0119 produkcj\u0105 i napraw\u0105 plandek oraz u\u017cywana do zgrzewania membran dachowych.<\/p>","protected":false},"excerpt":{"rendered":"<p>Dysza szczelinowa 20 mm, wygi\u0119ta 15\u00b0. Pasuje do wszystkich zgrzewarek posiadaj\u0105cych wylot wlot \u00d832 mm. Np. zgrzewarki r\u0119czne: Triac S, Triac ST, Triac AT. Standardowe wyposa\u017cenie ka\u017cdej firmy zajmuj\u0105cej si\u0119 produkcj\u0105 i napraw\u0105 plandek oraz u\u017cywana do zgrzewania membran dachowych.<\/p>","protected":false},"featured_media":5815,"template":"","meta":{"_acf_changed":false},"product_cat":[595],"product_tag":[],"class_list":{"0":"post-5814","1":"product","2":"type-product","3":"status-publish","4":"has-post-thumbnail","6":"product_cat-akcesoria-do-zgrzewarek","8":"first","9":"instock","10":"taxable","11":"shipping-taxable","12":"purchasable","13":"product-type-simple","swatches":"rey-swatches","show_selected":""},"acf":[],"_links":{"self":[{"href":"https:\/\/sakoplan.pl\/de\/wp-json\/wp\/v2\/product\/5814","targetHints":{"allow":["GET"]}}],"collection":[{"href":"https:\/\/sakoplan.pl\/de\/wp-json\/wp\/v2\/product"}],"about":[{"href":"https:\/\/sakoplan.pl\/de\/wp-json\/wp\/v2\/types\/product"}],"version-history":[{"count":0,"href":"https:\/\/sakoplan.pl\/de\/wp-json\/wp\/v2\/product\/5814\/revisions"}],"wp:featuredmedia":[{"embeddable":true,"href":"https:\/\/sakoplan.pl\/de\/wp-json\/wp\/v2\/media\/5815"}],"wp:attachment":[{"href":"https:\/\/sakoplan.pl\/de\/wp-json\/wp\/v2\/media?parent=5814"}],"wp:term":[{"taxonomy":"product_cat","embeddable":true,"href":"https:\/\/sakoplan.pl\/de\/wp-json\/wp\/v2\/product_cat?post=5814"},{"taxonomy":"product_tag","embeddable":true,"href":"https:\/\/sakoplan.pl\/de\/wp-json\/wp\/v2\/product_tag?post=5814"}],"curies":[{"name":"wp","href":"https:\/\/api.w.org\/{rel}","templated":true}]}}