{"id":5809,"date":"2025-11-16T16:19:08","date_gmt":"2025-11-16T16:19:08","guid":{"rendered":"https:\/\/sakoplan.pl\/?post_type=product&#038;p=5809"},"modified":"2025-11-16T16:21:19","modified_gmt":"2025-11-16T16:21:19","slug":"walek-rolka-dociskowa-leister-40-mm-silikon-lozyska-140-160","status":"publish","type":"product","link":"https:\/\/sakoplan.pl\/de\/produkt\/walek-rolka-dociskowa-leister-40-mm-silikon-lozyska-140-160\/","title":{"rendered":"Wa\u0142ek \/ Rolka dociskowa LEISTER 40 mm, silikon, \u0142o\u017cyska \u2013 140.160"},"content":{"rendered":"<p>Wa\u0142ek \/ rolka dociskowa do zgrzewu o szeroko\u015bci 28 mm. Wykonany z silikonu, kt\u00f3ry \u0142atwo si\u0119 czy\u015bci. Posiada drewnian\u0105 r\u0105czk\u0119. Oryginalny produkt LEISTER. Niezwykle trwa\u0142a &#8211; na \u0142o\u017cyskach maszynowych. Stanowi standardowe wyposa\u017cenie ka\u017cdej firmy zajmuj\u0105cej si\u0119 produkcj\u0105 i napraw\u0105 plandek oraz zgrzewaniem membran dachowych i baner\u00f3w. W sprzeda\u017cy posiadamy wymienne gumy (&#8220;oponki&#8221;).<\/p>","protected":false},"excerpt":{"rendered":"<p>Wa\u0142ek \/ rolka dociskowa do zgrzewu o szeroko\u015bci 28 mm. Wykonany z silikonu, kt\u00f3ry \u0142atwo si\u0119 czy\u015bci. Posiada drewnian\u0105 r\u0105czk\u0119. Oryginalny produkt LEISTER. Niezwykle trwa\u0142a &#8211; na \u0142o\u017cyskach maszynowych. Stanowi standardowe wyposa\u017cenie ka\u017cdej firmy zajmuj\u0105cej si\u0119 produkcj\u0105 i napraw\u0105 plandek oraz zgrzewaniem membran dachowych i baner\u00f3w. W sprzeda\u017cy posiadamy wymienne gumy (&#8220;oponki&#8221;).<\/p>","protected":false},"featured_media":5812,"template":"","meta":{"_acf_changed":false},"product_cat":[595],"product_tag":[],"class_list":{"0":"post-5809","1":"product","2":"type-product","3":"status-publish","4":"has-post-thumbnail","6":"product_cat-akcesoria-do-zgrzewarek","8":"first","9":"instock","10":"taxable","11":"shipping-taxable","12":"purchasable","13":"product-type-simple","swatches":"rey-swatches","show_selected":""},"acf":[],"_links":{"self":[{"href":"https:\/\/sakoplan.pl\/de\/wp-json\/wp\/v2\/product\/5809","targetHints":{"allow":["GET"]}}],"collection":[{"href":"https:\/\/sakoplan.pl\/de\/wp-json\/wp\/v2\/product"}],"about":[{"href":"https:\/\/sakoplan.pl\/de\/wp-json\/wp\/v2\/types\/product"}],"version-history":[{"count":0,"href":"https:\/\/sakoplan.pl\/de\/wp-json\/wp\/v2\/product\/5809\/revisions"}],"wp:featuredmedia":[{"embeddable":true,"href":"https:\/\/sakoplan.pl\/de\/wp-json\/wp\/v2\/media\/5812"}],"wp:attachment":[{"href":"https:\/\/sakoplan.pl\/de\/wp-json\/wp\/v2\/media?parent=5809"}],"wp:term":[{"taxonomy":"product_cat","embeddable":true,"href":"https:\/\/sakoplan.pl\/de\/wp-json\/wp\/v2\/product_cat?post=5809"},{"taxonomy":"product_tag","embeddable":true,"href":"https:\/\/sakoplan.pl\/de\/wp-json\/wp\/v2\/product_tag?post=5809"}],"curies":[{"name":"wp","href":"https:\/\/api.w.org\/{rel}","templated":true}]}}