{"id":5801,"date":"2025-11-16T16:13:33","date_gmt":"2025-11-16T16:13:33","guid":{"rendered":"https:\/\/sakoplan.pl\/?post_type=product&#038;p=5801"},"modified":"2025-11-16T16:13:33","modified_gmt":"2025-11-16T16:13:33","slug":"walek-rolka-dociskowa-do-tasmy-celnej-106-981","status":"publish","type":"product","link":"https:\/\/sakoplan.pl\/de\/produkt\/walek-rolka-dociskowa-do-tasmy-celnej-106-981\/","title":{"rendered":"Wa\u0142ek \/ rolka dociskowa do ta\u015bmy celnej \u2013 106.981"},"content":{"rendered":"<p>Wa\u0142ek \/ rolka dociskowa do ta\u015bmy celnej &#8211; w zestawie dwa k\u00f3\u0142ka dociskowe: 1 szt. karbowane i 1 szt. gumowe.<\/p>","protected":false},"excerpt":{"rendered":"<p>Wa\u0142ek \/ rolka dociskowa do ta\u015bmy celnej &#8211; w zestawie dwa k\u00f3\u0142ka dociskowe: 1 szt. karbowane i 1 szt. gumowe.<\/p>","protected":false},"featured_media":5802,"template":"","meta":{"_acf_changed":false},"product_cat":[595],"product_tag":[],"class_list":{"0":"post-5801","1":"product","2":"type-product","3":"status-publish","4":"has-post-thumbnail","6":"product_cat-akcesoria-do-zgrzewarek","8":"first","9":"outofstock","10":"taxable","11":"shipping-taxable","12":"purchasable","13":"product-type-simple","swatches":"rey-swatches","show_selected":""},"acf":[],"_links":{"self":[{"href":"https:\/\/sakoplan.pl\/de\/wp-json\/wp\/v2\/product\/5801","targetHints":{"allow":["GET"]}}],"collection":[{"href":"https:\/\/sakoplan.pl\/de\/wp-json\/wp\/v2\/product"}],"about":[{"href":"https:\/\/sakoplan.pl\/de\/wp-json\/wp\/v2\/types\/product"}],"version-history":[{"count":0,"href":"https:\/\/sakoplan.pl\/de\/wp-json\/wp\/v2\/product\/5801\/revisions"}],"wp:featuredmedia":[{"embeddable":true,"href":"https:\/\/sakoplan.pl\/de\/wp-json\/wp\/v2\/media\/5802"}],"wp:attachment":[{"href":"https:\/\/sakoplan.pl\/de\/wp-json\/wp\/v2\/media?parent=5801"}],"wp:term":[{"taxonomy":"product_cat","embeddable":true,"href":"https:\/\/sakoplan.pl\/de\/wp-json\/wp\/v2\/product_cat?post=5801"},{"taxonomy":"product_tag","embeddable":true,"href":"https:\/\/sakoplan.pl\/de\/wp-json\/wp\/v2\/product_tag?post=5801"}],"curies":[{"name":"wp","href":"https:\/\/api.w.org\/{rel}","templated":true}]}}