{"id":5766,"date":"2025-11-16T15:56:15","date_gmt":"2025-11-16T15:56:15","guid":{"rendered":"https:\/\/sakoplan.pl\/?post_type=product&#038;p=5766"},"modified":"2025-11-16T15:58:09","modified_gmt":"2025-11-16T15:58:09","slug":"leister-triac-st-zgrzewarka-reczna-do-dysz-nasuwanych","status":"publish","type":"product","link":"https:\/\/sakoplan.pl\/de\/produkt\/leister-triac-st-zgrzewarka-reczna-do-dysz-nasuwanych\/","title":{"rendered":"Leister Triac ST &#8211; zgrzewarka r\u0119czna do dysz nasuwanych"},"content":{"rendered":"<p>Nast\u0119pca kultowego modelu Leister TRIAC S. \u0141\u0105czy w sobie wszystko co najlepsze z poprzedniej wersji z\u00a0<strong>udoskonalon\u0105<\/strong>\u00a0<strong>konstrukcj\u0105<\/strong>\u00a0silnika, wirnika i elektroniki.\u00a0<strong>Lekka<\/strong>, idealnie\u00a0<strong>wywa\u017cona<\/strong>\u00a0konstrukcja,\u00a0<strong>p\u0142ynne<\/strong>\u00a0<strong>sterowanie<\/strong>\u00a0<strong>temperatur\u0105<\/strong>\u00a0do 700\u00baC, gumowana r\u0119koje\u015b\u0107 i\u00a0<strong>brak wibracjj<\/strong>, zdejmowane filtry powietrza.<\/p>\n<p>&nbsp;<\/p>\n<p>Je\u015bli potrzebujesz niezawodnej zgrzewarki, kt\u00f3ra pozwoli Ci na skuteczne zgrzewanie r\u00f3\u017cnych materia\u0142\u00f3w, to z pewno\u015bci\u0105 powiniene\u015b zainteresowa\u0107 si\u0119 modelem\u00a0<strong>LEISTER TRIAC ST<\/strong>. Jest to urz\u0105dzenie, kt\u00f3re cieszy si\u0119\u00a0<strong>doskona\u0142\u0105 opini\u0105<\/strong>\u00a0w\u015br\u00f3d\u00a0<strong>profesjonalist\u00f3w<\/strong>\u00a0zajmuj\u0105cych si\u0119 zgrzewaniem r\u00f3\u017cnych materia\u0142\u00f3w, takich jak\u00a0<strong>tworzywa sztuczne<\/strong>, rury,\u00a0<strong>folie<\/strong>\u00a0czy\u00a0<strong>membrany<\/strong>.<\/p>\n<p>Model wyr\u00f3\u017cnia si\u0119: nisk\u0105 wag\u0105, podwy\u017cszonym przep\u0142ywem powietrza i komfortowym uchwytem. Dodatkowo, skuteczne zabezpieczenia i zdejmowane filtry powietrza gwarantuj\u0105 bezproblemow\u0105 i wydajn\u0105 prac\u0119 przy zgrzewaniu i spawaniu tworzyw praktycznie w ka\u017cdych warunkach<\/p>\n<ul>\n<li><strong>Lekka, idealnie wywa\u017cona konstrukcja<\/strong><\/li>\n<li><strong>P\u0142ynne sterowanie temperatur\u0105 do 700\u00baC<\/strong><\/li>\n<li><strong>Gumowana r\u0119koje\u015b\u0107 i brak wibracji<\/strong><\/li>\n<li><strong>Zdejmowane filtry powietrza<\/strong><\/li>\n<li><strong>Automatyczna blokada nap\u0119du przy niskim stanie szczotek silnika<\/strong><\/li>\n<li><strong>Nowe, niezwykle skuteczne zabezpieczenie grza\u0142ki przed przegrzaniem<\/strong><\/li>\n<li><strong>Dost\u0119pnych ponad 80 modeli dysz Leister \u00d832<\/strong><\/li>\n<\/ul>\n<p><strong>LEISTER TRIAC ST<\/strong>\u00a0to zgrzewarka, kt\u00f3ra charakteryzuje si\u0119 wyj\u0105tkow\u0105 niezawodno\u015bci\u0105 oraz prostot\u0105 obs\u0142ugi. Urz\u0105dzenie to zosta\u0142o wyposa\u017cone w innowacyjny system sterowania, kt\u00f3ry pozwala na \u0142atwe dostosowanie parametr\u00f3w zgrzewania do rodzaju i grubo\u015bci materia\u0142u. Dzi\u0119ki temu zgrzewarka LEISTER TRIAC ST pozwala na szybkie i skuteczne zgrzewanie r\u00f3\u017cnych materia\u0142\u00f3w, bez konieczno\u015bci stosowania r\u00f3\u017cnych narz\u0119dzi czy dodatkowych akcesori\u00f3w.<\/p>\n<p>Jedn\u0105 z najwi\u0119kszych zalet zgrzewarki LEISTER TRIAC ST jest jej wytrzyma\u0142a i solidna konstrukcja. Urz\u0105dzenie to zosta\u0142o wykonane z wysokiej jako\u015bci materia\u0142\u00f3w, co gwarantuje jego niezawodno\u015b\u0107 i d\u0142ug\u0105 \u017cywotno\u015b\u0107. Ponadto, zgrzewarka ta cechuje si\u0119 niskim poziomem ha\u0142asu oraz minimalnymi wibracjami, co pozwala na komfortow\u0105 i bezpieczn\u0105 prac\u0119.<\/p>\n<p><strong>WA\u017bNE! Do zgrzewarki Leister Triac ST nale\u017cy dokupi\u0107:<\/strong><\/p>\n<ul>\n<li>dysze<\/li>\n<li>wa\u0142ek dociskowy<\/li>\n<\/ul>\n<p>Zobacz tak\u017ce nasz\u0105 ofert\u0119\u00a0akcesori\u00f3w do zgrzewarek!<\/p>","protected":false},"excerpt":{"rendered":"<p>Nast\u0119pca kultowego modelu Leister TRIAC S. \u0141\u0105czy w sobie wszystko co najlepsze z poprzedniej wersji z\u00a0udoskonalon\u0105\u00a0konstrukcj\u0105\u00a0silnika, wirnika i elektroniki.\u00a0Lekka, idealnie\u00a0wywa\u017cona\u00a0konstrukcja,\u00a0p\u0142ynne\u00a0sterowanie\u00a0temperatur\u0105\u00a0do 700\u00baC, gumowana r\u0119koje\u015b\u0107 i\u00a0brak wibracjj, zdejmowane filtry powietrza. &nbsp; Je\u015bli potrzebujesz niezawodnej zgrzewarki, kt\u00f3ra pozwoli Ci na skuteczne zgrzewanie r\u00f3\u017cnych materia\u0142\u00f3w, to z pewno\u015bci\u0105 powiniene\u015b zainteresowa\u0107 si\u0119 modelem\u00a0LEISTER TRIAC ST. Jest to urz\u0105dzenie, kt\u00f3re cieszy [&hellip;]<\/p>\n","protected":false},"featured_media":5779,"template":"","meta":{"_acf_changed":false},"product_cat":[594],"product_tag":[],"class_list":{"0":"post-5766","1":"product","2":"type-product","3":"status-publish","4":"has-post-thumbnail","6":"product_cat-zgrzewarki-zgrzewarki","8":"first","9":"instock","10":"taxable","11":"shipping-taxable","12":"purchasable","13":"product-type-simple","swatches":"rey-swatches","show_selected":""},"acf":[],"_links":{"self":[{"href":"https:\/\/sakoplan.pl\/de\/wp-json\/wp\/v2\/product\/5766","targetHints":{"allow":["GET"]}}],"collection":[{"href":"https:\/\/sakoplan.pl\/de\/wp-json\/wp\/v2\/product"}],"about":[{"href":"https:\/\/sakoplan.pl\/de\/wp-json\/wp\/v2\/types\/product"}],"version-history":[{"count":0,"href":"https:\/\/sakoplan.pl\/de\/wp-json\/wp\/v2\/product\/5766\/revisions"}],"wp:featuredmedia":[{"embeddable":true,"href":"https:\/\/sakoplan.pl\/de\/wp-json\/wp\/v2\/media\/5779"}],"wp:attachment":[{"href":"https:\/\/sakoplan.pl\/de\/wp-json\/wp\/v2\/media?parent=5766"}],"wp:term":[{"taxonomy":"product_cat","embeddable":true,"href":"https:\/\/sakoplan.pl\/de\/wp-json\/wp\/v2\/product_cat?post=5766"},{"taxonomy":"product_tag","embeddable":true,"href":"https:\/\/sakoplan.pl\/de\/wp-json\/wp\/v2\/product_tag?post=5766"}],"curies":[{"name":"wp","href":"https:\/\/api.w.org\/{rel}","templated":true}]}}