{"id":5701,"date":"2025-11-12T18:34:04","date_gmt":"2025-11-12T18:34:04","guid":{"rendered":"https:\/\/sakoplan.pl\/?post_type=product&#038;p=5701"},"modified":"2025-11-12T18:34:20","modified_gmt":"2025-11-12T18:34:20","slug":"uchwyt-mocujacy-16-mm","status":"publish","type":"product","link":"https:\/\/sakoplan.pl\/de\/produkt\/uchwyt-mocujacy-16-mm\/","title":{"rendered":"Uchwyt mocuj\u0105cy 16 mm"},"content":{"rendered":"<p>Uchwyt do mocowania profili PA\/PS 100&#215;50 do \u015bciany.<\/p>\n<p>Szeroko\u015b\u0107: 16 mm<\/p>","protected":false},"excerpt":{"rendered":"<p>Uchwyt do mocowania profili PA\/PS 100&#215;50 do \u015bciany. Szeroko\u015b\u0107: 16 mm<\/p>","protected":false},"featured_media":5702,"template":"","meta":{"_acf_changed":false},"product_cat":[554],"product_tag":[],"class_list":{"0":"post-5701","1":"product","2":"type-product","3":"status-publish","4":"has-post-thumbnail","6":"product_cat-uchwyty","8":"first","9":"instock","10":"taxable","11":"shipping-taxable","12":"purchasable","13":"product-type-simple","swatches":"rey-swatches","show_selected":""},"acf":[],"_links":{"self":[{"href":"https:\/\/sakoplan.pl\/de\/wp-json\/wp\/v2\/product\/5701","targetHints":{"allow":["GET"]}}],"collection":[{"href":"https:\/\/sakoplan.pl\/de\/wp-json\/wp\/v2\/product"}],"about":[{"href":"https:\/\/sakoplan.pl\/de\/wp-json\/wp\/v2\/types\/product"}],"version-history":[{"count":0,"href":"https:\/\/sakoplan.pl\/de\/wp-json\/wp\/v2\/product\/5701\/revisions"}],"wp:featuredmedia":[{"embeddable":true,"href":"https:\/\/sakoplan.pl\/de\/wp-json\/wp\/v2\/media\/5702"}],"wp:attachment":[{"href":"https:\/\/sakoplan.pl\/de\/wp-json\/wp\/v2\/media?parent=5701"}],"wp:term":[{"taxonomy":"product_cat","embeddable":true,"href":"https:\/\/sakoplan.pl\/de\/wp-json\/wp\/v2\/product_cat?post=5701"},{"taxonomy":"product_tag","embeddable":true,"href":"https:\/\/sakoplan.pl\/de\/wp-json\/wp\/v2\/product_tag?post=5701"}],"curies":[{"name":"wp","href":"https:\/\/api.w.org\/{rel}","templated":true}]}}