{"id":5694,"date":"2025-11-12T18:27:26","date_gmt":"2025-11-12T18:27:26","guid":{"rendered":"https:\/\/sakoplan.pl\/?post_type=product&#038;p=5694"},"modified":"2025-11-12T18:29:11","modified_gmt":"2025-11-12T18:29:11","slug":"uchwyt-katowy-uniwersalny","status":"publish","type":"product","link":"https:\/\/sakoplan.pl\/de\/produkt\/uchwyt-katowy-uniwersalny\/","title":{"rendered":"Uchwyt k\u0105towy uniwersalny"},"content":{"rendered":"<p>Uchwyt k\u0105towy uniwersalny do mocowania profili pod k\u0105tem 90 stopni.<\/p>","protected":false},"excerpt":{"rendered":"<p>Uchwyt k\u0105towy uniwersalny do mocowania profili pod k\u0105tem 90 stopni.<\/p>","protected":false},"featured_media":5695,"template":"","meta":{"_acf_changed":false},"product_cat":[554],"product_tag":[],"class_list":{"0":"post-5694","1":"product","2":"type-product","3":"status-publish","4":"has-post-thumbnail","6":"product_cat-uchwyty","8":"first","9":"instock","10":"taxable","11":"shipping-taxable","12":"purchasable","13":"product-type-simple","swatches":"rey-swatches","show_selected":""},"acf":[],"_links":{"self":[{"href":"https:\/\/sakoplan.pl\/de\/wp-json\/wp\/v2\/product\/5694","targetHints":{"allow":["GET"]}}],"collection":[{"href":"https:\/\/sakoplan.pl\/de\/wp-json\/wp\/v2\/product"}],"about":[{"href":"https:\/\/sakoplan.pl\/de\/wp-json\/wp\/v2\/types\/product"}],"version-history":[{"count":0,"href":"https:\/\/sakoplan.pl\/de\/wp-json\/wp\/v2\/product\/5694\/revisions"}],"wp:featuredmedia":[{"embeddable":true,"href":"https:\/\/sakoplan.pl\/de\/wp-json\/wp\/v2\/media\/5695"}],"wp:attachment":[{"href":"https:\/\/sakoplan.pl\/de\/wp-json\/wp\/v2\/media?parent=5694"}],"wp:term":[{"taxonomy":"product_cat","embeddable":true,"href":"https:\/\/sakoplan.pl\/de\/wp-json\/wp\/v2\/product_cat?post=5694"},{"taxonomy":"product_tag","embeddable":true,"href":"https:\/\/sakoplan.pl\/de\/wp-json\/wp\/v2\/product_tag?post=5694"}],"curies":[{"name":"wp","href":"https:\/\/api.w.org\/{rel}","templated":true}]}}