{"id":5681,"date":"2025-11-12T18:10:01","date_gmt":"2025-11-12T18:10:01","guid":{"rendered":"https:\/\/sakoplan.pl\/?post_type=product&#038;p=5681"},"modified":"2025-11-12T18:13:07","modified_gmt":"2025-11-12T18:13:07","slug":"podstopnica-do-schodow-aluminowa-150-mm-x-10-mm-kopia","status":"publish","type":"product","link":"https:\/\/sakoplan.pl\/de\/produkt\/podstopnica-do-schodow-aluminowa-150-mm-x-10-mm-kopia\/","title":{"rendered":"Profil aluminiowy anodowany 150&#215;10"},"content":{"rendered":"<p>Profil aluminiowy anodowany\u00a0do prezentacji reklamy &#8211; kaseton\u00f3w z wykorzystaniem p\u0142yt pleksi. Szeroko\u015b\u0107 150 mm pozwala na u\u017cycie pod\u015bwietlenia wewn\u0119trznego przy zastosowaniu zar\u00f3wno system\u00f3w LED takich jak LEDOLISTWY ale i tradycyjnych \u015bwietl\u00f3wek.<\/p>\n<p><strong>Cena dotyczy 1 mb.<\/strong><\/p>\n<p>&nbsp;<\/p>\n<p>System SAKORAMY to autorski pomys\u0142 naszej firmy, s\u0142u\u017c\u0105cy do prezentacji reklam \u015bredniego formatu.<\/p>\n<p>Tak jak LEDOLISTWA profil 150&#215;10 zosta\u0142a zaprojektowany z my\u015bl\u0105 o zastosowaniu go r\u00f3wnie\u017c wewn\u0105trz, \u015bwietnie nadaje si\u0119 jako element wystroju wn\u0119trz w nowoczesnym stylu, wielko\u015b\u0107 jest idealna na podstopnice schodowe jak r\u00f3wnie\u017c r\u00f3\u017cnego rodzaju coko\u0142y meblowe.<\/p>\n<p>Profil aluminiowy g\u0142ownie przeznaczony do kaseton\u00f3w z p\u0142yt pleksi z pod\u015bwietleniem \u015bwietl\u00f3wkami lub LED.<\/p>\n<p>Profil dost\u0119pny w wersji surowej i anodowanej.\u00a0Anodowanie profilu sprawia, \u017ce jest ona bardziej odporny na warunki atmosferyczne oraz promienie UV, co predysponuje go do zastosowa\u0144 w reklamach zewn\u0119trznych.<\/p>\n<p>Wymiary [sz x gr]:<\/p>\n<p>150 x 10 mm.<\/p>\n<p>D\u0142ugo\u015b\u0107 sztang:<\/p>\n<p>6,00 mb.<\/p>\n","protected":false},"excerpt":{"rendered":"<p>Profil aluminiowy anodowany\u00a0do prezentacji reklamy &#8211; kaseton\u00f3w z wykorzystaniem p\u0142yt pleksi. Szeroko\u015b\u0107 150 mm pozwala na u\u017cycie pod\u015bwietlenia wewn\u0119trznego przy zastosowaniu zar\u00f3wno system\u00f3w LED takich jak LEDOLISTWY ale i tradycyjnych \u015bwietl\u00f3wek. Cena dotyczy 1 mb. &nbsp; System SAKORAMY to autorski pomys\u0142 naszej firmy, s\u0142u\u017c\u0105cy do prezentacji reklam \u015bredniego formatu. Tak jak LEDOLISTWA profil 150&#215;10 zosta\u0142a [&hellip;]<\/p>\n","protected":false},"featured_media":5645,"template":"","meta":{"_acf_changed":false},"product_cat":[553],"product_tag":[],"class_list":{"0":"post-5681","1":"product","2":"type-product","3":"status-publish","4":"has-post-thumbnail","6":"product_cat-profile-anodowane","8":"first","9":"instock","10":"taxable","11":"shipping-taxable","12":"purchasable","13":"product-type-simple","swatches":"rey-swatches","show_selected":""},"acf":[],"_links":{"self":[{"href":"https:\/\/sakoplan.pl\/de\/wp-json\/wp\/v2\/product\/5681","targetHints":{"allow":["GET"]}}],"collection":[{"href":"https:\/\/sakoplan.pl\/de\/wp-json\/wp\/v2\/product"}],"about":[{"href":"https:\/\/sakoplan.pl\/de\/wp-json\/wp\/v2\/types\/product"}],"version-history":[{"count":0,"href":"https:\/\/sakoplan.pl\/de\/wp-json\/wp\/v2\/product\/5681\/revisions"}],"wp:featuredmedia":[{"embeddable":true,"href":"https:\/\/sakoplan.pl\/de\/wp-json\/wp\/v2\/media\/5645"}],"wp:attachment":[{"href":"https:\/\/sakoplan.pl\/de\/wp-json\/wp\/v2\/media?parent=5681"}],"wp:term":[{"taxonomy":"product_cat","embeddable":true,"href":"https:\/\/sakoplan.pl\/de\/wp-json\/wp\/v2\/product_cat?post=5681"},{"taxonomy":"product_tag","embeddable":true,"href":"https:\/\/sakoplan.pl\/de\/wp-json\/wp\/v2\/product_tag?post=5681"}],"curies":[{"name":"wp","href":"https:\/\/api.w.org\/{rel}","templated":true}]}}