{"id":5632,"date":"2025-11-12T15:36:02","date_gmt":"2025-11-12T15:36:02","guid":{"rendered":"https:\/\/sakoplan.pl\/?post_type=product&#038;p=5632"},"modified":"2025-11-18T11:21:20","modified_gmt":"2025-11-18T11:21:20","slug":"5632","status":"publish","type":"product","link":"https:\/\/sakoplan.pl\/de\/produkt\/5632\/","title":{"rendered":"Profil aluminiowy surowy 36&#215;20"},"content":{"rendered":"<p>Profil aluminiowy PA\/PS 36&#215;20 mm do prezentacji reklamy, doskona\u0142y do ma\u0142ych ram w kt\u00f3rych estetyka stoi na najwy\u017cszym poziomie, umo\u017cliwia za\u0142o\u017cenie listew napinaj\u0105cych z boku ramy a nie jak w przypadku innych profili z rodziny SAKORAMY z przodu. Stanowi cz\u0119\u015b\u0107 systemu napinaj\u0105cego.<\/p>\n<p><strong>Cena dotyczy 1 mb.<\/strong><\/p>\n<p>&nbsp;<\/p>\n<div class=\"row\">\n<div id=\"tab-container\" class=\"col-xs-12\">\n<div id=\"product-tab-content\" class=\"tab-content\">\n<div id=\"descripntion-tab\" class=\"tab-pane fade in active\">\n<p>Szeroko\u015b\u0107 36 mm sprawia \u017ce jest to najmniejszy profil w systemie, dzi\u0119ki czemu jest uniwersalnym rozwi\u0105zaniem do ma\u0142ych ram ekspozycji wewn\u0119trznej. Jest r\u00f3wnie\u017c wykorzystywany do usztywniania du\u017cych ram ekspozycji zewn\u0119trznej. System SAKORAMY to autorski pomys\u0142 naszej firmy, s\u0142u\u017c\u0105cy do prezentacji reklam \u015bredniego formatu. Dzi\u0119ki mocowaniu listwy napinaj\u0105cej na ca\u0142ym obwodzie konstrukcji zbudowane w ten spos\u00f3b ramy do reklam s\u0105 stabilne i doskonale napr\u0119\u017caj\u0105 prezentowany baner.<\/p>\n<p>Profil aluminiowy do prezentacji wydruk\u00f3w frontlit. Profil dost\u0119pny w wersji surowej.<br \/>\nWymiary [sz x gr]:<\/p>\n<p>36 x 20 mm.<\/p>\n<p>D\u0142ugo\u015b\u0107 sztang:<\/p>\n<p>4,00 mb.<\/p>\n<\/div>\n<\/div>\n<\/div>\n<\/div>\n","protected":false},"excerpt":{"rendered":"<p>Profil aluminiowy PA\/PS 36&#215;20 mm do prezentacji reklamy, doskona\u0142y do ma\u0142ych ram w kt\u00f3rych estetyka stoi na najwy\u017cszym poziomie, umo\u017cliwia za\u0142o\u017cenie listew napinaj\u0105cych z boku ramy a nie jak w przypadku innych profili z rodziny SAKORAMY z przodu. Stanowi cz\u0119\u015b\u0107 systemu napinaj\u0105cego. Cena dotyczy 1 mb. &nbsp; Szeroko\u015b\u0107 36 mm sprawia \u017ce jest to najmniejszy [&hellip;]<\/p>\n","protected":false},"featured_media":5640,"template":"","meta":{"_acf_changed":false},"product_cat":[552],"product_tag":[],"class_list":{"0":"post-5632","1":"product","2":"type-product","3":"status-publish","4":"has-post-thumbnail","6":"product_cat-profile-surowe","8":"first","9":"instock","10":"taxable","11":"shipping-taxable","12":"purchasable","13":"product-type-simple","swatches":"rey-swatches","show_selected":""},"acf":[],"_links":{"self":[{"href":"https:\/\/sakoplan.pl\/de\/wp-json\/wp\/v2\/product\/5632","targetHints":{"allow":["GET"]}}],"collection":[{"href":"https:\/\/sakoplan.pl\/de\/wp-json\/wp\/v2\/product"}],"about":[{"href":"https:\/\/sakoplan.pl\/de\/wp-json\/wp\/v2\/types\/product"}],"version-history":[{"count":0,"href":"https:\/\/sakoplan.pl\/de\/wp-json\/wp\/v2\/product\/5632\/revisions"}],"wp:featuredmedia":[{"embeddable":true,"href":"https:\/\/sakoplan.pl\/de\/wp-json\/wp\/v2\/media\/5640"}],"wp:attachment":[{"href":"https:\/\/sakoplan.pl\/de\/wp-json\/wp\/v2\/media?parent=5632"}],"wp:term":[{"taxonomy":"product_cat","embeddable":true,"href":"https:\/\/sakoplan.pl\/de\/wp-json\/wp\/v2\/product_cat?post=5632"},{"taxonomy":"product_tag","embeddable":true,"href":"https:\/\/sakoplan.pl\/de\/wp-json\/wp\/v2\/product_tag?post=5632"}],"curies":[{"name":"wp","href":"https:\/\/api.w.org\/{rel}","templated":true}]}}