{"id":5621,"date":"2025-11-12T14:21:14","date_gmt":"2025-11-12T14:21:14","guid":{"rendered":"https:\/\/sakoplan.pl\/?post_type=product&#038;p=5621"},"modified":"2025-11-12T15:19:54","modified_gmt":"2025-11-12T15:19:54","slug":"folia-do-oslony-kierowcy-autobusu-taxi-anty-korona-wirus","status":"publish","type":"product","link":"https:\/\/sakoplan.pl\/de\/produkt\/folia-do-oslony-kierowcy-autobusu-taxi-anty-korona-wirus\/","title":{"rendered":"Folia do os\u0142ony kierowcy autobusu \/ taxi ANTY KORONA WIRUS"},"content":{"rendered":"<p>Folia prze\u017aroczysta do ochrony kierowcy autobusu\/taxi przed korona wirusem. Folia chroni przed wymian\u0105 kropelkow\u0105, co uniemo\u017cliwia zaka\u017cenie korona wirusem. Folia zapewnia najwy\u017cszy stopie\u0144 bezpiecze\u0144stwa przed zaka\u017ceniem i doskona\u0142\u0105 wytrzyma\u0142o\u015b\u0107. Prze\u017aroczysta struktura zapewnia bezpiecze\u0144stwo i umo\u017cliwia kontakt z kierowc\u0105 podczas jazdy.<\/p>\n<p>&nbsp;<\/p>\n<p><strong>Z uwagi na bardzo du\u017ce zainteresowanie foliami prze\u017aroczystymi, termin realizacji zam\u00f3wie\u0144 detalicznych (materia\u0142 odcinany z rolek) mo\u017ce ulec wyd\u0142u\u017ceniu do 3 dni.<\/strong><\/p>\n<p><strong>Prosimy o wyrozumia\u0142o\u015b\u0107 i cierpliwo\u015b\u0107 &#8211; nasz magazyn pracuje pe\u0142n\u0105 par\u0105 aby zapewni\u0107 Pa\u0144stwu najwy\u017cszej jako\u015bci materia\u0142 dostosowany do Pa\u0144stwa potrzeb.<\/strong><\/p>\n<p>Folia g\u0142adka, prze\u017aroczysta z PVC, bezftalanowa mrozoodporna.<\/p>\n<p>Du\u017ca grubo\u015b\u0107 folii sprawia, \u017ce jest ona bardzo wytrzyma\u0142a i sztywna. Zgodna z norma EN71-3.<\/p>\n<p>Grubo\u015b\u0107: 1 mm<\/p>\n<p>Gramatura: 1300\u00a0g\/m2<\/p>\n<p>Szeroko\u015b\u0107: 140 cm<\/p>\n<p>Naw\u00f3j: 30 mb<\/p>","protected":false},"excerpt":{"rendered":"<p>Folia prze\u017aroczysta do ochrony kierowcy autobusu\/taxi przed korona wirusem. Folia chroni przed wymian\u0105 kropelkow\u0105, co uniemo\u017cliwia zaka\u017cenie korona wirusem. Folia zapewnia najwy\u017cszy stopie\u0144 bezpiecze\u0144stwa przed zaka\u017ceniem i doskona\u0142\u0105 wytrzyma\u0142o\u015b\u0107. Prze\u017aroczysta struktura zapewnia bezpiecze\u0144stwo i umo\u017cliwia kontakt z kierowc\u0105 podczas jazdy. &nbsp; Z uwagi na bardzo du\u017ce zainteresowanie foliami prze\u017aroczystymi, termin realizacji zam\u00f3wie\u0144 detalicznych (materia\u0142 odcinany [&hellip;]<\/p>\n","protected":false},"featured_media":5314,"template":"","meta":{"_acf_changed":false},"product_cat":[543],"product_tag":[],"class_list":{"0":"post-5621","1":"product","2":"type-product","3":"status-publish","4":"has-post-thumbnail","6":"product_cat-grubosc-1-mm","8":"first","9":"instock","10":"taxable","11":"shipping-taxable","12":"purchasable","13":"product-type-variable","swatches":"rey-swatches","show_selected":""},"acf":[],"_links":{"self":[{"href":"https:\/\/sakoplan.pl\/de\/wp-json\/wp\/v2\/product\/5621","targetHints":{"allow":["GET"]}}],"collection":[{"href":"https:\/\/sakoplan.pl\/de\/wp-json\/wp\/v2\/product"}],"about":[{"href":"https:\/\/sakoplan.pl\/de\/wp-json\/wp\/v2\/types\/product"}],"version-history":[{"count":0,"href":"https:\/\/sakoplan.pl\/de\/wp-json\/wp\/v2\/product\/5621\/revisions"}],"wp:featuredmedia":[{"embeddable":true,"href":"https:\/\/sakoplan.pl\/de\/wp-json\/wp\/v2\/media\/5314"}],"wp:attachment":[{"href":"https:\/\/sakoplan.pl\/de\/wp-json\/wp\/v2\/media?parent=5621"}],"wp:term":[{"taxonomy":"product_cat","embeddable":true,"href":"https:\/\/sakoplan.pl\/de\/wp-json\/wp\/v2\/product_cat?post=5621"},{"taxonomy":"product_tag","embeddable":true,"href":"https:\/\/sakoplan.pl\/de\/wp-json\/wp\/v2\/product_tag?post=5621"}],"curies":[{"name":"wp","href":"https:\/\/api.w.org\/{rel}","templated":true}]}}