{"id":5455,"date":"2025-11-12T09:57:57","date_gmt":"2025-11-12T09:57:57","guid":{"rendered":"https:\/\/sakoplan.pl\/?post_type=product&#038;p=5455"},"modified":"2025-11-12T10:01:55","modified_gmt":"2025-11-12T10:01:55","slug":"tkanina-poliestrowa-do-druku-solwentowego-p240","status":"publish","type":"product","link":"https:\/\/sakoplan.pl\/de\/produkt\/tkanina-poliestrowa-do-druku-solwentowego-p240\/","title":{"rendered":"Tkanina poliestrowa do druku solwentowego P240"},"content":{"rendered":"<p>Tkanina poliestrowa powlekana PU (poliuretan) o w\u0142a\u015bciwo\u015bciach wodoodpornych i wodoszczelnych. Stosowana g\u0142\u00f3wnie na dachy namiot\u00f3w, banery reklamowe oraz torby i pokrowce. Tkanina do druku metod\u0105 sublimacji. Doskona\u0142a stabilizacja w\u0142\u00f3kien.<\/p>\n<p>PRZYSTOSOWANA DO DRUKU SOLWENTOWEGO.<\/p>\n<p>&nbsp;<\/p>\n<p>Gramatura: 240 g\/m2<br \/>\nSzeroko\u015b\u0107: 160 cm<br \/>\nKolor: bia\u0142y<br \/>\nNaw\u00f3j: r\u00f3\u017cne<br \/>\nNieprzemakalno\u015b\u0107: do 600mm wysoko\u015bci s\u0142upa wody<br \/>\nNaw\u00f3j: ok. 90 mb<\/p>\n<p>SPLOT:<\/p>\n<p>OSNOWA: 300Dx2. 36T na cal<\/p>\n<p>W\u0104TEK: 300Dx2, 34T na cal<\/p>\n<p>Pokrycie PU zapewnia odporno\u015b\u0107 na przemakanie o warto\u015bci: 800mm wysoko\u015bci s\u0142upa wody<\/p>","protected":false},"excerpt":{"rendered":"<p>Tkanina poliestrowa powlekana PU (poliuretan) o w\u0142a\u015bciwo\u015bciach wodoodpornych i wodoszczelnych. Stosowana g\u0142\u00f3wnie na dachy namiot\u00f3w, banery reklamowe oraz torby i pokrowce. Tkanina do druku metod\u0105 sublimacji. Doskona\u0142a stabilizacja w\u0142\u00f3kien. PRZYSTOSOWANA DO DRUKU SOLWENTOWEGO. &nbsp; Gramatura: 240 g\/m2 Szeroko\u015b\u0107: 160 cm Kolor: bia\u0142y Naw\u00f3j: r\u00f3\u017cne Nieprzemakalno\u015b\u0107: do 600mm wysoko\u015bci s\u0142upa wody Naw\u00f3j: ok. 90 mb SPLOT: [&hellip;]<\/p>\n","protected":false},"featured_media":5456,"template":"","meta":{"_acf_changed":false},"product_cat":[514],"product_tag":[],"class_list":{"0":"post-5455","1":"product","2":"type-product","3":"status-publish","4":"has-post-thumbnail","6":"product_cat-gramatura-240-g-m2","8":"first","9":"instock","10":"taxable","11":"shipping-taxable","12":"purchasable","13":"product-type-variable","swatches":"rey-swatches","show_selected":""},"acf":[],"_links":{"self":[{"href":"https:\/\/sakoplan.pl\/de\/wp-json\/wp\/v2\/product\/5455","targetHints":{"allow":["GET"]}}],"collection":[{"href":"https:\/\/sakoplan.pl\/de\/wp-json\/wp\/v2\/product"}],"about":[{"href":"https:\/\/sakoplan.pl\/de\/wp-json\/wp\/v2\/types\/product"}],"version-history":[{"count":0,"href":"https:\/\/sakoplan.pl\/de\/wp-json\/wp\/v2\/product\/5455\/revisions"}],"wp:featuredmedia":[{"embeddable":true,"href":"https:\/\/sakoplan.pl\/de\/wp-json\/wp\/v2\/media\/5456"}],"wp:attachment":[{"href":"https:\/\/sakoplan.pl\/de\/wp-json\/wp\/v2\/media?parent=5455"}],"wp:term":[{"taxonomy":"product_cat","embeddable":true,"href":"https:\/\/sakoplan.pl\/de\/wp-json\/wp\/v2\/product_cat?post=5455"},{"taxonomy":"product_tag","embeddable":true,"href":"https:\/\/sakoplan.pl\/de\/wp-json\/wp\/v2\/product_tag?post=5455"}],"curies":[{"name":"wp","href":"https:\/\/api.w.org\/{rel}","templated":true}]}}