{"id":5375,"date":"2025-11-10T13:34:47","date_gmt":"2025-11-10T13:34:47","guid":{"rendered":"https:\/\/sakoplan.pl\/?post_type=product&#038;p=5375"},"modified":"2025-11-10T13:42:24","modified_gmt":"2025-11-10T13:42:24","slug":"material-campingowy-tencate-wm-1-280-g-m2-szer-164-cm","status":"publish","type":"product","link":"https:\/\/sakoplan.pl\/de\/produkt\/material-campingowy-tencate-wm-1-280-g-m2-szer-164-cm\/","title":{"rendered":"Materia\u0142 campingowy \u2013 TENCATE WM-1 280 g\/m2 szer. 164 cm"},"content":{"rendered":"<div class=\"row\">\n<div class=\"col-sm-9\">Materia\u0142 Campingowy najwy\u017cszej jako\u015bci. Seria ALL SEASON RESIDENTIAL wiod\u0105cego producenta TENCATE. Tkanina WM-1 zawiera unikaln\u0105 mieszank\u0119 poliestru i pva (alkoholu poliwinylowego). <strong style=\"color: #484f56; font-size: 1.125rem;\">MATERIA\u0141 PLANDEKOWY SPRZEDAWANY JEST W ROLKACH LUB METRACH BIE\u017b\u0104CYCH.<\/strong><\/div>\n<\/div>\n<div>\n<p>Tkanina\u00a0<strong>WM-1\u00a0\u00a0<\/strong>zawiera unikaln\u0105 mieszank\u0119 poliestru i pva (alkoholu poliwinylowego). Poliester zapewnia wytrzyma\u0142o\u015b\u0107 i trwa\u0142o\u015b\u0107. W\u0142\u00f3kno pva, podobnie jak bawe\u0142na, poch\u0142ania wilgo\u0107, a tym samym spowalnia kondensacj\u0119. Dodatkowa mikroporowata pow\u0142oka akrylowa sprawia, \u017ce \u200b\u200btkanina jest wodoodporna, odporna na warunki atmosferyczne, trwa\u0142a i \u0142atwa do czyszczenia.<\/p>\n<p><strong>Zastosowanie:<\/strong>\u00a0Materia\u0142y z tej serii doskonale sprawdzaj\u0105\u00a0\u00a0si\u0119 przy produkcji i naprawie przedsionk\u00f3w oraz namiot\u00f3w do przyczep.\u00a0\u00a0<strong>WM1<\/strong>\u00a0to najwy\u017cszej jako\u015bci powlekany materia\u0142 namiotowy dedykowany na \u015bciany boczne i przedsionki. Polecany r\u00f3wnie\u017c\u00a0\u00a0do markiz, namiot\u00f3w touroperator\u00f3w, namiot\u00f3w glampingowych\u00a0\u00a0i namiot\u00f3w festiwalowych &#8211; intensywnie u\u017cytkowanych przez ca\u0142y sezon letni.<\/p>\n<p><strong>Dane techniczne tkaniny:<\/strong><\/p>\n<p><strong>WM-1<\/strong><\/p>\n<p><strong>Materia\u0142:<\/strong>\u00a065% poliester \/35% PVA<\/p>\n<p><strong>Powlekanie:<\/strong>\u00a0akryl<\/p>\n<p><strong>Szeroko\u015b\u0107:<\/strong>\u00a0\u00a0164 cm<\/p>\n<p><strong>Gramatura:<\/strong> 280 g\/m2<\/p>\n<p>Ochrona UV: \u2714<\/p>\n<p>Odporno\u015b\u0107 na bakterie i grzyby: \u2714<\/p>\n<p><strong>Wytrzyma\u0142o\u015b\u0107 na rozci\u0105ganie<\/strong><\/p>\n<p>Osnowa (5 cm): 160 daN<\/p>\n<p>W\u0105tek (5 cm): 100 daN<\/p>\n<p><strong>Wytrzyma\u0142o\u015b\u0107 na rozrywanie<\/strong><\/p>\n<p>Osnowa (4,3 cm): 3,0 daN<\/p>\n<p>W\u0105tek (4,3 cm): 1,5 daN<\/p>\n<p><strong>Wodoodporno\u015b\u0107:\u00a0\u00a0<\/strong>\u2265 100 cmH2O<\/p>\n<p><strong>Trwa\u0142o\u015b\u0107 kolor\u00f3w i odporno\u015b\u0107 na warunki atmosferyczne:<\/strong>\u00a0\u2265 6 (powlekana strona)<\/p>\n<p>&nbsp;<\/p>\n<p>Potrzebujesz inny kolor lub inny materia\u0142 od TENCATE \u2013 sprowadzimy go specjalnie dla Ciebie! Skontaktuj si\u0119 z nami. Zapewniamy ekspresowe tempo realizacji zam\u00f3wie\u0144 specjalnych.<\/p>\n<\/div>","protected":false},"excerpt":{"rendered":"<p>Materia\u0142 Campingowy najwy\u017cszej jako\u015bci. Seria ALL SEASON RESIDENTIAL wiod\u0105cego producenta TENCATE. Tkanina WM-1 zawiera unikaln\u0105 mieszank\u0119 poliestru i pva (alkoholu poliwinylowego). MATERIA\u0141 PLANDEKOWY SPRZEDAWANY JEST W ROLKACH LUB METRACH BIE\u017b\u0104CYCH. Tkanina\u00a0WM-1\u00a0\u00a0zawiera unikaln\u0105 mieszank\u0119 poliestru i pva (alkoholu poliwinylowego). Poliester zapewnia wytrzyma\u0142o\u015b\u0107 i trwa\u0142o\u015b\u0107. W\u0142\u00f3kno pva, podobnie jak bawe\u0142na, poch\u0142ania wilgo\u0107, a tym samym spowalnia kondensacj\u0119. [&hellip;]<\/p>\n","protected":false},"featured_media":5386,"template":"","meta":{"_acf_changed":false},"product_cat":[466],"product_tag":[],"class_list":{"0":"post-5375","1":"product","2":"type-product","3":"status-publish","4":"has-post-thumbnail","6":"product_cat-tencate","7":"pa_kolor-szary-metalik-silver-77478-metallic","9":"first","10":"outofstock","11":"taxable","12":"shipping-taxable","13":"purchasable","14":"product-type-variable","swatches":"rey-swatches","show_selected":""},"acf":[],"_links":{"self":[{"href":"https:\/\/sakoplan.pl\/de\/wp-json\/wp\/v2\/product\/5375","targetHints":{"allow":["GET"]}}],"collection":[{"href":"https:\/\/sakoplan.pl\/de\/wp-json\/wp\/v2\/product"}],"about":[{"href":"https:\/\/sakoplan.pl\/de\/wp-json\/wp\/v2\/types\/product"}],"version-history":[{"count":0,"href":"https:\/\/sakoplan.pl\/de\/wp-json\/wp\/v2\/product\/5375\/revisions"}],"wp:featuredmedia":[{"embeddable":true,"href":"https:\/\/sakoplan.pl\/de\/wp-json\/wp\/v2\/media\/5386"}],"wp:attachment":[{"href":"https:\/\/sakoplan.pl\/de\/wp-json\/wp\/v2\/media?parent=5375"}],"wp:term":[{"taxonomy":"product_cat","embeddable":true,"href":"https:\/\/sakoplan.pl\/de\/wp-json\/wp\/v2\/product_cat?post=5375"},{"taxonomy":"product_tag","embeddable":true,"href":"https:\/\/sakoplan.pl\/de\/wp-json\/wp\/v2\/product_tag?post=5375"}],"curies":[{"name":"wp","href":"https:\/\/api.w.org\/{rel}","templated":true}]}}