{"id":5358,"date":"2025-11-10T12:55:38","date_gmt":"2025-11-10T12:55:38","guid":{"rendered":"https:\/\/sakoplan.pl\/?post_type=product&#038;p=5358"},"modified":"2025-11-17T10:35:37","modified_gmt":"2025-11-17T10:35:37","slug":"folia-przezroczysta-bezftalanowa-070-mm-szer-180","status":"publish","type":"product","link":"https:\/\/sakoplan.pl\/de\/produkt\/folia-przezroczysta-bezftalanowa-070-mm-szer-180\/","title":{"rendered":"Folia przezroczysta bezftalanowa 0,70 mm, szer. 180"},"content":{"rendered":"<p>Nowa jako\u015b\u0107 folii w naszej ofercie &#8211; folia bez ftalan\u00f3w,\u00a0odporna do -10<sup>o<\/sup>. Spe\u0142nia wymagania\u00a0<strong>REACH i EN71-3.\u00a0<\/strong>Folie u\u017cywane s\u0105 do wykonywania okien w namiotach i halach namiotowych, a tak\u017ce w systemach bramowych, reklamie oraz ogrodnictwie. W ofercie posiadamy wersje folii\u00a0bez zbrojenia poliestrem (g\u0142adka oraz z nadrukiem kratki) oraz ze zbrojeniem poliestrowym.<\/p>\n<p>&nbsp;<\/p>\n<p><strong>Z uwagi na bardzo du\u017ce zainteresowanie foliami prze\u017aroczystymi, termin realizacji zam\u00f3wie\u0144 detalicznych (materia\u0142 odcinany z rolek) mo\u017ce ulec wyd\u0142u\u017ceniu do 3 dni.<\/strong><\/p>\n<p><strong>Prosimy o wyrozumia\u0142o\u015b\u0107 i cierpliwo\u015b\u0107 &#8211; nasz magazyn pracuje pe\u0142n\u0105 par\u0105 aby zapewni\u0107 Pa\u0144stwu najwy\u017cszej jako\u015bci materia\u0142 dostosowany do Pa\u0144stwa potrzeb.<\/strong><\/p>\n<p>WA\u017bNE: Folia okienna bez zbrojenia gwarantuje bardzo wysokie parametry u\u017cytkowe przy zachowaniu najni\u017cszej ceny na rynku.<\/p>\n<p>&nbsp;<\/p>\n<p>Grubo\u015b\u0107:\u00a0<strong>0,70 mm<\/strong><br \/>\nGramatura:\u00a0<strong>ok. 950\u00a0g\/m<sup>2<\/sup><\/strong><br \/>\nSzeroko\u015b\u0107:\u00a0<strong>180 cm<\/strong><br \/>\nNaw\u00f3j:\u00a0\u00a0<strong>30 mb<\/strong><br \/>\nStopie\u0144 elastyczno\u015bci:\u00a0<strong>48 PHR<\/strong><br \/>\nUniwersalna folia przezroczysta o wysokim wsp\u00f3\u0142czynniku czysto\u015bci i elastyczno\u015bci.<\/p>","protected":false},"excerpt":{"rendered":"<p>Nowa jako\u015b\u0107 folii w naszej ofercie &#8211; folia bez ftalan\u00f3w,\u00a0odporna do -10o. Spe\u0142nia wymagania\u00a0REACH i EN71-3.\u00a0Folie u\u017cywane s\u0105 do wykonywania okien w namiotach i halach namiotowych, a tak\u017ce w systemach bramowych, reklamie oraz ogrodnictwie. W ofercie posiadamy wersje folii\u00a0bez zbrojenia poliestrem (g\u0142adka oraz z nadrukiem kratki) oraz ze zbrojeniem poliestrowym. &nbsp; Z uwagi na bardzo [&hellip;]<\/p>\n","protected":false},"featured_media":5254,"template":"","meta":{"_acf_changed":false},"product_cat":[463,650,630,542],"product_tag":[],"class_list":{"0":"post-5358","1":"product","2":"type-product","3":"status-publish","4":"has-post-thumbnail","6":"product_cat-folie-przezroczyste","7":"product_cat-folie-przezroczyste-przemyslowe","8":"product_cat-folie-wysokoprzezroczyste","9":"product_cat-grubosc-07-075-mm","11":"first","12":"outofstock","13":"taxable","14":"shipping-taxable","15":"purchasable","16":"product-type-variable","swatches":"rey-swatches","show_selected":""},"acf":[],"_links":{"self":[{"href":"https:\/\/sakoplan.pl\/de\/wp-json\/wp\/v2\/product\/5358","targetHints":{"allow":["GET"]}}],"collection":[{"href":"https:\/\/sakoplan.pl\/de\/wp-json\/wp\/v2\/product"}],"about":[{"href":"https:\/\/sakoplan.pl\/de\/wp-json\/wp\/v2\/types\/product"}],"version-history":[{"count":0,"href":"https:\/\/sakoplan.pl\/de\/wp-json\/wp\/v2\/product\/5358\/revisions"}],"wp:featuredmedia":[{"embeddable":true,"href":"https:\/\/sakoplan.pl\/de\/wp-json\/wp\/v2\/media\/5254"}],"wp:attachment":[{"href":"https:\/\/sakoplan.pl\/de\/wp-json\/wp\/v2\/media?parent=5358"}],"wp:term":[{"taxonomy":"product_cat","embeddable":true,"href":"https:\/\/sakoplan.pl\/de\/wp-json\/wp\/v2\/product_cat?post=5358"},{"taxonomy":"product_tag","embeddable":true,"href":"https:\/\/sakoplan.pl\/de\/wp-json\/wp\/v2\/product_tag?post=5358"}],"curies":[{"name":"wp","href":"https:\/\/api.w.org\/{rel}","templated":true}]}}