{"id":5337,"date":"2025-11-10T12:31:06","date_gmt":"2025-11-10T12:31:06","guid":{"rendered":"https:\/\/sakoplan.pl\/?post_type=product&#038;p=5337"},"modified":"2026-04-01T09:48:16","modified_gmt":"2026-04-01T09:48:16","slug":"folia-wysokoprzezroczysta-2-mm-szer-140-cm","status":"publish","type":"product","link":"https:\/\/sakoplan.pl\/de\/produkt\/folia-wysokoprzezroczysta-2-mm-szer-140-cm\/","title":{"rendered":"Folia wysokoprzezroczysta 2 mm, szer. 140 cm"},"content":{"rendered":"<p>Folia g\u0142adka, prze\u017aroczysta z PVC. Du\u017ca grubo\u015b\u0107 folii sprawia, \u017ce jest ona bardzo wytrzyma\u0142a i sztywna.<\/p>\n<p>&nbsp;<\/p>\n<p><strong>Z uwagi na bardzo du\u017ce zainteresowanie foliami prze\u017aroczystymi, termin realizacji zam\u00f3wie\u0144 detalicznych (materia\u0142 odcinany z rolek) mo\u017ce ulec wyd\u0142u\u017ceniu do 3 dni.<\/strong><\/p>\n<p><strong>Prosimy o wyrozumia\u0142o\u015b\u0107 i cierpliwo\u015b\u0107 &#8211; nasz magazyn pracuje pe\u0142n\u0105 par\u0105 aby zapewni\u0107 Pa\u0144stwu najwy\u017cszej jako\u015bci materia\u0142 dostosowany do Pa\u0144stwa potrzeb.<\/strong><\/p>\n<p>Grubo\u015b\u0107: 2 mm<br \/>\nGramatura: 2600 g\/m2<br \/>\nSzeroko\u015b\u0107: 140 cm<br \/>\nNaw\u00f3j: 20 mb<\/p>","protected":false},"excerpt":{"rendered":"<p>Folia g\u0142adka, prze\u017aroczysta z PVC. Du\u017ca grubo\u015b\u0107 folii sprawia, \u017ce jest ona bardzo wytrzyma\u0142a i sztywna. &nbsp; Z uwagi na bardzo du\u017ce zainteresowanie foliami prze\u017aroczystymi, termin realizacji zam\u00f3wie\u0144 detalicznych (materia\u0142 odcinany z rolek) mo\u017ce ulec wyd\u0142u\u017ceniu do 3 dni. Prosimy o wyrozumia\u0142o\u015b\u0107 i cierpliwo\u015b\u0107 &#8211; nasz magazyn pracuje pe\u0142n\u0105 par\u0105 aby zapewni\u0107 Pa\u0144stwu najwy\u017cszej jako\u015bci [&hellip;]<\/p>\n","protected":false},"featured_media":5306,"template":"","meta":{"_acf_changed":false},"product_cat":[650,463,630,544],"product_tag":[],"class_list":{"0":"post-5337","1":"product","2":"type-product","3":"status-publish","4":"has-post-thumbnail","6":"product_cat-folie-przezroczyste-przemyslowe","7":"product_cat-folie-przezroczyste","8":"product_cat-folie-wysokoprzezroczyste","9":"product_cat-grubosc-2-mm","11":"first","12":"instock","13":"taxable","14":"shipping-taxable","15":"purchasable","16":"product-type-variable","swatches":"rey-swatches","show_selected":""},"acf":[],"_links":{"self":[{"href":"https:\/\/sakoplan.pl\/de\/wp-json\/wp\/v2\/product\/5337","targetHints":{"allow":["GET"]}}],"collection":[{"href":"https:\/\/sakoplan.pl\/de\/wp-json\/wp\/v2\/product"}],"about":[{"href":"https:\/\/sakoplan.pl\/de\/wp-json\/wp\/v2\/types\/product"}],"version-history":[{"count":0,"href":"https:\/\/sakoplan.pl\/de\/wp-json\/wp\/v2\/product\/5337\/revisions"}],"wp:featuredmedia":[{"embeddable":true,"href":"https:\/\/sakoplan.pl\/de\/wp-json\/wp\/v2\/media\/5306"}],"wp:attachment":[{"href":"https:\/\/sakoplan.pl\/de\/wp-json\/wp\/v2\/media?parent=5337"}],"wp:term":[{"taxonomy":"product_cat","embeddable":true,"href":"https:\/\/sakoplan.pl\/de\/wp-json\/wp\/v2\/product_cat?post=5337"},{"taxonomy":"product_tag","embeddable":true,"href":"https:\/\/sakoplan.pl\/de\/wp-json\/wp\/v2\/product_tag?post=5337"}],"curies":[{"name":"wp","href":"https:\/\/api.w.org\/{rel}","templated":true}]}}