{"id":5296,"date":"2025-11-10T11:34:46","date_gmt":"2025-11-10T11:34:46","guid":{"rendered":"https:\/\/sakoplan.pl\/?post_type=product&#038;p=5296"},"modified":"2025-11-10T11:37:46","modified_gmt":"2025-11-10T11:37:46","slug":"s6700-b-roof-1000-g-m2-szer-300-cm-rolka-50-mb","status":"publish","type":"product","link":"https:\/\/sakoplan.pl\/de\/produkt\/s6700-b-roof-1000-g-m2-szer-300-cm-rolka-50-mb\/","title":{"rendered":"S6700 B-ROOF, 1000 g\/m2, szer. 300 cm &#8211; rolka 50 mb"},"content":{"rendered":"<div class=\"col-sm-9\">Zaawansowana tkanina powlekana firmy Sioen spe\u0142niaj\u0105ca rygorystyczne normy DIN EN 13501-5 (&#8220;B-ROOF&#8221;). Materia\u0142 bazowy to w\u0142\u00f3kno szklane.<\/div>\n<div class=\"col-sm-9\"><\/div>\n<div class=\"col-sm-9\"><strong>MATERIA\u0141 SPRZEDAWANY JEST W ROLKACH.<\/strong><\/div>\n<div><\/div>\n<div>Gramatura: 1000 g\/m2<br \/>\nSzeroko\u015b\u0107: 300 cm<br \/>\nNaw\u00f3j:\u00a050 mb<br \/>\nTrudnopalny: \u2714<\/div>","protected":false},"excerpt":{"rendered":"<p>Zaawansowana tkanina powlekana firmy Sioen spe\u0142niaj\u0105ca rygorystyczne normy DIN EN 13501-5 (&#8220;B-ROOF&#8221;). Materia\u0142 bazowy to w\u0142\u00f3kno szklane. MATERIA\u0141 SPRZEDAWANY JEST W ROLKACH. Gramatura: 1000 g\/m2 Szeroko\u015b\u0107: 300 cm Naw\u00f3j:\u00a050 mb Trudnopalny: \u2714<\/p>","protected":false},"featured_media":5300,"template":"","meta":{"_acf_changed":false},"product_cat":[462],"product_tag":[],"class_list":{"0":"post-5296","1":"product","2":"type-product","3":"status-publish","4":"has-post-thumbnail","6":"product_cat-b-roof","8":"first","9":"outofstock","10":"taxable","11":"shipping-taxable","12":"product-type-simple","swatches":"rey-swatches","show_selected":""},"acf":[],"_links":{"self":[{"href":"https:\/\/sakoplan.pl\/de\/wp-json\/wp\/v2\/product\/5296","targetHints":{"allow":["GET"]}}],"collection":[{"href":"https:\/\/sakoplan.pl\/de\/wp-json\/wp\/v2\/product"}],"about":[{"href":"https:\/\/sakoplan.pl\/de\/wp-json\/wp\/v2\/types\/product"}],"version-history":[{"count":0,"href":"https:\/\/sakoplan.pl\/de\/wp-json\/wp\/v2\/product\/5296\/revisions"}],"wp:featuredmedia":[{"embeddable":true,"href":"https:\/\/sakoplan.pl\/de\/wp-json\/wp\/v2\/media\/5300"}],"wp:attachment":[{"href":"https:\/\/sakoplan.pl\/de\/wp-json\/wp\/v2\/media?parent=5296"}],"wp:term":[{"taxonomy":"product_cat","embeddable":true,"href":"https:\/\/sakoplan.pl\/de\/wp-json\/wp\/v2\/product_cat?post=5296"},{"taxonomy":"product_tag","embeddable":true,"href":"https:\/\/sakoplan.pl\/de\/wp-json\/wp\/v2\/product_tag?post=5296"}],"curies":[{"name":"wp","href":"https:\/\/api.w.org\/{rel}","templated":true}]}}