{"id":5250,"date":"2025-11-10T10:44:00","date_gmt":"2025-11-10T10:44:00","guid":{"rendered":"https:\/\/sakoplan.pl\/?post_type=product&#038;p=5250"},"modified":"2025-11-18T10:08:38","modified_gmt":"2025-11-18T10:08:38","slug":"folia-wysokoprzezroczysta-075-mm-fr-szer-140-cm","status":"publish","type":"product","link":"https:\/\/sakoplan.pl\/de\/produkt\/folia-wysokoprzezroczysta-075-mm-fr-szer-140-cm\/","title":{"rendered":"Folia wysokoprzezroczysta 0,75 mm FR, szer. 140 cm"},"content":{"rendered":"<p>Folia przezroczysta trudnopalna. Oferujemy folie okienne o wysokim stopniu przejrzysto\u015bci. Folie u\u017cywane s\u0105 do wykonywania okien w namiotach i halach namiotowych, a tak\u017ce w systemach bramowych, reklamie oraz ogrodnictwie. Posiadamy tak\u017ce folie w wersji bez zbrojenia poliestrem (g\u0142adka oraz z nadrukiem kratki) oraz ze zbrojeniem poliestrowym.<\/p>\n<p>&nbsp;<\/p>\n<p><strong>Z uwagi na bardzo du\u017ce zainteresowanie foliami prze\u017aroczystymi, termin realizacji zam\u00f3wie\u0144 detalicznych (materia\u0142 odcinany z rolek) mo\u017ce ulec wyd\u0142u\u017ceniu do 3 dni.<\/strong><\/p>\n<p><strong>Prosimy o wyrozumia\u0142o\u015b\u0107 i cierpliwo\u015b\u0107 &#8211; nasz magazyn pracuje pe\u0142n\u0105 par\u0105 aby zapewni\u0107 Pa\u0144stwu najwy\u017cszej jako\u015bci materia\u0142 dostosowany do Pa\u0144stwa potrzeb.<\/strong><\/p>\n<p>WA\u017bNE: Folia okienna bez zbrojenia gwarantuje bardzo wysokie parametry u\u017cytkowe przy zachowaniu najni\u017cszej ceny na rynku.<\/p>\n<p>&nbsp;<\/p>\n<p>Grubo\u015b\u0107:\u00a0<strong>0,75 mm<\/strong><br \/>\nGramatura:\u00a0<strong>ok. 975\u00a0g\/m<sup>2<\/sup><\/strong><br \/>\nSzeroko\u015b\u0107:\u00a0<strong>140 cm<\/strong><br \/>\nNaw\u00f3j:\u00a0\u00a0<strong>40 mb<\/strong><br \/>\nStopie\u0144 elastyczno\u015bci:\u00a0<strong>48 PHR<\/strong><\/p>","protected":false},"excerpt":{"rendered":"<p>Folia przezroczysta trudnopalna. Oferujemy folie okienne o wysokim stopniu przejrzysto\u015bci. Folie u\u017cywane s\u0105 do wykonywania okien w namiotach i halach namiotowych, a tak\u017ce w systemach bramowych, reklamie oraz ogrodnictwie. Posiadamy tak\u017ce folie w wersji bez zbrojenia poliestrem (g\u0142adka oraz z nadrukiem kratki) oraz ze zbrojeniem poliestrowym. &nbsp; Z uwagi na bardzo du\u017ce zainteresowanie foliami prze\u017aroczystymi, [&hellip;]<\/p>\n","protected":false},"featured_media":5255,"template":"","meta":{"_acf_changed":false},"product_cat":[650,463,630,542,266],"product_tag":[],"class_list":{"0":"post-5250","1":"product","2":"type-product","3":"status-publish","4":"has-post-thumbnail","6":"product_cat-folie-przezroczyste-przemyslowe","7":"product_cat-folie-przezroczyste","8":"product_cat-folie-wysokoprzezroczyste","9":"product_cat-grubosc-07-075-mm","10":"product_cat-trudnopalne","12":"first","13":"instock","14":"taxable","15":"shipping-taxable","16":"purchasable","17":"product-type-variable","swatches":"rey-swatches","show_selected":""},"acf":[],"_links":{"self":[{"href":"https:\/\/sakoplan.pl\/de\/wp-json\/wp\/v2\/product\/5250","targetHints":{"allow":["GET"]}}],"collection":[{"href":"https:\/\/sakoplan.pl\/de\/wp-json\/wp\/v2\/product"}],"about":[{"href":"https:\/\/sakoplan.pl\/de\/wp-json\/wp\/v2\/types\/product"}],"version-history":[{"count":0,"href":"https:\/\/sakoplan.pl\/de\/wp-json\/wp\/v2\/product\/5250\/revisions"}],"wp:featuredmedia":[{"embeddable":true,"href":"https:\/\/sakoplan.pl\/de\/wp-json\/wp\/v2\/media\/5255"}],"wp:attachment":[{"href":"https:\/\/sakoplan.pl\/de\/wp-json\/wp\/v2\/media?parent=5250"}],"wp:term":[{"taxonomy":"product_cat","embeddable":true,"href":"https:\/\/sakoplan.pl\/de\/wp-json\/wp\/v2\/product_cat?post=5250"},{"taxonomy":"product_tag","embeddable":true,"href":"https:\/\/sakoplan.pl\/de\/wp-json\/wp\/v2\/product_tag?post=5250"}],"curies":[{"name":"wp","href":"https:\/\/api.w.org\/{rel}","templated":true}]}}