{"id":5241,"date":"2025-11-10T10:33:25","date_gmt":"2025-11-10T10:33:25","guid":{"rendered":"https:\/\/sakoplan.pl\/?post_type=product&#038;p=5241"},"modified":"2025-11-17T10:44:30","modified_gmt":"2025-11-17T10:44:30","slug":"b7170-polprzezroczysty-material-pvc-520-g-m2-szer-300-cm","status":"publish","type":"product","link":"https:\/\/sakoplan.pl\/de\/produkt\/b7170-polprzezroczysty-material-pvc-520-g-m2-szer-300-cm\/","title":{"rendered":"B7170 &#8211; p\u00f3\u0142przezroczysty materia\u0142 PVC, 520 g\/m2, szer. 300 cm"},"content":{"rendered":"<div class=\"col-sm-9\">Obustronnie powlekany PVC.\u00a0Przepuszczalno\u015b\u0107 \u015bwiat\u0142a 40%. Zwi\u0119kszona wytrzyma\u0142o\u015b\u0107 UV. Posiada atest trudnopalno\u015bci B-s2,d0. Ma pow\u0142ok\u0119 antybakteryjn\u0105 oraz w\u0142a\u015bciwo\u015bci samoczyszcz\u0105ce.<\/div>\n<div class=\"col-sm-9\"><strong>Zastosowanie<\/strong>: dachy hal, na\u015bwietla dachowe i \u015bcienne, \u015bwietliki dachowe. <strong>MATERIA\u0141 PLANDEKOWY SPRZEDAWANY JEST W ROLKACH LUB METRACH BIE\u017b\u0104CYCH.<\/strong><\/div>\n<div><\/div>\n<div><\/div>\n<div>\n<p>Gramatura: 520 g\/m2<br \/>\nSzeroko\u015b\u0107: 300 cm<br \/>\nNaw\u00f3j: 65 mb<br \/>\nOchrona UV: \u2714<br \/>\nOdporno\u015b\u0107 na bakterie i grzyby: \u2714<\/p>\n<div id=\"manufacturer-short_description\">\n<p><strong>Informacje:<\/strong><\/p>\n<p>\u2022 obustronnie powlekany PVC<\/p>\n<p>\u2022 przepuszczalno\u015b\u0107 \u015bwiat\u0142a 40%<\/p>\n<p>\u2022 zwi\u0119kszona wytrzyma\u0142o\u015b\u0107 UV wzgl\u0119dem klasycznych materia\u0142\u00f3w przepuszczaj\u0105cych \u015bwiat\u0142o<\/p>\n<p>\u2022 atest trudnopalno\u015bci B-s2,d0<\/p>\n<p>\u2022 pow\u0142oka antybakteryjna<\/p>\n<p>\u2022 w\u0142a\u015bciwo\u015bci samoczyszcz\u0105ce<\/p>\n<\/div>\n<div id=\"manufacturer-description\">\n<p><strong>Zastosowanie:<\/strong><\/p>\n<p>\u2022 dachy hal<\/p>\n<p>\u2022 na\u015bwietla dachowe i \u015bcienne<\/p>\n<p>\u2022 \u015bwietliki dachowe<\/p>\n<\/div>\n<\/div>","protected":false},"excerpt":{"rendered":"<p>Obustronnie powlekany PVC.\u00a0Przepuszczalno\u015b\u0107 \u015bwiat\u0142a 40%. Zwi\u0119kszona wytrzyma\u0142o\u015b\u0107 UV. Posiada atest trudnopalno\u015bci B-s2,d0. Ma pow\u0142ok\u0119 antybakteryjn\u0105 oraz w\u0142a\u015bciwo\u015bci samoczyszcz\u0105ce. Zastosowanie: dachy hal, na\u015bwietla dachowe i \u015bcienne, \u015bwietliki dachowe. MATERIA\u0141 PLANDEKOWY SPRZEDAWANY JEST W ROLKACH LUB METRACH BIE\u017b\u0104CYCH. Gramatura: 520 g\/m2 Szeroko\u015b\u0107: 300 cm Naw\u00f3j: 65 mb Ochrona UV: \u2714 Odporno\u015b\u0107 na bakterie i grzyby: \u2714 Informacje: [&hellip;]<\/p>\n","protected":false},"featured_media":5244,"template":"","meta":{"_acf_changed":false},"product_cat":[463,656,71,269],"product_tag":[],"class_list":{"0":"post-5241","1":"product","2":"type-product","3":"status-publish","4":"has-post-thumbnail","6":"product_cat-folie-przezroczyste","7":"product_cat-material-na-hale-namiotowe","8":"product_cat-pokrycie-zewnetrzne","9":"product_cat-sioen-trudnopalne","11":"first","12":"instock","13":"taxable","14":"shipping-taxable","15":"purchasable","16":"product-type-variable","swatches":"rey-swatches","show_selected":""},"acf":[],"_links":{"self":[{"href":"https:\/\/sakoplan.pl\/de\/wp-json\/wp\/v2\/product\/5241","targetHints":{"allow":["GET"]}}],"collection":[{"href":"https:\/\/sakoplan.pl\/de\/wp-json\/wp\/v2\/product"}],"about":[{"href":"https:\/\/sakoplan.pl\/de\/wp-json\/wp\/v2\/types\/product"}],"version-history":[{"count":0,"href":"https:\/\/sakoplan.pl\/de\/wp-json\/wp\/v2\/product\/5241\/revisions"}],"wp:featuredmedia":[{"embeddable":true,"href":"https:\/\/sakoplan.pl\/de\/wp-json\/wp\/v2\/media\/5244"}],"wp:attachment":[{"href":"https:\/\/sakoplan.pl\/de\/wp-json\/wp\/v2\/media?parent=5241"}],"wp:term":[{"taxonomy":"product_cat","embeddable":true,"href":"https:\/\/sakoplan.pl\/de\/wp-json\/wp\/v2\/product_cat?post=5241"},{"taxonomy":"product_tag","embeddable":true,"href":"https:\/\/sakoplan.pl\/de\/wp-json\/wp\/v2\/product_tag?post=5241"}],"curies":[{"name":"wp","href":"https:\/\/api.w.org\/{rel}","templated":true}]}}