{"id":5227,"date":"2025-11-07T10:33:43","date_gmt":"2025-11-07T10:33:43","guid":{"rendered":"https:\/\/sakoplan.pl\/?post_type=product&#038;p=5227"},"modified":"2025-11-17T10:44:09","modified_gmt":"2025-11-17T10:44:09","slug":"bto850fr-850g-m2-szer-250-cm","status":"publish","type":"product","link":"https:\/\/sakoplan.pl\/de\/produkt\/bto850fr-850g-m2-szer-250-cm\/","title":{"rendered":"BTO850FR, 850g\/m2 szer. 250 cm"},"content":{"rendered":"<p>Powleczony obustronnie PVC &#8211; BLOCKOUT z grupy produkt\u00f3w\u00a0<strong>SAKOPLAN<\/strong>. Zabezpieczony antyple\u015bniowo AB. Zwi\u0119kszona odporno\u015b\u0107 na UV. Atest trudnopalno\u015bci B1. <strong>MATERIA\u0141 PLANDEKOWY SPRZEDAWANY JEST W ROLKACH LUB METRACH BIE\u017b\u0104CYCH.<\/strong><\/p>\n<p>&nbsp;<\/p>\n<p>Gramatura: 850 g\/m2<\/p>\n<p>Naw\u00f3j: 65 mb<\/p>\n<p>Szeroko\u015b\u0107: 250 cm<\/p>\n<p>Powleczony obustronnie PVC<\/p>\n<p>Zabezpieczony antyple\u015bniowo AB<\/p>\n<p>Zwi\u0119kszona odporno\u015b\u0107 na UV<\/p>\n<p>Atest trudnopalno\u015bci B1<\/p>\n<div id=\"manufacturer-short_description\">\n<p>Wzorcowy materia\u0142 plandekowy na rynku europejskim<\/p>\n<p><strong>SAKOPLAN<\/strong>\u00a0to linia materia\u0142\u00f3w wprowadzona na rynek przez Sako Expo w 2008 roku. Jest wynikiem 20 lat do\u015bwiadczenia i zdobytej wiedzy w dziedzinie materia\u0142\u00f3w plandekowych.<\/p>\n<\/div>\n<div id=\"manufacturer-description\">\n<p>Od 2016 roku produkcj\u0119 naszej flagowej serii materia\u0142\u00f3w wykonujemy w nowej fabryce wyposa\u017conej w najnowocze\u015bniejsze linie produkcyjne, mog\u0105ce zapewni\u0107 nam nowe, najwy\u017csze parametry technologiczne. W miejscu produkcji pod naszym nadzorem wdro\u017cono know-how parametr\u00f3w sk\u0142adu i wymaga\u0144 dla materia\u0142\u00f3w linii\u00a0<strong>SAKOPLAN<\/strong>.<\/p>\n<\/div>","protected":false},"excerpt":{"rendered":"<p>Powleczony obustronnie PVC &#8211; BLOCKOUT z grupy produkt\u00f3w\u00a0SAKOPLAN. Zabezpieczony antyple\u015bniowo AB. Zwi\u0119kszona odporno\u015b\u0107 na UV. Atest trudnopalno\u015bci B1. MATERIA\u0141 PLANDEKOWY SPRZEDAWANY JEST W ROLKACH LUB METRACH BIE\u017b\u0104CYCH. &nbsp; Gramatura: 850 g\/m2 Naw\u00f3j: 65 mb Szeroko\u015b\u0107: 250 cm Powleczony obustronnie PVC Zabezpieczony antyple\u015bniowo AB Zwi\u0119kszona odporno\u015b\u0107 na UV Atest trudnopalno\u015bci B1 Wzorcowy materia\u0142 plandekowy na rynku [&hellip;]<\/p>\n","protected":false},"featured_media":5235,"template":"","meta":{"_acf_changed":false},"product_cat":[656,71,268],"product_tag":[],"class_list":{"0":"post-5227","1":"product","2":"type-product","3":"status-publish","4":"has-post-thumbnail","6":"product_cat-material-na-hale-namiotowe","7":"product_cat-pokrycie-zewnetrzne","8":"product_cat-sakoplan-trudnopalne","9":"pa_kolor-63","11":"first","12":"outofstock","13":"taxable","14":"shipping-taxable","15":"purchasable","16":"product-type-variable","swatches":"rey-swatches","show_selected":""},"acf":[],"_links":{"self":[{"href":"https:\/\/sakoplan.pl\/de\/wp-json\/wp\/v2\/product\/5227","targetHints":{"allow":["GET"]}}],"collection":[{"href":"https:\/\/sakoplan.pl\/de\/wp-json\/wp\/v2\/product"}],"about":[{"href":"https:\/\/sakoplan.pl\/de\/wp-json\/wp\/v2\/types\/product"}],"version-history":[{"count":0,"href":"https:\/\/sakoplan.pl\/de\/wp-json\/wp\/v2\/product\/5227\/revisions"}],"wp:featuredmedia":[{"embeddable":true,"href":"https:\/\/sakoplan.pl\/de\/wp-json\/wp\/v2\/media\/5235"}],"wp:attachment":[{"href":"https:\/\/sakoplan.pl\/de\/wp-json\/wp\/v2\/media?parent=5227"}],"wp:term":[{"taxonomy":"product_cat","embeddable":true,"href":"https:\/\/sakoplan.pl\/de\/wp-json\/wp\/v2\/product_cat?post=5227"},{"taxonomy":"product_tag","embeddable":true,"href":"https:\/\/sakoplan.pl\/de\/wp-json\/wp\/v2\/product_tag?post=5227"}],"curies":[{"name":"wp","href":"https:\/\/api.w.org\/{rel}","templated":true}]}}