{"id":5061,"date":"2025-11-06T19:26:29","date_gmt":"2025-11-06T19:26:29","guid":{"rendered":"https:\/\/sakoplan.pl\/?post_type=product&#038;p=5061"},"modified":"2025-11-10T11:09:43","modified_gmt":"2025-11-10T11:09:43","slug":"p6825-900-g-m2-szer-300-cm","status":"publish","type":"product","link":"https:\/\/sakoplan.pl\/de\/produkt\/p6825-900-g-m2-szer-300-cm\/","title":{"rendered":"P6825, 900 g\/m2, szer. 300 cm"},"content":{"rendered":"<p>Materia\u0142 typu Panama na firany (kurtyny do naczep) o podwy\u017cszonych parametrach, w wersji b\u0142yszcz\u0105cej, lakierowany obustronnie. Materia\u0142 mo\u017ce by\u0107 przeznaczony do druku solwentowego. <strong>MATERIA\u0141 SPRZEDAWANY JEST W ROLKACH 30 i 60 mb.<\/strong><\/p>\n<p>&nbsp;<\/p>\n<p>Gramatura:\u00a0<strong>900 g\/m<sup>2<\/sup><\/strong><br \/>\nSzeroko\u015b\u0107:\u00a0<strong>300 cm<\/strong><br \/>\nNaw\u00f3j:\u00a0<strong>60, 30 mb<br \/>\n<\/strong>Przeznaczony do druku: solventowego<\/p>","protected":false},"excerpt":{"rendered":"<p>Materia\u0142 typu Panama na firany (kurtyny do naczep) o podwy\u017cszonych parametrach, w wersji b\u0142yszcz\u0105cej, lakierowany obustronnie. Materia\u0142 mo\u017ce by\u0107 przeznaczony do druku solwentowego. MATERIA\u0141 SPRZEDAWANY JEST W ROLKACH 30 i 60 mb. &nbsp; Gramatura:\u00a0900 g\/m2 Szeroko\u015b\u0107:\u00a0300 cm Naw\u00f3j:\u00a060, 30 mb Przeznaczony do druku: solventowego<\/p>","protected":false},"featured_media":5062,"template":"","meta":{"_acf_changed":false},"product_cat":[460,262],"product_tag":[],"class_list":{"0":"post-5061","1":"product","2":"type-product","3":"status-publish","4":"has-post-thumbnail","6":"product_cat-do-druku-solwentowego","7":"product_cat-sioen-gramatura-900-g-m2","8":"pa_kolor-395","10":"first","11":"outofstock","12":"taxable","13":"shipping-taxable","14":"product-type-simple","swatches":"rey-swatches","show_selected":""},"acf":[],"_links":{"self":[{"href":"https:\/\/sakoplan.pl\/de\/wp-json\/wp\/v2\/product\/5061","targetHints":{"allow":["GET"]}}],"collection":[{"href":"https:\/\/sakoplan.pl\/de\/wp-json\/wp\/v2\/product"}],"about":[{"href":"https:\/\/sakoplan.pl\/de\/wp-json\/wp\/v2\/types\/product"}],"version-history":[{"count":0,"href":"https:\/\/sakoplan.pl\/de\/wp-json\/wp\/v2\/product\/5061\/revisions"}],"wp:featuredmedia":[{"embeddable":true,"href":"https:\/\/sakoplan.pl\/de\/wp-json\/wp\/v2\/media\/5062"}],"wp:attachment":[{"href":"https:\/\/sakoplan.pl\/de\/wp-json\/wp\/v2\/media?parent=5061"}],"wp:term":[{"taxonomy":"product_cat","embeddable":true,"href":"https:\/\/sakoplan.pl\/de\/wp-json\/wp\/v2\/product_cat?post=5061"},{"taxonomy":"product_tag","embeddable":true,"href":"https:\/\/sakoplan.pl\/de\/wp-json\/wp\/v2\/product_tag?post=5061"}],"curies":[{"name":"wp","href":"https:\/\/api.w.org\/{rel}","templated":true}]}}