{"id":4855,"date":"2025-11-06T12:32:19","date_gmt":"2025-11-06T12:32:19","guid":{"rendered":"https:\/\/sakoplan.pl\/?post_type=product&#038;p=4855"},"modified":"2025-11-18T09:25:14","modified_gmt":"2025-11-18T09:25:14","slug":"b6000-900-g-m2-szer-300-cm-rolka-145-mb","status":"publish","type":"product","link":"https:\/\/sakoplan.pl\/de\/produkt\/b6000-900-g-m2-szer-300-cm-rolka-145-mb\/","title":{"rendered":"B6000, 900 g\/m2, szer. 300 cm &#8211; rolka 14,5 mb"},"content":{"rendered":"<p>Materia\u0142 obustronnie powleczony PVC, lakierowany, po\u0142ysk obustronnie. Splot podw\u00f3jny &#8211; nazwa materia\u0142u: Panama. <strong>MATERIA\u0141 PLANDEKOWY SPRZEDAWANY JEST W ROLKACH O NAWOJU: 14,5<\/strong>\/29\/58<strong>\u00a0MB<\/strong><\/p>\n<p>&nbsp;<\/p>\n<p>Gramatura: 900 g\/m2<br \/>\nSzeroko\u015b\u0107: 300 cm<br \/>\nNaw\u00f3j:\u00a0<strong>14,5 mb<\/strong><\/p>","protected":false},"excerpt":{"rendered":"<p>Materia\u0142 obustronnie powleczony PVC, lakierowany, po\u0142ysk obustronnie. Splot podw\u00f3jny &#8211; nazwa materia\u0142u: Panama. MATERIA\u0141 PLANDEKOWY SPRZEDAWANY JEST W ROLKACH O NAWOJU: 14,5\/29\/58\u00a0MB &nbsp; Gramatura: 900 g\/m2 Szeroko\u015b\u0107: 300 cm Naw\u00f3j:\u00a014,5 mb<\/p>","protected":false},"featured_media":4608,"template":"","meta":{"_acf_changed":false},"product_cat":[660,651,262],"product_tag":[],"class_list":{"0":"post-4855","1":"product","2":"type-product","3":"status-publish","4":"has-post-thumbnail","6":"product_cat-do-wyrobu-dmuchancow","7":"product_cat-na-bramy-przemyslowe","8":"product_cat-sioen-gramatura-900-g-m2","9":"pa_kolor-1003-1014-miodowy","10":"pa_kolor-327","11":"pa_kolor-322","12":"pa_kolor-378","13":"pa_kolor-299","14":"pa_kolor-379","15":"pa_kolor-328","16":"pa_kolor-1622-1013","17":"pa_kolor-3001-burgund","18":"pa_kolor-3002-karmirowy","19":"pa_kolor-3015-rubinowy","20":"pa_kolor-306","21":"pa_kolor-334","22":"pa_kolor-3056-oranz","23":"pa_kolor-380","24":"pa_kolor-307","25":"pa_kolor-5003-szafirowy","26":"pa_kolor-5004-kobaltowy","27":"pa_kolor-301","28":"pa_kolor-338","29":"pa_kolor-308","30":"pa_kolor-381","31":"pa_kolor-339","32":"pa_kolor-309","33":"pa_kolor-382","34":"pa_kolor-5063-chabrowy","35":"pa_kolor-6001-szmaragdowy","36":"pa_kolor-342","37":"pa_kolor-6018-groszek","38":"pa_kolor-343","39":"pa_kolor-312","40":"pa_kolor-7001-ral-7038","41":"pa_kolor-344","42":"pa_kolor-345","43":"pa_kolor-7024-7037","44":"pa_kolor-384","45":"pa_kolor-385","46":"pa_kolor-7244-7043-melanz","47":"pa_kolor-7340-ral7016-antracyt","48":"pa_kolor-7500-srebro","49":"pa_kolor-7999-ral-9005","50":"pa_kolor-302","52":"first","53":"instock","54":"taxable","55":"shipping-taxable","56":"purchasable","57":"product-type-variable","swatches":"rey-swatches","show_selected":""},"acf":[],"_links":{"self":[{"href":"https:\/\/sakoplan.pl\/de\/wp-json\/wp\/v2\/product\/4855","targetHints":{"allow":["GET"]}}],"collection":[{"href":"https:\/\/sakoplan.pl\/de\/wp-json\/wp\/v2\/product"}],"about":[{"href":"https:\/\/sakoplan.pl\/de\/wp-json\/wp\/v2\/types\/product"}],"version-history":[{"count":0,"href":"https:\/\/sakoplan.pl\/de\/wp-json\/wp\/v2\/product\/4855\/revisions"}],"wp:featuredmedia":[{"embeddable":true,"href":"https:\/\/sakoplan.pl\/de\/wp-json\/wp\/v2\/media\/4608"}],"wp:attachment":[{"href":"https:\/\/sakoplan.pl\/de\/wp-json\/wp\/v2\/media?parent=4855"}],"wp:term":[{"taxonomy":"product_cat","embeddable":true,"href":"https:\/\/sakoplan.pl\/de\/wp-json\/wp\/v2\/product_cat?post=4855"},{"taxonomy":"product_tag","embeddable":true,"href":"https:\/\/sakoplan.pl\/de\/wp-json\/wp\/v2\/product_tag?post=4855"}],"curies":[{"name":"wp","href":"https:\/\/api.w.org\/{rel}","templated":true}]}}