{"id":4754,"date":"2025-11-06T10:24:29","date_gmt":"2025-11-06T10:24:29","guid":{"rendered":"https:\/\/sakoplan.pl\/?post_type=product&#038;p=4754"},"modified":"2025-11-18T10:18:40","modified_gmt":"2025-11-18T10:18:40","slug":"bs900-900-g-m2-szer-300-cm-rolka-145-mb-2","status":"publish","type":"product","link":"https:\/\/sakoplan.pl\/de\/produkt\/bs900-900-g-m2-szer-300-cm-rolka-145-mb-2\/","title":{"rendered":"BS900, 900 g\/m2, szer. 300 cm &#8211; rolka 14,5 mb"},"content":{"rendered":"<p>Bardzo wytrzyma\u0142y materia\u0142 plandekowy z grupy produkt\u00f3w\u00a0<strong>SAKOPLAN<\/strong> typu PANAMA, lakierowy obustronnie. Kolor bia\u0142y jest tak\u017ce materia\u0142em przeznaczonym do druku solventowego. <strong>MATERIA\u0141 PLANDEKOWY SPRZEDAWANY JEST W ROLKACH O NAWOJU: 14,5<\/strong>\/29\/58<strong>\u00a0MB.<\/strong><\/p>\n<p>&nbsp;<\/p>\n<p>Gramatura: 900 g\/m2<br \/>\nSzeroko\u015b\u0107: 300 cm<br \/>\nNaw\u00f3j:\u00a0<strong>14,5 mb<\/strong><\/p>\n<div id=\"manufacturer-short_description\">\n<p>Wzorcowy materia\u0142 plandekowy na rynku europejskim<\/p>\n<p><strong>SAKOPLAN<\/strong>\u00a0to linia materia\u0142\u00f3w wprowadzona na rynek przez Sako Expo w 2008 roku. Jest wynikiem 20 lat do\u015bwiadczenia i zdobytej wiedzy w dziedzinie materia\u0142\u00f3w plandekowych.<\/p>\n<\/div>\n<div id=\"manufacturer-description\">\n<p>Od 2016 roku produkcj\u0119 naszej flagowej serii materia\u0142\u00f3w wykonujemy w nowej fabryce wyposa\u017conej w najnowocze\u015bniejsze linie produkcyjne, mog\u0105ce zapewni\u0107 nam nowe, najwy\u017csze parametry technologiczne. W miejscu produkcji pod naszym nadzorem wdro\u017cono know-how parametr\u00f3w sk\u0142adu i wymaga\u0144 dla materia\u0142\u00f3w linii\u00a0<strong>SAKOPLAN<\/strong>.<\/p>\n<\/div>","protected":false},"excerpt":{"rendered":"<p>Bardzo wytrzyma\u0142y materia\u0142 plandekowy z grupy produkt\u00f3w\u00a0SAKOPLAN typu PANAMA, lakierowy obustronnie. Kolor bia\u0142y jest tak\u017ce materia\u0142em przeznaczonym do druku solventowego. MATERIA\u0141 PLANDEKOWY SPRZEDAWANY JEST W ROLKACH O NAWOJU: 14,5\/29\/58\u00a0MB. &nbsp; Gramatura: 900 g\/m2 Szeroko\u015b\u0107: 300 cm Naw\u00f3j:\u00a014,5 mb Wzorcowy materia\u0142 plandekowy na rynku europejskim SAKOPLAN\u00a0to linia materia\u0142\u00f3w wprowadzona na rynek przez Sako Expo w 2008 [&hellip;]<\/p>\n","protected":false},"featured_media":4480,"template":"","meta":{"_acf_changed":false},"product_cat":[15,660,261],"product_tag":[],"class_list":{"0":"post-4754","1":"product","2":"type-product","3":"status-publish","4":"has-post-thumbnail","6":"product_cat-materialy-namiotowe","7":"product_cat-do-wyrobu-dmuchancow","8":"product_cat-sakoplan-gramatura-900-g-m2","9":"pa_kolor-1003-1014-miodowy","10":"pa_kolor-3002-karmirowy","11":"pa_kolor-3056-oranz","12":"pa_kolor-5002-ultramaryna","13":"pa_kolor-5003-szafirowy","14":"pa_kolor-5004-kobaltowy","15":"pa_kolor-5010-azur","16":"pa_kolor-57","17":"pa_kolor-6027-ral-6018-groszek","18":"pa_kolor-7037-7024","19":"pa_kolor-59","20":"pa_kolor-7340-ral7016-antracyt","21":"pa_kolor-7500-srebro","22":"pa_kolor-62","23":"pa_kolor-63","25":"first","26":"instock","27":"taxable","28":"shipping-taxable","29":"purchasable","30":"product-type-variable","swatches":"rey-swatches","show_selected":""},"acf":[],"_links":{"self":[{"href":"https:\/\/sakoplan.pl\/de\/wp-json\/wp\/v2\/product\/4754","targetHints":{"allow":["GET"]}}],"collection":[{"href":"https:\/\/sakoplan.pl\/de\/wp-json\/wp\/v2\/product"}],"about":[{"href":"https:\/\/sakoplan.pl\/de\/wp-json\/wp\/v2\/types\/product"}],"version-history":[{"count":0,"href":"https:\/\/sakoplan.pl\/de\/wp-json\/wp\/v2\/product\/4754\/revisions"}],"wp:featuredmedia":[{"embeddable":true,"href":"https:\/\/sakoplan.pl\/de\/wp-json\/wp\/v2\/media\/4480"}],"wp:attachment":[{"href":"https:\/\/sakoplan.pl\/de\/wp-json\/wp\/v2\/media?parent=4754"}],"wp:term":[{"taxonomy":"product_cat","embeddable":true,"href":"https:\/\/sakoplan.pl\/de\/wp-json\/wp\/v2\/product_cat?post=4754"},{"taxonomy":"product_tag","embeddable":true,"href":"https:\/\/sakoplan.pl\/de\/wp-json\/wp\/v2\/product_tag?post=4754"}],"curies":[{"name":"wp","href":"https:\/\/api.w.org\/{rel}","templated":true}]}}