{"id":4589,"date":"2025-11-06T08:11:11","date_gmt":"2025-11-06T08:11:11","guid":{"rendered":"https:\/\/sakoplan.pl\/?post_type=product&#038;p=4589"},"modified":"2025-11-17T11:36:51","modified_gmt":"2025-11-17T11:36:51","slug":"b9000-680-g-m2-szer-250-cm","status":"publish","type":"product","link":"https:\/\/sakoplan.pl\/de\/produkt\/b9000-680-g-m2-szer-250-cm\/","title":{"rendered":"B9000, 680 g\/m2, szer. 250 cm"},"content":{"rendered":"<p>Materia\u0142 obustronnie powleczony PVC, lakierowany po\u0142ysk z obydwu stron. Dost\u0119pnych kilka szeroko\u015bci. <strong>MATERIA\u0141 PLANDEKOWY SPRZEDAWANY JEST W ROLKACH LUB METRACH BIE\u017b\u0104CYCH.<\/strong><\/p>\n<p>&nbsp;<\/p>\n<p>Gramatura: 680 g\/m2<br \/>\nSzeroko\u015b\u0107: 250 cm<br \/>\nNaw\u00f3j: 65 mb<\/p>","protected":false},"excerpt":{"rendered":"<p>Materia\u0142 obustronnie powleczony PVC, lakierowany po\u0142ysk z obydwu stron. Dost\u0119pnych kilka szeroko\u015bci. MATERIA\u0141 PLANDEKOWY SPRZEDAWANY JEST W ROLKACH LUB METRACH BIE\u017b\u0104CYCH. &nbsp; Gramatura: 680 g\/m2 Szeroko\u015b\u0107: 250 cm Naw\u00f3j: 65 mb<\/p>","protected":false},"featured_media":4591,"template":"","meta":{"_acf_changed":false},"product_cat":[660,260],"product_tag":[],"class_list":{"0":"post-4589","1":"product","2":"type-product","3":"status-publish","4":"has-post-thumbnail","6":"product_cat-do-wyrobu-dmuchancow","7":"product_cat-sioen-gramatura-680-g-m2","8":"pa_kolor-327","9":"pa_kolor-322","10":"pa_kolor-299","11":"pa_kolor-328","12":"pa_kolor-1622-1013","13":"pa_kolor-3002-karmirowy","14":"pa_kolor-3015-rubinowy","15":"pa_kolor-334","16":"pa_kolor-3056-oranz","17":"pa_kolor-3056-2004","18":"pa_kolor-335","19":"pa_kolor-5002-ultramaryna","20":"pa_kolor-5003-szafirowy","21":"pa_kolor-5004-kobaltowy","22":"pa_kolor-338","23":"pa_kolor-339","24":"pa_kolor-5063-chabrowy","25":"pa_kolor-341","26":"pa_kolor-6001-szmaragdowy","27":"pa_kolor-342","28":"pa_kolor-6027-ral-6018-groszek","29":"pa_kolor-343","30":"pa_kolor-7001-ral-7038","31":"pa_kolor-344","32":"pa_kolor-345","33":"pa_kolor-7024-7037","34":"pa_kolor-7500-srebro","35":"pa_kolor-7999-ral-9005","36":"pa_kolor-302","38":"first","39":"instock","40":"taxable","41":"shipping-taxable","42":"purchasable","43":"product-type-variable","swatches":"rey-swatches","show_selected":""},"acf":[],"_links":{"self":[{"href":"https:\/\/sakoplan.pl\/de\/wp-json\/wp\/v2\/product\/4589","targetHints":{"allow":["GET"]}}],"collection":[{"href":"https:\/\/sakoplan.pl\/de\/wp-json\/wp\/v2\/product"}],"about":[{"href":"https:\/\/sakoplan.pl\/de\/wp-json\/wp\/v2\/types\/product"}],"version-history":[{"count":0,"href":"https:\/\/sakoplan.pl\/de\/wp-json\/wp\/v2\/product\/4589\/revisions"}],"wp:featuredmedia":[{"embeddable":true,"href":"https:\/\/sakoplan.pl\/de\/wp-json\/wp\/v2\/media\/4591"}],"wp:attachment":[{"href":"https:\/\/sakoplan.pl\/de\/wp-json\/wp\/v2\/media?parent=4589"}],"wp:term":[{"taxonomy":"product_cat","embeddable":true,"href":"https:\/\/sakoplan.pl\/de\/wp-json\/wp\/v2\/product_cat?post=4589"},{"taxonomy":"product_tag","embeddable":true,"href":"https:\/\/sakoplan.pl\/de\/wp-json\/wp\/v2\/product_tag?post=4589"}],"curies":[{"name":"wp","href":"https:\/\/api.w.org\/{rel}","templated":true}]}}