{"id":4570,"date":"2025-11-05T17:05:48","date_gmt":"2025-11-05T17:05:48","guid":{"rendered":"https:\/\/sakoplan.pl\/?post_type=product&#038;p=4570"},"modified":"2025-11-17T10:42:42","modified_gmt":"2025-11-17T10:42:42","slug":"b8103-650-g-m2-szer-250-cm","status":"publish","type":"product","link":"https:\/\/sakoplan.pl\/de\/produkt\/b8103-650-g-m2-szer-250-cm\/","title":{"rendered":"B8103, 650 g\/m2, szer. 250 cm"},"content":{"rendered":"<p>Materia\u0142 plandekowy lub do produkcji hal namiotowych, obustronnie powleczony PVC. Materia\u0142 dost\u0119pny na zam\u00f3wienie &#8211; prosimy o kontakt ze sklepem. <strong>MATERIA\u0141 PLANDEKOWY SPRZEDAWANY JEST W ROLKACH LUB METRACH BIE\u017b\u0104CYCH.<\/strong><\/p>\n<p>&nbsp;<\/p>\n<p>Materia\u0142 lakierowany czterokrotnie, obustronnie specjaln\u0105 pow\u0142ok\u0105 Siofluo, kt\u00f3ra czyni materia\u0142 jeszcze bardziej odpornym na dzia\u0142ania promieni UV oraz niekorzystnych czynnik\u00f3w pogodowych.<br \/>\nMateria\u0142 posiada atesty niepalno\u015bci (B1, M2).<\/p>\n<p>Gramatura: 650 g\/m2<br \/>\nSzeroko\u015b\u0107: 250 cm<br \/>\nNaw\u00f3j: 65 mb<\/p>","protected":false},"excerpt":{"rendered":"<p>Materia\u0142 plandekowy lub do produkcji hal namiotowych, obustronnie powleczony PVC. Materia\u0142 dost\u0119pny na zam\u00f3wienie &#8211; prosimy o kontakt ze sklepem. MATERIA\u0141 PLANDEKOWY SPRZEDAWANY JEST W ROLKACH LUB METRACH BIE\u017b\u0104CYCH. &nbsp; Materia\u0142 lakierowany czterokrotnie, obustronnie specjaln\u0105 pow\u0142ok\u0105 Siofluo, kt\u00f3ra czyni materia\u0142 jeszcze bardziej odpornym na dzia\u0142ania promieni UV oraz niekorzystnych czynnik\u00f3w pogodowych. Materia\u0142 posiada atesty niepalno\u015bci [&hellip;]<\/p>\n","protected":false},"featured_media":4571,"template":"","meta":{"_acf_changed":false},"product_cat":[656,71,269,259],"product_tag":[],"class_list":{"0":"post-4570","1":"product","2":"type-product","3":"status-publish","4":"has-post-thumbnail","6":"product_cat-material-na-hale-namiotowe","7":"product_cat-pokrycie-zewnetrzne","8":"product_cat-sioen-trudnopalne","9":"product_cat-sioen","10":"pa_kolor-322","11":"pa_kolor-324","12":"pa_kolor-3016-koralowy","14":"first","15":"outofstock","16":"taxable","17":"shipping-taxable","18":"purchasable","19":"product-type-variable","swatches":"rey-swatches","show_selected":""},"acf":[],"_links":{"self":[{"href":"https:\/\/sakoplan.pl\/de\/wp-json\/wp\/v2\/product\/4570","targetHints":{"allow":["GET"]}}],"collection":[{"href":"https:\/\/sakoplan.pl\/de\/wp-json\/wp\/v2\/product"}],"about":[{"href":"https:\/\/sakoplan.pl\/de\/wp-json\/wp\/v2\/types\/product"}],"version-history":[{"count":0,"href":"https:\/\/sakoplan.pl\/de\/wp-json\/wp\/v2\/product\/4570\/revisions"}],"wp:featuredmedia":[{"embeddable":true,"href":"https:\/\/sakoplan.pl\/de\/wp-json\/wp\/v2\/media\/4571"}],"wp:attachment":[{"href":"https:\/\/sakoplan.pl\/de\/wp-json\/wp\/v2\/media?parent=4570"}],"wp:term":[{"taxonomy":"product_cat","embeddable":true,"href":"https:\/\/sakoplan.pl\/de\/wp-json\/wp\/v2\/product_cat?post=4570"},{"taxonomy":"product_tag","embeddable":true,"href":"https:\/\/sakoplan.pl\/de\/wp-json\/wp\/v2\/product_tag?post=4570"}],"curies":[{"name":"wp","href":"https:\/\/api.w.org\/{rel}","templated":true}]}}