{"id":4463,"date":"2025-11-05T13:44:09","date_gmt":"2025-11-05T13:44:09","guid":{"rendered":"https:\/\/sakoplan.pl\/?post_type=product&#038;p=4463"},"modified":"2025-11-17T11:53:25","modified_gmt":"2025-11-17T11:53:25","slug":"b7119-pcv-fluo-jaskrawy-zolty-hi-vis-630-g-m2-szer-250-cm","status":"publish","type":"product","link":"https:\/\/sakoplan.pl\/de\/produkt\/b7119-pcv-fluo-jaskrawy-zolty-hi-vis-630-g-m2-szer-250-cm\/","title":{"rendered":"B7119 PCV &#8211; FLUO &#8211; jaskrawy \u017c\u00f3\u0142ty, Hi-Vis, 630 g\/m2, szer. 250 cm"},"content":{"rendered":"<p>Specjalistyczny materia\u0142\u00a0<strong>Hi-Vis (High visibility)<\/strong>\u00a0obustronnie powleczony PVC. Kolor\u00a0<strong>Fluo<\/strong>\u00a0&#8211;\u00a0<strong>jaskrawy \u017c\u00f3\u0142ty<\/strong>. Plandeka\u00a0<strong>sygnalizacyjna<\/strong>,\u00a0<strong>ochronna<\/strong>. Na boje, os\u0142ony maszyn, kotary, bramy rolowane&#8230; <strong>MATERIA\u0141 PLANDEKOWY SPRZEDAWANY JEST W ROLKACH LUB METRACH BIE\u017b\u0104CYCH.<\/strong><\/p>\n<p>&nbsp;<\/p>\n<p>Materia\u0142 PVC \/ PCV o\u00a0<strong>jaskrawym, jasno\u017c\u00f3\u0142tym kolorze<\/strong>. Doskonale nadaje si\u0119 na elementy\u00a0<strong>ochronne i sygnalizacyjne<\/strong>. Materia\u0142 przeznaczony na boje sygnalizacyjne, odblaskowe torby\u00a0<strong>wodooporne<\/strong>\u00a0czy\u00a0<strong>jaskrawe rolowane bramy<\/strong>. Cz\u0119sto u\u017cywany przy produkcji element\u00f3w, gdzie liczy si\u0119 odpowiednia\u00a0<strong>widoczno\u015b\u0107<\/strong>\u00a0np.\u00a0<strong>obwoluty<\/strong>\u00a0siatek do siatk\u00f3wki czy siatek i os\u0142on na stokach narciarskich. Wysokiej jako\u015bci, europejski materia\u0142 &#8211; producent SIOEN.<\/p>\n<p>Doskonale nadaje si\u0119 na elementy ochronne i sygnalizacyjne.<\/p>","protected":false},"excerpt":{"rendered":"<p>Specjalistyczny materia\u0142\u00a0Hi-Vis (High visibility)\u00a0obustronnie powleczony PVC. Kolor\u00a0Fluo\u00a0&#8211;\u00a0jaskrawy \u017c\u00f3\u0142ty. Plandeka\u00a0sygnalizacyjna,\u00a0ochronna. Na boje, os\u0142ony maszyn, kotary, bramy rolowane&#8230; MATERIA\u0141 PLANDEKOWY SPRZEDAWANY JEST W ROLKACH LUB METRACH BIE\u017b\u0104CYCH. &nbsp; Materia\u0142 PVC \/ PCV o\u00a0jaskrawym, jasno\u017c\u00f3\u0142tym kolorze. Doskonale nadaje si\u0119 na elementy\u00a0ochronne i sygnalizacyjne. Materia\u0142 przeznaczony na boje sygnalizacyjne, odblaskowe torby\u00a0wodooporne\u00a0czy\u00a0jaskrawe rolowane bramy. Cz\u0119sto u\u017cywany przy produkcji element\u00f3w, gdzie [&hellip;]<\/p>\n","protected":false},"featured_media":4465,"template":"","meta":{"_acf_changed":false},"product_cat":[660,257],"product_tag":[],"class_list":{"0":"post-4463","1":"product","2":"type-product","3":"status-publish","4":"has-post-thumbnail","6":"product_cat-do-wyrobu-dmuchancow","7":"product_cat-sioen-630-g-m2","8":"pa_kolor-317","10":"first","11":"outofstock","12":"taxable","13":"shipping-taxable","14":"purchasable","15":"product-type-variable","swatches":"rey-swatches","show_selected":""},"acf":[],"_links":{"self":[{"href":"https:\/\/sakoplan.pl\/de\/wp-json\/wp\/v2\/product\/4463","targetHints":{"allow":["GET"]}}],"collection":[{"href":"https:\/\/sakoplan.pl\/de\/wp-json\/wp\/v2\/product"}],"about":[{"href":"https:\/\/sakoplan.pl\/de\/wp-json\/wp\/v2\/types\/product"}],"version-history":[{"count":0,"href":"https:\/\/sakoplan.pl\/de\/wp-json\/wp\/v2\/product\/4463\/revisions"}],"wp:featuredmedia":[{"embeddable":true,"href":"https:\/\/sakoplan.pl\/de\/wp-json\/wp\/v2\/media\/4465"}],"wp:attachment":[{"href":"https:\/\/sakoplan.pl\/de\/wp-json\/wp\/v2\/media?parent=4463"}],"wp:term":[{"taxonomy":"product_cat","embeddable":true,"href":"https:\/\/sakoplan.pl\/de\/wp-json\/wp\/v2\/product_cat?post=4463"},{"taxonomy":"product_tag","embeddable":true,"href":"https:\/\/sakoplan.pl\/de\/wp-json\/wp\/v2\/product_tag?post=4463"}],"curies":[{"name":"wp","href":"https:\/\/api.w.org\/{rel}","templated":true}]}}