{"id":4408,"date":"2025-11-05T12:43:41","date_gmt":"2025-11-05T12:43:41","guid":{"rendered":"https:\/\/sakoplan.pl\/?post_type=product&#038;p=4408"},"modified":"2025-12-18T11:30:26","modified_gmt":"2025-12-18T11:30:26","slug":"b7119-630-g-m2-szer-250-cm","status":"publish","type":"product","link":"https:\/\/sakoplan.pl\/de\/produkt\/b7119-630-g-m2-szer-250-cm\/","title":{"rendered":"B7119, 630 g\/m2, szer. 250 cm"},"content":{"rendered":"<p>Materia\u0142 obustronnie powleczony PVC, jednostronnie lakierowany z po\u0142yskiem. <strong>MATERIA\u0141 PLANDEKOWY SPRZEDAWANY JEST W ROLKACH LUB METRACH BIE\u017b\u0104CYCH.<\/strong><\/p>\n<p>&nbsp;<\/p>\n<p>Gramatura: 630 g\/m2<br \/>\nSzeroko\u015b\u0107: 250 cm<br \/>\nNaw\u00f3j: 65 mb<\/p>\n<p>Uwaga :kolor 8020 dost\u0119pny jest dla materia\u0142u B7883\/250<\/p>","protected":false},"excerpt":{"rendered":"<p>Materia\u0142 obustronnie powleczony PVC, jednostronnie lakierowany z po\u0142yskiem. MATERIA\u0141 PLANDEKOWY SPRZEDAWANY JEST W ROLKACH LUB METRACH BIE\u017b\u0104CYCH. &nbsp; Gramatura: 630 g\/m2 Szeroko\u015b\u0107: 250 cm Naw\u00f3j: 65 mb Uwaga :kolor 8020 dost\u0119pny jest dla materia\u0142u B7883\/250<\/p>","protected":false},"featured_media":4409,"template":"","meta":{"_acf_changed":false},"product_cat":[660,257],"product_tag":[],"class_list":{"0":"post-4408","1":"product","2":"type-product","3":"status-publish","4":"has-post-thumbnail","6":"product_cat-do-wyrobu-dmuchancow","7":"product_cat-sioen-630-g-m2","8":"pa_kolor-1001-ral-1003","9":"pa_kolor-1687-1015-kosc-sloniowa","10":"pa_kolor-3001-ral-3001","11":"pa_kolor-306","12":"pa_kolor-3023-2011-oranz","13":"pa_kolor-307","14":"pa_kolor-301","15":"pa_kolor-308","16":"pa_kolor-309","17":"pa_kolor-6001-szmaragdowy","18":"pa_kolor-6027-ral-6018-groszek","19":"pa_kolor-312","20":"pa_kolor-7024-7037","21":"pa_kolor-314","22":"pa_kolor-7500-srebro","23":"pa_kolor-7999-ral-9005","24":"pa_kolor-248","25":"pa_kolor-302","27":"first","28":"instock","29":"taxable","30":"shipping-taxable","31":"purchasable","32":"product-type-variable","swatches":"rey-swatches","show_selected":""},"acf":[],"_links":{"self":[{"href":"https:\/\/sakoplan.pl\/de\/wp-json\/wp\/v2\/product\/4408","targetHints":{"allow":["GET"]}}],"collection":[{"href":"https:\/\/sakoplan.pl\/de\/wp-json\/wp\/v2\/product"}],"about":[{"href":"https:\/\/sakoplan.pl\/de\/wp-json\/wp\/v2\/types\/product"}],"version-history":[{"count":0,"href":"https:\/\/sakoplan.pl\/de\/wp-json\/wp\/v2\/product\/4408\/revisions"}],"wp:featuredmedia":[{"embeddable":true,"href":"https:\/\/sakoplan.pl\/de\/wp-json\/wp\/v2\/media\/4409"}],"wp:attachment":[{"href":"https:\/\/sakoplan.pl\/de\/wp-json\/wp\/v2\/media?parent=4408"}],"wp:term":[{"taxonomy":"product_cat","embeddable":true,"href":"https:\/\/sakoplan.pl\/de\/wp-json\/wp\/v2\/product_cat?post=4408"},{"taxonomy":"product_tag","embeddable":true,"href":"https:\/\/sakoplan.pl\/de\/wp-json\/wp\/v2\/product_tag?post=4408"}],"curies":[{"name":"wp","href":"https:\/\/api.w.org\/{rel}","templated":true}]}}