{"id":4399,"date":"2025-11-05T12:20:50","date_gmt":"2025-11-05T12:20:50","guid":{"rendered":"https:\/\/sakoplan.pl\/?post_type=product&#038;p=4399"},"modified":"2026-04-01T09:48:16","modified_gmt":"2026-04-01T09:48:16","slug":"b7000-550-g-m2-szer-300-cm","status":"publish","type":"product","link":"https:\/\/sakoplan.pl\/de\/produkt\/b7000-550-g-m2-szer-300-cm\/","title":{"rendered":"B7000, 550 g\/m2, szer. 300 cm"},"content":{"rendered":"<p>W naszej ofercie pe\u0142na gama materia\u0142\u00f3w do wyrobu artyku\u0142\u00f3w sportowych, takich jak materace, maty zapa\u015bnicze, maty do judo (maty tatami), worki bokserskie, zeskoki lekkoatletyczne, wszelkiego rodzaju torby, pokrowce i kszta\u0142tki. <strong>MATERIA\u0141 PLANDEKOWY SPRZEDAWANY JEST W ROLKACH LUB METRACH BIE\u017b\u0104CYCH.<\/strong><\/p>\n<p>&nbsp;<\/p>\n<p>Do cz\u0119\u015bci tych\u017ce artyku\u0142\u00f3w u\u017cywa si\u0119 standardowych materia\u0142\u00f3w plandekowych jednak\u017ce oferujemy tak\u017ce materia\u0142y specjalistyczne, przeznaczone typowo do wyrob\u00f3w sportowych o odpowiedniej specyfikacji.<\/p>\n<p>B7000:<br \/>\nGramatura: 550 g\/m2<br \/>\nSzeroko\u015b\u0107: 300 cm<br \/>\nNaw\u00f3j: 65 mb<\/p>\n<p>&nbsp;<\/p>\n<p>Kolory:<\/p>\n<p>&#8211; bia\u0142y<\/p>\n<p>&#8211; szary<\/p>\n<p>&#8211; granatowy<\/p>\n<p>&#8211; zielony<\/p>\n<p>&nbsp;<\/p>\n<p>Materia\u0142 przeznaczony do wyrobu mat i materacy, gdzie wymagana jest matowa, g\u0142adka, antypo\u015blizgowa powierzchnia.<\/p>\n<p>Tkanina powleczona jest obustronnie PVC o powierzchni matowej.<\/p>","protected":false},"excerpt":{"rendered":"<p>W naszej ofercie pe\u0142na gama materia\u0142\u00f3w do wyrobu artyku\u0142\u00f3w sportowych, takich jak materace, maty zapa\u015bnicze, maty do judo (maty tatami), worki bokserskie, zeskoki lekkoatletyczne, wszelkiego rodzaju torby, pokrowce i kszta\u0142tki. MATERIA\u0141 PLANDEKOWY SPRZEDAWANY JEST W ROLKACH LUB METRACH BIE\u017b\u0104CYCH. &nbsp; Do cz\u0119\u015bci tych\u017ce artyku\u0142\u00f3w u\u017cywa si\u0119 standardowych materia\u0142\u00f3w plandekowych jednak\u017ce oferujemy tak\u017ce materia\u0142y specjalistyczne, przeznaczone [&hellip;]<\/p>\n","protected":false},"featured_media":4377,"template":"","meta":{"_acf_changed":false},"product_cat":[662,663,254],"product_tag":[],"class_list":{"0":"post-4399","1":"product","2":"type-product","3":"status-publish","4":"has-post-thumbnail","6":"product_cat-basenowe","7":"product_cat-do-wyrobu-materacy","8":"product_cat-sioen-gramatura-ponizej-630-g-m2","9":"pa_kolor-301","10":"pa_kolor-302","12":"first","13":"instock","14":"taxable","15":"shipping-taxable","16":"purchasable","17":"product-type-variable","swatches":"rey-swatches","show_selected":""},"acf":[],"_links":{"self":[{"href":"https:\/\/sakoplan.pl\/de\/wp-json\/wp\/v2\/product\/4399","targetHints":{"allow":["GET"]}}],"collection":[{"href":"https:\/\/sakoplan.pl\/de\/wp-json\/wp\/v2\/product"}],"about":[{"href":"https:\/\/sakoplan.pl\/de\/wp-json\/wp\/v2\/types\/product"}],"version-history":[{"count":0,"href":"https:\/\/sakoplan.pl\/de\/wp-json\/wp\/v2\/product\/4399\/revisions"}],"wp:featuredmedia":[{"embeddable":true,"href":"https:\/\/sakoplan.pl\/de\/wp-json\/wp\/v2\/media\/4377"}],"wp:attachment":[{"href":"https:\/\/sakoplan.pl\/de\/wp-json\/wp\/v2\/media?parent=4399"}],"wp:term":[{"taxonomy":"product_cat","embeddable":true,"href":"https:\/\/sakoplan.pl\/de\/wp-json\/wp\/v2\/product_cat?post=4399"},{"taxonomy":"product_tag","embeddable":true,"href":"https:\/\/sakoplan.pl\/de\/wp-json\/wp\/v2\/product_tag?post=4399"}],"curies":[{"name":"wp","href":"https:\/\/api.w.org\/{rel}","templated":true}]}}