{"id":4221,"date":"2025-11-04T12:03:08","date_gmt":"2025-11-04T12:03:08","guid":{"rendered":"https:\/\/sakoplan.pl\/?post_type=product&#038;p=4221"},"modified":"2026-04-01T09:46:12","modified_gmt":"2026-04-01T09:46:12","slug":"bts670-670-g-m2-szer-275-cm","status":"publish","type":"product","link":"https:\/\/sakoplan.pl\/de\/produkt\/bts670-670-g-m2-szer-275-cm\/","title":{"rendered":"BTS670, 670 g\/m2, szer. 275 cm"},"content":{"rendered":"<div class=\"row\">\n<div class=\"col-sm-9\">\n<p>Materia\u0142 plandekowy lub do produkcji hal namiotowych z grupy produkt\u00f3w\u00a0<strong>SAKOPLAN<\/strong>, obustronnie powleczony PVC, lakierowany dwustronnie. <strong>MATERIA\u0141 PLANDEKOWY SPRZEDAWANY JEST W ROLKACH LUB METRACH BIE\u017b\u0104CYCH.<\/strong><\/p>\n<p>&nbsp;<\/p>\n<p>Gramatura:\u00a0<strong>670 g\/m<sup>2<\/sup><\/strong><br \/>\nSzeroko\u015b\u0107:\u00a0<strong>275<\/strong><strong>\u00a0cm<\/strong><br \/>\nNaw\u00f3j:\u00a0<strong>65 mb<\/strong><\/p>\n<div id=\"manufacturer-short_description\">\n<p>Wzorcowy materia\u0142 plandekowy na rynku europejskim<\/p>\n<p><strong>SAKOPLAN<\/strong>\u00a0to linia materia\u0142\u00f3w wprowadzona na rynek przez Sako Expo w 2008 roku. Jest wynikiem 20 lat do\u015bwiadczenia i zdobytej wiedzy w dziedzinie materia\u0142\u00f3w plandekowych.<\/p>\n<\/div>\n<div id=\"manufacturer-description\">\n<p>Od 2016 roku produkcj\u0119 naszej flagowej serii materia\u0142\u00f3w wykonujemy w nowej fabryce wyposa\u017conej w najnowocze\u015bniejsze linie produkcyjne, mog\u0105ce zapewni\u0107 nam nowe, najwy\u017csze parametry technologiczne. W miejscu produkcji pod naszym nadzorem wdro\u017cono know-how parametr\u00f3w sk\u0142adu i wymaga\u0144 dla materia\u0142\u00f3w linii\u00a0<strong>SAKOPLAN<\/strong>.<\/p>\n<\/div>\n<\/div>\n<\/div>","protected":false},"excerpt":{"rendered":"<p>Materia\u0142 plandekowy lub do produkcji hal namiotowych z grupy produkt\u00f3w\u00a0SAKOPLAN, obustronnie powleczony PVC, lakierowany dwustronnie. MATERIA\u0141 PLANDEKOWY SPRZEDAWANY JEST W ROLKACH LUB METRACH BIE\u017b\u0104CYCH. &nbsp; Gramatura:\u00a0670 g\/m2 Szeroko\u015b\u0107:\u00a0275\u00a0cm Naw\u00f3j:\u00a065 mb Wzorcowy materia\u0142 plandekowy na rynku europejskim SAKOPLAN\u00a0to linia materia\u0142\u00f3w wprowadzona na rynek przez Sako Expo w 2008 roku. Jest wynikiem 20 lat do\u015bwiadczenia i zdobytej [&hellip;]<\/p>\n","protected":false},"featured_media":4222,"template":"","meta":{"_acf_changed":false},"product_cat":[71,245],"product_tag":[],"class_list":{"0":"post-4221","1":"product","2":"type-product","3":"status-publish","4":"has-post-thumbnail","6":"product_cat-pokrycie-zewnetrzne","7":"product_cat-sakoplan-gramatura-670-g-m2-materialy-plandekowe","8":"pa_kolor-1003-1014-miodowy","9":"pa_kolor-3002-karmirowy","10":"pa_kolor-5002-ultramaryna","11":"pa_kolor-5010-azur","12":"pa_kolor-6005-butelkowy","13":"pa_kolor-57","14":"pa_kolor-7037-7024","15":"pa_kolor-59","16":"pa_kolor-7340-ral7016-antracyt","17":"pa_kolor-7500-srebro","18":"pa_kolor-248","19":"pa_kolor-62","20":"pa_kolor-63","22":"first","23":"instock","24":"taxable","25":"shipping-taxable","26":"purchasable","27":"product-type-variable","swatches":"rey-swatches","show_selected":""},"acf":[],"_links":{"self":[{"href":"https:\/\/sakoplan.pl\/de\/wp-json\/wp\/v2\/product\/4221","targetHints":{"allow":["GET"]}}],"collection":[{"href":"https:\/\/sakoplan.pl\/de\/wp-json\/wp\/v2\/product"}],"about":[{"href":"https:\/\/sakoplan.pl\/de\/wp-json\/wp\/v2\/types\/product"}],"version-history":[{"count":0,"href":"https:\/\/sakoplan.pl\/de\/wp-json\/wp\/v2\/product\/4221\/revisions"}],"wp:featuredmedia":[{"embeddable":true,"href":"https:\/\/sakoplan.pl\/de\/wp-json\/wp\/v2\/media\/4222"}],"wp:attachment":[{"href":"https:\/\/sakoplan.pl\/de\/wp-json\/wp\/v2\/media?parent=4221"}],"wp:term":[{"taxonomy":"product_cat","embeddable":true,"href":"https:\/\/sakoplan.pl\/de\/wp-json\/wp\/v2\/product_cat?post=4221"},{"taxonomy":"product_tag","embeddable":true,"href":"https:\/\/sakoplan.pl\/de\/wp-json\/wp\/v2\/product_tag?post=4221"}],"curies":[{"name":"wp","href":"https:\/\/api.w.org\/{rel}","templated":true}]}}