{"id":2195,"date":"2025-08-12T11:33:17","date_gmt":"2025-08-12T11:33:17","guid":{"rendered":"https:\/\/sakoplan.pl\/?page_id=2195"},"modified":"2025-08-12T11:42:00","modified_gmt":"2025-08-12T11:42:00","slug":"formularz-reklamacji","status":"publish","type":"page","link":"https:\/\/sakoplan.pl\/de\/formularz-reklamacji\/","title":{"rendered":"Formularz reklamacji"},"content":{"rendered":"<div data-elementor-type=\"wp-page\" data-elementor-id=\"2195\" class=\"elementor elementor-2195\" data-elementor-post-type=\"page\">\n\t\t\t\t<div class=\"e-con-top elementor-element elementor-element-473dc2f2 e-flex e-con-boxed e-con e-parent\" data-id=\"473dc2f2\" data-element_type=\"container\">\n\t\t\t\t\t<div class=\"e-con-inner\">\n\t\t\t\t<div class=\"elementor-element elementor-element-66dc6fd6 mc_text_style elementor-widget elementor-widget-text-editor\" data-id=\"66dc6fd6\" data-element_type=\"widget\" data-widget_type=\"text-editor.default\">\n\t\t\t\t<div class=\"elementor-widget-container\">\n\t\t\t\t\t\t\t\t\t<h2><\/h2>\n<h2>Dokumenty<\/h2>\n<div class=\"table-responsive\">\u00a0<\/div>\n<h2><\/h2>\t\t\t\t\t\t\t\t<\/div>\n\t\t\t\t<\/div>\n\t\t\t\t<div class=\"elementor-element elementor-element-174cc24 elementor-position-inline-start elementor-view-default elementor-mobile-position-block-start elementor-widget elementor-widget-icon-box\" data-id=\"174cc24\" data-element_type=\"widget\" data-widget_type=\"icon-box.default\">\n\t\t\t\t<div class=\"elementor-widget-container\">\n\t\t\t\t\t\t\t<div class=\"elementor-icon-box-wrapper\">\n\n\t\t\t\t\t\t<div class=\"elementor-icon-box-icon\">\n\t\t\t\t<a href=\"\/wp-content\/uploads\/2025\/08\/info-odstapienie-od-umowy.pdf\" target=\"_blank\" class=\"elementor-icon\" tabindex=\"-1\" aria-label=\" Informacje dotycz\u0105ce korzystania z prawa odst\u0105pienia od umowy\">\n\t\t\t\t<svg xmlns=\"http:\/\/www.w3.org\/2000\/svg\" width=\"38\" height=\"45\" viewbox=\"0 0 38 45\" fill=\"none\"><path d=\"M34.049 10.063L27.5333 3.54725C25.2369 1.25087 22.1938 0 18.9452 0H8.65821C4.02812 0 0.256836 3.77128 0.256836 8.40138V36.406C0.256836 41.0361 4.02812 44.8073 8.65821 44.8073H29.1949C33.825 44.8073 37.5963 41.0361 37.5963 36.406V18.6511C37.5963 15.4025 36.3267 12.3594 34.049 10.063ZM32.7235 11.3885C33.7503 12.4154 34.5345 13.6289 35.0385 14.9358H25.461C23.9114 14.9358 22.6605 13.6849 22.6605 12.1353V2.55775C23.9861 3.06183 25.1809 3.84596 26.2078 4.8728L32.7235 11.3885ZM35.7293 36.406C35.7293 40.0092 32.7982 42.9404 29.1949 42.9404H8.65821C5.05496 42.9404 2.12381 40.0092 2.12381 36.406V8.40138C2.12381 4.79812 5.05496 1.86697 8.65821 1.86697H18.9452C19.5613 1.86697 20.1774 1.92298 20.7935 2.035V12.1353C20.7935 14.7117 22.8845 16.8028 25.461 16.8028H35.5613C35.6733 17.4002 35.7293 18.0163 35.7293 18.6511V36.406ZM9.53569 24.2706H7.72473C6.69789 24.2706 5.85775 25.1108 5.85775 26.1376V34.539C5.85775 35.0617 6.26849 35.4725 6.79124 35.4725C7.31399 35.4725 7.72473 35.0617 7.72473 34.539V31.7385H9.53569C11.608 31.7385 13.2883 30.0209 13.2883 27.9672C13.2883 25.9136 11.608 24.2706 9.53569 24.2706ZM9.53569 29.8716H7.72473V26.1376H9.53569C10.5812 26.1376 11.4213 26.9591 11.4213 27.9672C11.4213 28.9754 10.5625 29.8716 9.53569 29.8716ZM18.9266 24.2706C18.9266 24.2706 17.9744 24.2706 17.0596 24.2706C16.0328 24.2706 15.1926 25.1108 15.1926 26.1376V33.6055C15.1926 34.6323 16.0328 35.4725 17.0596 35.4725C17.9557 35.4725 18.8706 35.4725 18.9266 35.4725C20.9989 35.4725 22.6605 33.8109 22.6605 31.7759V27.9859C22.6605 25.9509 20.9989 24.2893 18.9266 24.2893V24.2706ZM20.7935 31.7759C20.7935 32.7654 19.9907 33.5682 19.0012 33.6055H17.0596V26.1376H19.0012C19.9907 26.175 20.7935 26.9964 20.7935 27.9672V31.7572V31.7759ZM31.9954 25.2041C31.9954 25.7269 31.5846 26.1376 31.0619 26.1376H26.3945V29.8716H29.1949C29.7177 29.8716 30.1284 30.2823 30.1284 30.805C30.1284 31.3278 29.7177 31.7385 29.1949 31.7385H26.3945V34.539C26.3945 35.0617 25.9837 35.4725 25.461 35.4725C24.9382 35.4725 24.5275 35.0617 24.5275 34.539V26.1376C24.5275 25.1108 25.3676 24.2706 26.3945 24.2706H31.0619C31.5846 24.2706 31.9954 24.6814 31.9954 25.2041Z\" fill=\"black\"><\/path><path fill-rule=\"evenodd\" clip-rule=\"evenodd\" d=\"M12.7534 5.6012H10.1664V11.422H5.85498L11.4559 21.1231L17.0568 11.422H12.7534V5.6012Z\" fill=\"black\"><\/path><\/svg>\t\t\t\t<\/a>\n\t\t\t<\/div>\n\t\t\t\n\t\t\t\t\t\t<div class=\"elementor-icon-box-content\">\n\n\t\t\t\t\t\t\t\t\t<h3 class=\"elementor-icon-box-title\">\n\t\t\t\t\t\t<a href=\"\/wp-content\/uploads\/2025\/08\/info-odstapienie-od-umowy.pdf\" target=\"_blank\" >\n\t\t\t\t\t\t\t Informacje dotycz\u0105ce korzystania z prawa odst\u0105pienia od umowy\t\t\t\t\t\t<\/a>\n\t\t\t\t\t<\/h3>\n\t\t\t\t\n\t\t\t\t\n\t\t\t<\/div>\n\t\t\t\n\t\t<\/div>\n\t\t\t\t\t\t<\/div>\n\t\t\t\t<\/div>\n\t\t\t\t<div class=\"elementor-element elementor-element-3a87ab5 elementor-position-inline-start elementor-view-default elementor-mobile-position-block-start elementor-widget elementor-widget-icon-box\" data-id=\"3a87ab5\" data-element_type=\"widget\" data-widget_type=\"icon-box.default\">\n\t\t\t\t<div class=\"elementor-widget-container\">\n\t\t\t\t\t\t\t<div class=\"elementor-icon-box-wrapper\">\n\n\t\t\t\t\t\t<div class=\"elementor-icon-box-icon\">\n\t\t\t\t<a href=\"\/wp-content\/uploads\/2025\/08\/formularz-reklamacji.pdf\" target=\"_blank\" class=\"elementor-icon\" tabindex=\"-1\" aria-label=\" Fromularz reklamacyjny\">\n\t\t\t\t<svg xmlns=\"http:\/\/www.w3.org\/2000\/svg\" width=\"38\" height=\"45\" viewbox=\"0 0 38 45\" fill=\"none\"><path d=\"M34.049 10.063L27.5333 3.54725C25.2369 1.25087 22.1938 0 18.9452 0H8.65821C4.02812 0 0.256836 3.77128 0.256836 8.40138V36.406C0.256836 41.0361 4.02812 44.8073 8.65821 44.8073H29.1949C33.825 44.8073 37.5963 41.0361 37.5963 36.406V18.6511C37.5963 15.4025 36.3267 12.3594 34.049 10.063ZM32.7235 11.3885C33.7503 12.4154 34.5345 13.6289 35.0385 14.9358H25.461C23.9114 14.9358 22.6605 13.6849 22.6605 12.1353V2.55775C23.9861 3.06183 25.1809 3.84596 26.2078 4.8728L32.7235 11.3885ZM35.7293 36.406C35.7293 40.0092 32.7982 42.9404 29.1949 42.9404H8.65821C5.05496 42.9404 2.12381 40.0092 2.12381 36.406V8.40138C2.12381 4.79812 5.05496 1.86697 8.65821 1.86697H18.9452C19.5613 1.86697 20.1774 1.92298 20.7935 2.035V12.1353C20.7935 14.7117 22.8845 16.8028 25.461 16.8028H35.5613C35.6733 17.4002 35.7293 18.0163 35.7293 18.6511V36.406ZM9.53569 24.2706H7.72473C6.69789 24.2706 5.85775 25.1108 5.85775 26.1376V34.539C5.85775 35.0617 6.26849 35.4725 6.79124 35.4725C7.31399 35.4725 7.72473 35.0617 7.72473 34.539V31.7385H9.53569C11.608 31.7385 13.2883 30.0209 13.2883 27.9672C13.2883 25.9136 11.608 24.2706 9.53569 24.2706ZM9.53569 29.8716H7.72473V26.1376H9.53569C10.5812 26.1376 11.4213 26.9591 11.4213 27.9672C11.4213 28.9754 10.5625 29.8716 9.53569 29.8716ZM18.9266 24.2706C18.9266 24.2706 17.9744 24.2706 17.0596 24.2706C16.0328 24.2706 15.1926 25.1108 15.1926 26.1376V33.6055C15.1926 34.6323 16.0328 35.4725 17.0596 35.4725C17.9557 35.4725 18.8706 35.4725 18.9266 35.4725C20.9989 35.4725 22.6605 33.8109 22.6605 31.7759V27.9859C22.6605 25.9509 20.9989 24.2893 18.9266 24.2893V24.2706ZM20.7935 31.7759C20.7935 32.7654 19.9907 33.5682 19.0012 33.6055H17.0596V26.1376H19.0012C19.9907 26.175 20.7935 26.9964 20.7935 27.9672V31.7572V31.7759ZM31.9954 25.2041C31.9954 25.7269 31.5846 26.1376 31.0619 26.1376H26.3945V29.8716H29.1949C29.7177 29.8716 30.1284 30.2823 30.1284 30.805C30.1284 31.3278 29.7177 31.7385 29.1949 31.7385H26.3945V34.539C26.3945 35.0617 25.9837 35.4725 25.461 35.4725C24.9382 35.4725 24.5275 35.0617 24.5275 34.539V26.1376C24.5275 25.1108 25.3676 24.2706 26.3945 24.2706H31.0619C31.5846 24.2706 31.9954 24.6814 31.9954 25.2041Z\" fill=\"black\"><\/path><path fill-rule=\"evenodd\" clip-rule=\"evenodd\" d=\"M12.7534 5.6012H10.1664V11.422H5.85498L11.4559 21.1231L17.0568 11.422H12.7534V5.6012Z\" fill=\"black\"><\/path><\/svg>\t\t\t\t<\/a>\n\t\t\t<\/div>\n\t\t\t\n\t\t\t\t\t\t<div class=\"elementor-icon-box-content\">\n\n\t\t\t\t\t\t\t\t\t<h3 class=\"elementor-icon-box-title\">\n\t\t\t\t\t\t<a href=\"\/wp-content\/uploads\/2025\/08\/formularz-reklamacji.pdf\" target=\"_blank\" >\n\t\t\t\t\t\t\t Fromularz reklamacyjny\t\t\t\t\t\t<\/a>\n\t\t\t\t\t<\/h3>\n\t\t\t\t\n\t\t\t\t\n\t\t\t<\/div>\n\t\t\t\n\t\t<\/div>\n\t\t\t\t\t\t<\/div>\n\t\t\t\t<\/div>\n\t\t\t\t<div class=\"elementor-element elementor-element-268ffa7 elementor-position-inline-start elementor-view-default elementor-mobile-position-block-start elementor-widget elementor-widget-icon-box\" data-id=\"268ffa7\" data-element_type=\"widget\" data-widget_type=\"icon-box.default\">\n\t\t\t\t<div class=\"elementor-widget-container\">\n\t\t\t\t\t\t\t<div class=\"elementor-icon-box-wrapper\">\n\n\t\t\t\t\t\t<div class=\"elementor-icon-box-icon\">\n\t\t\t\t<a href=\"\/wp-content\/uploads\/2025\/08\/wzor-odstapienie-od-umowy.pdf\" target=\"_blank\" class=\"elementor-icon\" tabindex=\"-1\" aria-label=\"Wz\u00f3r formularza odst\u0105pienia od umowy\">\n\t\t\t\t<svg xmlns=\"http:\/\/www.w3.org\/2000\/svg\" width=\"38\" height=\"45\" viewbox=\"0 0 38 45\" fill=\"none\"><path d=\"M34.049 10.063L27.5333 3.54725C25.2369 1.25087 22.1938 0 18.9452 0H8.65821C4.02812 0 0.256836 3.77128 0.256836 8.40138V36.406C0.256836 41.0361 4.02812 44.8073 8.65821 44.8073H29.1949C33.825 44.8073 37.5963 41.0361 37.5963 36.406V18.6511C37.5963 15.4025 36.3267 12.3594 34.049 10.063ZM32.7235 11.3885C33.7503 12.4154 34.5345 13.6289 35.0385 14.9358H25.461C23.9114 14.9358 22.6605 13.6849 22.6605 12.1353V2.55775C23.9861 3.06183 25.1809 3.84596 26.2078 4.8728L32.7235 11.3885ZM35.7293 36.406C35.7293 40.0092 32.7982 42.9404 29.1949 42.9404H8.65821C5.05496 42.9404 2.12381 40.0092 2.12381 36.406V8.40138C2.12381 4.79812 5.05496 1.86697 8.65821 1.86697H18.9452C19.5613 1.86697 20.1774 1.92298 20.7935 2.035V12.1353C20.7935 14.7117 22.8845 16.8028 25.461 16.8028H35.5613C35.6733 17.4002 35.7293 18.0163 35.7293 18.6511V36.406ZM9.53569 24.2706H7.72473C6.69789 24.2706 5.85775 25.1108 5.85775 26.1376V34.539C5.85775 35.0617 6.26849 35.4725 6.79124 35.4725C7.31399 35.4725 7.72473 35.0617 7.72473 34.539V31.7385H9.53569C11.608 31.7385 13.2883 30.0209 13.2883 27.9672C13.2883 25.9136 11.608 24.2706 9.53569 24.2706ZM9.53569 29.8716H7.72473V26.1376H9.53569C10.5812 26.1376 11.4213 26.9591 11.4213 27.9672C11.4213 28.9754 10.5625 29.8716 9.53569 29.8716ZM18.9266 24.2706C18.9266 24.2706 17.9744 24.2706 17.0596 24.2706C16.0328 24.2706 15.1926 25.1108 15.1926 26.1376V33.6055C15.1926 34.6323 16.0328 35.4725 17.0596 35.4725C17.9557 35.4725 18.8706 35.4725 18.9266 35.4725C20.9989 35.4725 22.6605 33.8109 22.6605 31.7759V27.9859C22.6605 25.9509 20.9989 24.2893 18.9266 24.2893V24.2706ZM20.7935 31.7759C20.7935 32.7654 19.9907 33.5682 19.0012 33.6055H17.0596V26.1376H19.0012C19.9907 26.175 20.7935 26.9964 20.7935 27.9672V31.7572V31.7759ZM31.9954 25.2041C31.9954 25.7269 31.5846 26.1376 31.0619 26.1376H26.3945V29.8716H29.1949C29.7177 29.8716 30.1284 30.2823 30.1284 30.805C30.1284 31.3278 29.7177 31.7385 29.1949 31.7385H26.3945V34.539C26.3945 35.0617 25.9837 35.4725 25.461 35.4725C24.9382 35.4725 24.5275 35.0617 24.5275 34.539V26.1376C24.5275 25.1108 25.3676 24.2706 26.3945 24.2706H31.0619C31.5846 24.2706 31.9954 24.6814 31.9954 25.2041Z\" fill=\"black\"><\/path><path fill-rule=\"evenodd\" clip-rule=\"evenodd\" d=\"M12.7534 5.6012H10.1664V11.422H5.85498L11.4559 21.1231L17.0568 11.422H12.7534V5.6012Z\" fill=\"black\"><\/path><\/svg>\t\t\t\t<\/a>\n\t\t\t<\/div>\n\t\t\t\n\t\t\t\t\t\t<div class=\"elementor-icon-box-content\">\n\n\t\t\t\t\t\t\t\t\t<h3 class=\"elementor-icon-box-title\">\n\t\t\t\t\t\t<a href=\"\/wp-content\/uploads\/2025\/08\/wzor-odstapienie-od-umowy.pdf\" target=\"_blank\" >\n\t\t\t\t\t\t\tWz\u00f3r formularza odst\u0105pienia od umowy\t\t\t\t\t\t<\/a>\n\t\t\t\t\t<\/h3>\n\t\t\t\t\n\t\t\t\t\n\t\t\t<\/div>\n\t\t\t\n\t\t<\/div>\n\t\t\t\t\t\t<\/div>\n\t\t\t\t<\/div>\n\t\t\t\t<div class=\"elementor-element elementor-element-f32a340 elementor-position-inline-start elementor-view-default elementor-mobile-position-block-start elementor-widget elementor-widget-icon-box\" data-id=\"f32a340\" data-element_type=\"widget\" data-widget_type=\"icon-box.default\">\n\t\t\t\t<div class=\"elementor-widget-container\">\n\t\t\t\t\t\t\t<div class=\"elementor-icon-box-wrapper\">\n\n\t\t\t\t\t\t<div class=\"elementor-icon-box-icon\">\n\t\t\t\t<a href=\"\/wp-content\/uploads\/2025\/08\/zamowienie-pokrycia-markizy.odt\" target=\"_blank\" class=\"elementor-icon\" tabindex=\"-1\" aria-label=\" Druk zam\u00f3wienia pokrycia markizy\">\n\t\t\t\t<svg xmlns=\"http:\/\/www.w3.org\/2000\/svg\" width=\"38\" height=\"45\" viewbox=\"0 0 38 45\" fill=\"none\"><path d=\"M34.049 10.063L27.5333 3.54725C25.2369 1.25087 22.1938 0 18.9452 0H8.65821C4.02812 0 0.256836 3.77128 0.256836 8.40138V36.406C0.256836 41.0361 4.02812 44.8073 8.65821 44.8073H29.1949C33.825 44.8073 37.5963 41.0361 37.5963 36.406V18.6511C37.5963 15.4025 36.3267 12.3594 34.049 10.063ZM32.7235 11.3885C33.7503 12.4154 34.5345 13.6289 35.0385 14.9358H25.461C23.9114 14.9358 22.6605 13.6849 22.6605 12.1353V2.55775C23.9861 3.06183 25.1809 3.84596 26.2078 4.8728L32.7235 11.3885ZM35.7293 36.406C35.7293 40.0092 32.7982 42.9404 29.1949 42.9404H8.65821C5.05496 42.9404 2.12381 40.0092 2.12381 36.406V8.40138C2.12381 4.79812 5.05496 1.86697 8.65821 1.86697H18.9452C19.5613 1.86697 20.1774 1.92298 20.7935 2.035V12.1353C20.7935 14.7117 22.8845 16.8028 25.461 16.8028H35.5613C35.6733 17.4002 35.7293 18.0163 35.7293 18.6511V36.406ZM9.53569 24.2706H7.72473C6.69789 24.2706 5.85775 25.1108 5.85775 26.1376V34.539C5.85775 35.0617 6.26849 35.4725 6.79124 35.4725C7.31399 35.4725 7.72473 35.0617 7.72473 34.539V31.7385H9.53569C11.608 31.7385 13.2883 30.0209 13.2883 27.9672C13.2883 25.9136 11.608 24.2706 9.53569 24.2706ZM9.53569 29.8716H7.72473V26.1376H9.53569C10.5812 26.1376 11.4213 26.9591 11.4213 27.9672C11.4213 28.9754 10.5625 29.8716 9.53569 29.8716ZM18.9266 24.2706C18.9266 24.2706 17.9744 24.2706 17.0596 24.2706C16.0328 24.2706 15.1926 25.1108 15.1926 26.1376V33.6055C15.1926 34.6323 16.0328 35.4725 17.0596 35.4725C17.9557 35.4725 18.8706 35.4725 18.9266 35.4725C20.9989 35.4725 22.6605 33.8109 22.6605 31.7759V27.9859C22.6605 25.9509 20.9989 24.2893 18.9266 24.2893V24.2706ZM20.7935 31.7759C20.7935 32.7654 19.9907 33.5682 19.0012 33.6055H17.0596V26.1376H19.0012C19.9907 26.175 20.7935 26.9964 20.7935 27.9672V31.7572V31.7759ZM31.9954 25.2041C31.9954 25.7269 31.5846 26.1376 31.0619 26.1376H26.3945V29.8716H29.1949C29.7177 29.8716 30.1284 30.2823 30.1284 30.805C30.1284 31.3278 29.7177 31.7385 29.1949 31.7385H26.3945V34.539C26.3945 35.0617 25.9837 35.4725 25.461 35.4725C24.9382 35.4725 24.5275 35.0617 24.5275 34.539V26.1376C24.5275 25.1108 25.3676 24.2706 26.3945 24.2706H31.0619C31.5846 24.2706 31.9954 24.6814 31.9954 25.2041Z\" fill=\"black\"><\/path><path fill-rule=\"evenodd\" clip-rule=\"evenodd\" d=\"M12.7534 5.6012H10.1664V11.422H5.85498L11.4559 21.1231L17.0568 11.422H12.7534V5.6012Z\" fill=\"black\"><\/path><\/svg>\t\t\t\t<\/a>\n\t\t\t<\/div>\n\t\t\t\n\t\t\t\t\t\t<div class=\"elementor-icon-box-content\">\n\n\t\t\t\t\t\t\t\t\t<h3 class=\"elementor-icon-box-title\">\n\t\t\t\t\t\t<a href=\"\/wp-content\/uploads\/2025\/08\/zamowienie-pokrycia-markizy.odt\" target=\"_blank\" >\n\t\t\t\t\t\t\t Druk zam\u00f3wienia pokrycia markizy\t\t\t\t\t\t<\/a>\n\t\t\t\t\t<\/h3>\n\t\t\t\t\n\t\t\t\t\n\t\t\t<\/div>\n\t\t\t\n\t\t<\/div>\n\t\t\t\t\t\t<\/div>\n\t\t\t\t<\/div>\n\t\t\t\t<div class=\"elementor-element elementor-element-4d1364c elementor-position-inline-start elementor-view-default elementor-mobile-position-block-start elementor-widget elementor-widget-icon-box\" data-id=\"4d1364c\" data-element_type=\"widget\" data-widget_type=\"icon-box.default\">\n\t\t\t\t<div class=\"elementor-widget-container\">\n\t\t\t\t\t\t\t<div class=\"elementor-icon-box-wrapper\">\n\n\t\t\t\t\t\t<div class=\"elementor-icon-box-icon\">\n\t\t\t\t<a href=\"\/wp-content\/uploads\/2025\/08\/diy-wymiana-pokrycia-markizy.pdf\" target=\"_blank\" class=\"elementor-icon\" tabindex=\"-1\" aria-label=\"Instrukcja wymiany pokrycia markizowego\">\n\t\t\t\t<svg xmlns=\"http:\/\/www.w3.org\/2000\/svg\" width=\"38\" height=\"45\" viewbox=\"0 0 38 45\" fill=\"none\"><path d=\"M34.049 10.063L27.5333 3.54725C25.2369 1.25087 22.1938 0 18.9452 0H8.65821C4.02812 0 0.256836 3.77128 0.256836 8.40138V36.406C0.256836 41.0361 4.02812 44.8073 8.65821 44.8073H29.1949C33.825 44.8073 37.5963 41.0361 37.5963 36.406V18.6511C37.5963 15.4025 36.3267 12.3594 34.049 10.063ZM32.7235 11.3885C33.7503 12.4154 34.5345 13.6289 35.0385 14.9358H25.461C23.9114 14.9358 22.6605 13.6849 22.6605 12.1353V2.55775C23.9861 3.06183 25.1809 3.84596 26.2078 4.8728L32.7235 11.3885ZM35.7293 36.406C35.7293 40.0092 32.7982 42.9404 29.1949 42.9404H8.65821C5.05496 42.9404 2.12381 40.0092 2.12381 36.406V8.40138C2.12381 4.79812 5.05496 1.86697 8.65821 1.86697H18.9452C19.5613 1.86697 20.1774 1.92298 20.7935 2.035V12.1353C20.7935 14.7117 22.8845 16.8028 25.461 16.8028H35.5613C35.6733 17.4002 35.7293 18.0163 35.7293 18.6511V36.406ZM9.53569 24.2706H7.72473C6.69789 24.2706 5.85775 25.1108 5.85775 26.1376V34.539C5.85775 35.0617 6.26849 35.4725 6.79124 35.4725C7.31399 35.4725 7.72473 35.0617 7.72473 34.539V31.7385H9.53569C11.608 31.7385 13.2883 30.0209 13.2883 27.9672C13.2883 25.9136 11.608 24.2706 9.53569 24.2706ZM9.53569 29.8716H7.72473V26.1376H9.53569C10.5812 26.1376 11.4213 26.9591 11.4213 27.9672C11.4213 28.9754 10.5625 29.8716 9.53569 29.8716ZM18.9266 24.2706C18.9266 24.2706 17.9744 24.2706 17.0596 24.2706C16.0328 24.2706 15.1926 25.1108 15.1926 26.1376V33.6055C15.1926 34.6323 16.0328 35.4725 17.0596 35.4725C17.9557 35.4725 18.8706 35.4725 18.9266 35.4725C20.9989 35.4725 22.6605 33.8109 22.6605 31.7759V27.9859C22.6605 25.9509 20.9989 24.2893 18.9266 24.2893V24.2706ZM20.7935 31.7759C20.7935 32.7654 19.9907 33.5682 19.0012 33.6055H17.0596V26.1376H19.0012C19.9907 26.175 20.7935 26.9964 20.7935 27.9672V31.7572V31.7759ZM31.9954 25.2041C31.9954 25.7269 31.5846 26.1376 31.0619 26.1376H26.3945V29.8716H29.1949C29.7177 29.8716 30.1284 30.2823 30.1284 30.805C30.1284 31.3278 29.7177 31.7385 29.1949 31.7385H26.3945V34.539C26.3945 35.0617 25.9837 35.4725 25.461 35.4725C24.9382 35.4725 24.5275 35.0617 24.5275 34.539V26.1376C24.5275 25.1108 25.3676 24.2706 26.3945 24.2706H31.0619C31.5846 24.2706 31.9954 24.6814 31.9954 25.2041Z\" fill=\"black\"><\/path><path fill-rule=\"evenodd\" clip-rule=\"evenodd\" d=\"M12.7534 5.6012H10.1664V11.422H5.85498L11.4559 21.1231L17.0568 11.422H12.7534V5.6012Z\" fill=\"black\"><\/path><\/svg>\t\t\t\t<\/a>\n\t\t\t<\/div>\n\t\t\t\n\t\t\t\t\t\t<div class=\"elementor-icon-box-content\">\n\n\t\t\t\t\t\t\t\t\t<h3 class=\"elementor-icon-box-title\">\n\t\t\t\t\t\t<a href=\"\/wp-content\/uploads\/2025\/08\/diy-wymiana-pokrycia-markizy.pdf\" target=\"_blank\" >\n\t\t\t\t\t\t\tInstrukcja wymiany pokrycia markizowego\t\t\t\t\t\t<\/a>\n\t\t\t\t\t<\/h3>\n\t\t\t\t\n\t\t\t\t\n\t\t\t<\/div>\n\t\t\t\n\t\t<\/div>\n\t\t\t\t\t\t<\/div>\n\t\t\t\t<\/div>\n\t\t\t\t\t<\/div>\n\t\t\t\t<\/div>\n\t\t\t\t<\/div>","protected":false},"excerpt":{"rendered":"<p>Dokumenty \u00a0 Informacje dotycz\u0105ce korzystania z prawa odst\u0105pienia od umowy Fromularz reklamacyjny Wz\u00f3r formularza odst\u0105pienia od umowy Druk zam\u00f3wienia pokrycia markizy Instrukcja wymiany pokrycia markizowego<\/p>","protected":false},"author":1,"featured_media":0,"parent":0,"menu_order":0,"comment_status":"closed","ping_status":"closed","template":"","meta":{"_acf_changed":false,"footnotes":""},"class_list":["post-2195","page","type-page","status-publish","hentry"],"acf":[],"_links":{"self":[{"href":"https:\/\/sakoplan.pl\/de\/wp-json\/wp\/v2\/pages\/2195","targetHints":{"allow":["GET"]}}],"collection":[{"href":"https:\/\/sakoplan.pl\/de\/wp-json\/wp\/v2\/pages"}],"about":[{"href":"https:\/\/sakoplan.pl\/de\/wp-json\/wp\/v2\/types\/page"}],"author":[{"embeddable":true,"href":"https:\/\/sakoplan.pl\/de\/wp-json\/wp\/v2\/users\/1"}],"replies":[{"embeddable":true,"href":"https:\/\/sakoplan.pl\/de\/wp-json\/wp\/v2\/comments?post=2195"}],"version-history":[{"count":0,"href":"https:\/\/sakoplan.pl\/de\/wp-json\/wp\/v2\/pages\/2195\/revisions"}],"wp:attachment":[{"href":"https:\/\/sakoplan.pl\/de\/wp-json\/wp\/v2\/media?parent=2195"}],"curies":[{"name":"wp","href":"https:\/\/api.w.org\/{rel}","templated":true}]}}